{"id":202304,"date":"2026-03-02T11:55:19","date_gmt":"2026-03-02T10:55:19","guid":{"rendered":"https:\/\/fitshaker.sk\/eshop\/?post_type=product&#038;p=202304"},"modified":"2026-04-27T17:31:55","modified_gmt":"2026-04-27T15:31:55","slug":"protismykova-podlozka-na-cvicenie-light-vypredaj","status":"publish","type":"product","link":"https:\/\/fitshaker.sk\/eshop\/produkt\/protismykova-podlozka-na-cvicenie-light-vypredaj","title":{"rendered":"Proti\u0161mykov\u00e1 podlo\u017eka na cvi\u010denie LIGHT &#8211; fialov\u00e1 (2. akos\u0165)"},"content":{"rendered":"<p><strong>Podlo\u017eka na cvi\u010denie Light:<\/strong><\/p>\n<ul>\n<li><strong>\u013eahk\u00e1 podlo\u017eka s v\u00e1hou 1,25 kg<\/strong><\/li>\n<li><strong>tenk\u00e1 s hr\u00fabkou 1,5 mm<\/strong><\/li>\n<li><strong>rozmery 185 cm x 68 cm x 0,15 cm (d\u013a\u017eka x \u0161\u00edrka x hr\u00fabka)<\/strong><\/li>\n<li><strong>dokonale pri\u013enav\u00e1 a proti\u0161mykov\u00e1<\/strong><\/li>\n<li><strong>POZOR! S\u00fa\u010das\u0165ou balenia je aj Fitshaker vak na prenos podlo\u017eky v hodnote 12 \u20ac ako dar\u010dek!<\/strong><\/li>\n<li><strong>ide\u00e1lna na cesty<\/strong><\/li>\n<li><strong>povrch sa \u013eahko \u010dist\u00ed<\/strong><\/li>\n<li><strong>jednoduch\u00fd, minimalistick\u00fd dizajn vhodn\u00fd pre ka\u017ed\u00e9ho<\/strong><\/li>\n<\/ul>\n<p>&nbsp;<\/p>\n<p>Light proti\u0161mykov\u00e1 <strong>podlo\u017eka s gumenou spodnou vrstvou sa neroluje, nekr\u010d\u00ed, dokonale kop\u00edruje rovn\u00fd tvrd\u00fd<\/strong> povrch. Je <strong>ide\u00e1lna na jogu,<\/strong> rovnov\u00e1\u017ene a statick\u00e9 poz\u00edcie, ke\u010f\u017ee noha sa\u00a0 nepon\u00e1ra do m\u00e4kkej podlo\u017eky a je stabilnej\u0161ia.<\/p>\n<p>Z\u00e1rove\u0148 je v\u0161ak <strong>perfektn\u00e1 na ak\u010dn\u00fd a dynamick\u00fd tr\u00e9ning<\/strong>, preto\u017ee sa neh\u00fdbe a dr\u017e\u00ed na podlahe ako prilepen\u00e1.<\/p>\n<p>Je vhodn\u00e1 na cvi\u010denie predov\u0161etk\u00fdm na rovnej podlahe, ke\u010f\u017ee toto tenk\u00e9 predvedenie podlo\u017eky kop\u00edruje nerovnosti. Nie je vhodn\u00e1 na koberec. <strong>Ak h\u013ead\u00e1\u0161 podlo\u017eku na m\u00e4k\u0161\u00ed povrch, <a href=\"https:\/\/fitshaker.sk\/eshop\/podlozka-na-cvicenie\">pozri si na\u0161u ob\u013e\u00faben\u00fa kvalitn\u00fa proti\u0161mykov\u00fa podlo\u017eku s hr\u00fabkou 4 mm.<\/a>\u00a0<\/strong><\/p>\n<p>Tentoraz sme zvolili hladk\u00fd <strong>jednofarebn\u00fd dizajn s vygrav\u00edrovan\u00fdm logom<\/strong> <strong>Fitshaker <\/strong>pre t\u00fdch, \u010do miluj\u00fa jednoduchos\u0165. <strong>Podlo\u017eky maj\u00fa vrchn\u00fa polyuret\u00e1nov\u00fa vrstvu, ktor\u00e1 dobre tlm\u00ed a m\u00e1 vysok\u00fa odolnos\u0165 vo\u010di opotrebeniu, preto sa aj v\u00fdborne \u010dist\u00ed. <\/strong>Nemus\u00ed\u0161 sa teda ob\u00e1va\u0165 zobra\u0165 ju aj na cesty a da\u0165 jej poriadne zabra\u0165.<\/p>\n<p>Balenie obsahuje <strong>praktick\u00fd bavlnen\u00fd vak na jogamatku s pos\u00favate\u013en\u00fdm ramienkom v hodnote 12 \u20ac ako dar\u010dek!<\/strong><\/p>\n<p>Tak si po\u010f zamaka\u0165, zober podlo\u017eku na plece a u\u017e \u017eiadne v\u00fdhovorky\ud83d\ude18!<\/p>\n<p>&nbsp;<\/p>\n<p><strong>\ud83d\udce2 <em>INFO O DORU\u010cEN\u00cd<\/em> \ud83d\ude9a\ud83e\udd17:<\/strong><br \/>\n<em><strong>Podlo\u017eka chod\u00ed v\u017edy zabalen\u00e1 v samostatnom bal\u00ed\u010dku.<br \/>\nAk si teda od n\u00e1s objedn\u00e1\u0161 viac veci\u010diek, pr\u00eddu ti 2 bal\u00ed\u010dky. Niekedy sa m\u00f4\u017ee sta\u0165, \u017ee sa tieto bal\u00ed\u010dky v triediacom centre prepravnej spolo\u010dnosti rozdelia a nepr\u00eddu ti naraz. Ale nemus\u00ed\u0161 ma\u0165 obavy<\/strong><\/em><strong>\ud83d\ude09<\/strong><em><strong>, aj druh\u00fd bal\u00ed\u010dek ti ur\u010dite doraz\u00ed, v\u00e4\u010d\u0161inou v nasleduj\u00faci pracovn\u00fd de\u0148.<\/strong><\/em><\/p>\n","protected":false},"excerpt":{"rendered":"<p><strong>V\u00fdrazn\u00e1 z\u013eava s chybi\u010dkou kr\u00e1sy!<\/strong><br \/>\nNa sklade m\u00e1me p\u00e1r podlo\u017eiek na cvi\u010denie, ktor\u00e9 s\u00fa <strong>plne funk\u010dn\u00e9, kvalitn\u00e9 a pripraven\u00e9 na ka\u017ed\u00fd tr\u00e9ning \u2013 jedin\u00fd rozdiel je mal\u00e1 vizu\u00e1lna nedokonalos\u0165.<\/strong><br \/>\n<strong>Na podlo\u017ek\u00e1ch s\u00fa jemn\u00e9 p\u00e1sy\/f\u013eaky<\/strong>, ktor\u00e9 vznikli pri skladovan\u00ed, ke\u010f boli podlo\u017eky dlh\u0161ie zato\u010den\u00e9. <strong>Na niektor\u00fdch podlo\u017ek\u00e1ch s\u00fa viac vidite\u013en\u00e9, na niektor\u00fdch menej (vi\u010f foto).<\/strong><br \/>\n<strong>Na funk\u010dnos\u0165, komfort ani \u017eivotnos\u0165 to nem\u00e1 \u017eiadny vplyv.<\/strong> Ak ti neprek\u00e1\u017ea mal\u00e1 estetick\u00e1 chybi\u010dka, m\u00f4\u017ee\u0161 z\u00edska\u0165 podlo\u017eku za v\u00fdrazne zn\u00ed\u017een\u00fa cenu.<br \/>\n<strong>Navy\u0161e s\u00fa\u010das\u0165ou podlo\u017eky je aj plne funk\u010dn\u00fd, nepo\u0161koden\u00fd vak na podlo\u017eku.<\/strong><br \/>\n<strong>Upozornenie: Ke\u010f\u017ee ide o tovar so zoh\u013eadnenou estetickou vadou, na podlo\u017eku sa nevz\u0165ahuje mo\u017enos\u0165 reklam\u00e1cie z d\u00f4vodu tejto chyby.<\/strong><\/p>\n","protected":false},"featured_media":162561,"comment_status":"open","ping_status":"closed","template":"","meta":{"_acf_changed":false},"product_cat":[215],"product_tag":[],"bundle_layout":"","bundled_by":[],"bundled_items":[],"acf":[],"_links":{"self":[{"href":"https:\/\/fitshaker.sk\/eshop\/wp-json\/wp\/v2\/product\/202304"}],"collection":[{"href":"https:\/\/fitshaker.sk\/eshop\/wp-json\/wp\/v2\/product"}],"about":[{"href":"https:\/\/fitshaker.sk\/eshop\/wp-json\/wp\/v2\/types\/product"}],"replies":[{"embeddable":true,"href":"https:\/\/fitshaker.sk\/eshop\/wp-json\/wp\/v2\/comments?post=202304"}],"wp:featuredmedia":[{"embeddable":true,"href":"https:\/\/fitshaker.sk\/eshop\/wp-json\/wp\/v2\/media\/162561"}],"wp:attachment":[{"href":"https:\/\/fitshaker.sk\/eshop\/wp-json\/wp\/v2\/media?parent=202304"}],"wp:term":[{"taxonomy":"product_cat","embeddable":true,"href":"https:\/\/fitshaker.sk\/eshop\/wp-json\/wp\/v2\/product_cat?post=202304"},{"taxonomy":"product_tag","embeddable":true,"href":"https:\/\/fitshaker.sk\/eshop\/wp-json\/wp\/v2\/product_tag?post=202304"}],"curies":[{"name":"wp","href":"https:\/\/api.w.org\/{rel}","templated":true}]}}