{"id":199364,"date":"2026-01-14T16:05:31","date_gmt":"2026-01-14T15:05:31","guid":{"rendered":"https:\/\/fitshaker.sk\/eshop\/?post_type=product&#038;p=199364"},"modified":"2026-01-28T12:53:14","modified_gmt":"2026-01-28T11:53:14","slug":"vzorovy-jedalnicek-lahsie-telo-silnejsia-imunita","status":"publish","type":"product","link":"https:\/\/fitshaker.sk\/eshop\/produkt\/vzorovy-jedalnicek-lahsie-telo-silnejsia-imunita","title":{"rendered":"[E-book] Vzorov\u00fd jed\u00e1lni\u010dek na 14 dn\u00ed: \u013dah\u0161ie telo, silnej\u0161ia imunita"},"content":{"rendered":"<p><strong>Za\u010dni nov\u00fd rok l\u00e1skavo k sebe.<\/strong><\/p>\n<p><strong>Tento 14-d\u0148ov\u00fd vzorov\u00fd jed\u00e1lni\u010dek je ako stvoren\u00fd na janu\u00e1r po sviatkoch<\/strong> \u2013 obdobie, ke\u010f si telo p\u00fdta \u00fa\u013eavu, teplo a kvalitn\u00e9 \u017eiviny.<br \/>\n<strong>Podporuje imunitu v zimnom obdob\u00ed<\/strong>, pom\u00e1ha c\u00edti\u0165 sa \u013eah\u0161ie a vracia telu prirodzen\u00fa rovnov\u00e1hu bez extr\u00e9mov a tlaku.<\/p>\n<p>Z\u00e1rove\u0148 v\u0161ak nejde o jed\u00e1lni\u010dek \u201elen na chv\u00ed\u013eu\u201c. <strong>V\u010faka vyv\u00e1\u017een\u00fdm, chutn\u00fdm a jednoducho kombinovate\u013en\u00fdm jedl\u00e1m ho vyu\u017eije\u0161 aj po\u010das cel\u00e9ho roka<\/strong> <strong>ako spo\u013eahliv\u00fd z\u00e1klad zdrav\u00e9ho varenia<\/strong>. Recepty sa z\u00e1merne opakuj\u00fa, aby ti \u0161etrili \u010das, energiu aj rozhodovanie v kuchyni.<\/p>\n<p>Nie je o obmedzovan\u00ed ani o pr\u00edsnych pravidl\u00e1ch. Je o po\u010d\u00favan\u00ed vlastn\u00e9ho tela, o slobode prisp\u00f4sobi\u0165 si porcie aj jedl\u00e1 pod\u013ea seba a o radosti z jedla, ktor\u00e9 zahreje, zas\u00fdti a dod\u00e1 energiu.<\/p>\n<p>Jedz s pokojom, bez stresu a s pocitom, \u017ee rob\u00ed\u0161 pre seba nie\u010do dobr\u00e9 \u2013 v janu\u00e1ri aj kedyko\u013evek po\u010das roka.<\/p>\n<p><strong>Benefity jed\u00e1lni\u010dka:<\/strong><\/p>\n<p>\u2714 podporuje imunitu v n\u00e1ro\u010dnom zimnom obdob\u00ed<br \/>\n\u2714 pom\u00e1ha c\u00edti\u0165 sa \u013eah\u0161ie, svie\u017eej\u0161ie a energickej\u0161ie<br \/>\n\u2714 vyv\u00e1\u017een\u00e9, chutn\u00e9 a jednoducho kombinovate\u013en\u00e9 jedl\u00e1<br \/>\n\u2714 recepty sa z\u00e1merne opakuj\u00fa \u2013 \u0161etria \u010das aj energiu<br \/>\n\u2714 mo\u017enos\u0165 prisp\u00f4sobi\u0165 si porcie aj jedl\u00e1 pod\u013ea seba<br \/>\n\u2714 bez tlaku, bez di\u00e9t, bez stresu<br \/>\n\u2714 jed\u00e1lni\u010dek, ktor\u00fd podporuje pohodu tela aj mysle<\/p>\n<p>Jed\u00e1lni\u010dek ti pr\u00edde po objednan\u00ed na email vo forme e-booku, kde si ho m\u00f4\u017ee\u0161 stiahnu\u0165.<\/p>\n<p>&nbsp;<\/p>\n","protected":false},"excerpt":{"rendered":"<p>14-d\u0148ov\u00fd vzorov\u00fd jed\u00e1lni\u010dek pln\u00fd vyv\u00e1\u017een\u00fdch jed\u00e1l, ktor\u00e9 podporia imunitu, u\u013eah\u010dia tr\u00e1venie a pom\u00f4\u017eu ti c\u00edti\u0165 sa \u013eah\u0161ie a pln\u00e1 energie \u2013 bez stresu a extr\u00e9mov.<br \/>\n<a href=\"https:\/\/fitshaker.sk\/\">Ke\u010f sa stane\u0161 na\u0161im PREMIUM \u010dlenom<\/a>, m\u00f4\u017ee\u0161 si tento jed\u00e1lni\u010dek stiahnu\u0165 ZADARMO!<\/p>\n","protected":false},"featured_media":199374,"comment_status":"closed","ping_status":"closed","template":"","meta":{"_acf_changed":false},"product_cat":[211],"product_tag":[],"bundle_layout":"","bundled_by":[],"bundled_items":[],"acf":[],"_links":{"self":[{"href":"https:\/\/fitshaker.sk\/eshop\/wp-json\/wp\/v2\/product\/199364"}],"collection":[{"href":"https:\/\/fitshaker.sk\/eshop\/wp-json\/wp\/v2\/product"}],"about":[{"href":"https:\/\/fitshaker.sk\/eshop\/wp-json\/wp\/v2\/types\/product"}],"replies":[{"embeddable":true,"href":"https:\/\/fitshaker.sk\/eshop\/wp-json\/wp\/v2\/comments?post=199364"}],"wp:featuredmedia":[{"embeddable":true,"href":"https:\/\/fitshaker.sk\/eshop\/wp-json\/wp\/v2\/media\/199374"}],"wp:attachment":[{"href":"https:\/\/fitshaker.sk\/eshop\/wp-json\/wp\/v2\/media?parent=199364"}],"wp:term":[{"taxonomy":"product_cat","embeddable":true,"href":"https:\/\/fitshaker.sk\/eshop\/wp-json\/wp\/v2\/product_cat?post=199364"},{"taxonomy":"product_tag","embeddable":true,"href":"https:\/\/fitshaker.sk\/eshop\/wp-json\/wp\/v2\/product_tag?post=199364"}],"curies":[{"name":"wp","href":"https:\/\/api.w.org\/{rel}","templated":true}]}}