{"id":192159,"date":"2025-09-11T13:00:37","date_gmt":"2025-09-11T11:00:37","guid":{"rendered":"https:\/\/fitshaker.sk\/eshop\/?post_type=product&#038;p=192159"},"modified":"2026-03-19T20:02:16","modified_gmt":"2026-03-19T19:02:16","slug":"kozmeticka-tasticka-fitshaker-cz","status":"publish","type":"product","link":"https:\/\/fitshaker.sk\/eshop\/produkt\/kozmeticka-tasticka-fitshaker-cz","title":{"rendered":"Kozmetick\u00e1 ta\u0161ti\u010dka Fitshaker (\u010desk\u00fd text)"},"content":{"rendered":"<p>Bavlnen\u00e1 kozmetick\u00e1 ta\u0161ti\u010dka \u2013 praktick\u00e1 a \u0161t\u00fdlov\u00e1 pomocn\u00ed\u010dka na cesty aj do ka\u017edodenn\u00e9ho \u017eivota.<\/p>\n<p>Je vyroben\u00e1 z kvalitnej fairtrade bavlny v pr\u00edrodnej b\u00e9\u017eovej farbe, ktor\u00e1 p\u00f4sob\u00ed nad\u010dasovo. Ta\u0161ti\u010dka sa uzatv\u00e1ra na zips.<\/p>\n<p>S rozmerom <strong>24 \u00d7 6 \u00d7 17 cm<\/strong> pon\u00faka dostatok priestoru na kozmetiku, drobnosti \u010di osobn\u00e9 veci, ktor\u00e9 chce\u0161 ma\u0165 v\u017edy po ruke.<\/p>\n<p>Unik\u00e1tnym detailom je motiva\u010dn\u00e1 potla\u010d v \u010de\u0161tine\u00a0<strong>\u201eBu\u010f si oporou, kterou jsi tak dlouho hledala jinde.\u201c<\/strong>, ktor\u00e1 ti ka\u017ed\u00fd de\u0148 pripomenie tvoju vn\u00fatorn\u00fa silu a povzbud\u00ed \u0165a, nech si kdeko\u013evek.<\/p>\n<p>Materi\u00e1l: bavlna<br \/>\nRozmer 24 x 6 x 17 cm (d x \u0161 x v)<\/p>\n","protected":false},"excerpt":{"rendered":"<p>\u0160t\u00fdlov\u00e1 kozmetick\u00e1 ta\u0161ti\u010dka z fairtrade bavlny v pr\u00edrodnej b\u00e9\u017eovej farbe s motiva\u010dnou potla\u010dou.<br \/>\nPraktick\u00fd rozmer 24 \u00d7 6 \u00d7 17 cm, ide\u00e1lna na kozmetiku a drobnosti.<br \/>\nNa sklade je obmedzen\u00e9 mno\u017estvo, tak nev\u00e1haj a uchmatni si t\u00fa svoju\ud83e\udd17!<\/p>\n","protected":false},"featured_media":192530,"comment_status":"open","ping_status":"closed","template":"","meta":{"_acf_changed":false},"product_cat":[215],"product_tag":[],"bundle_layout":"","bundled_by":[],"bundled_items":[],"acf":[],"_links":{"self":[{"href":"https:\/\/fitshaker.sk\/eshop\/wp-json\/wp\/v2\/product\/192159"}],"collection":[{"href":"https:\/\/fitshaker.sk\/eshop\/wp-json\/wp\/v2\/product"}],"about":[{"href":"https:\/\/fitshaker.sk\/eshop\/wp-json\/wp\/v2\/types\/product"}],"replies":[{"embeddable":true,"href":"https:\/\/fitshaker.sk\/eshop\/wp-json\/wp\/v2\/comments?post=192159"}],"wp:featuredmedia":[{"embeddable":true,"href":"https:\/\/fitshaker.sk\/eshop\/wp-json\/wp\/v2\/media\/192530"}],"wp:attachment":[{"href":"https:\/\/fitshaker.sk\/eshop\/wp-json\/wp\/v2\/media?parent=192159"}],"wp:term":[{"taxonomy":"product_cat","embeddable":true,"href":"https:\/\/fitshaker.sk\/eshop\/wp-json\/wp\/v2\/product_cat?post=192159"},{"taxonomy":"product_tag","embeddable":true,"href":"https:\/\/fitshaker.sk\/eshop\/wp-json\/wp\/v2\/product_tag?post=192159"}],"curies":[{"name":"wp","href":"https:\/\/api.w.org\/{rel}","templated":true}]}}