{"id":184401,"date":"2025-06-26T18:29:44","date_gmt":"2025-06-26T16:29:44","guid":{"rendered":"https:\/\/fitshaker.sk\/eshop\/?post_type=product&#038;p=184401"},"modified":"2026-04-10T13:27:08","modified_gmt":"2026-04-10T11:27:08","slug":"snacknutka-marhula-a-malina-akcia","status":"publish","type":"product","link":"https:\/\/fitshaker.sk\/eshop\/produkt\/snacknutka-marhula-a-malina-akcia","title":{"rendered":"Snacknutka Marhu\u013ea a malina 50g 5ks"},"content":{"rendered":"<p>Snacknutka bude tvoj\u00edm par\u0165\u00e1kom na letn\u00e9 v\u00fdlety, turistiku, ale aj do pr\u00e1ce \u010di na cesty.<\/p>\n<p><strong>Dokonal\u00e1 pr\u00edchu\u0165ou, ve\u013ekos\u0165ou aj zlo\u017een\u00edm. <\/strong>Sta\u010d\u00ed hodi\u0165 do kabelky \u010di ruksaku \ud83c\udf92.<\/p>\n<p>Do ty\u010diniek sme vybrali tie najlep\u0161ie ingrediencie. <strong>Pr\u00edchute s\u00fa in\u0161pirovan\u00e9 bestsellermi \u2013 Fitnutkami a ka\u0161ami, ktor\u00e9 milujete. <\/strong>Samozrejmos\u0165ou s\u00fa vyv\u00e1\u017een\u00e9 v\u00fd\u017eivov\u00e9 hodnoty.<\/p>\n<p><strong>Snacknutka Marhu\u013ea a malina \u2013 veg\u00e1nska ty\u010dinka s dat\u013eami, mrazom su\u0161en\u00fdmi malinami, su\u0161en\u00fdmi marhu\u013eami a orechmi. Bezglut\u00e9nov\u00e1. Bez pridan\u00e9ho cukru. Bez sladidiel.<\/strong><\/p>\n<p><img loading=\"lazy\" decoding=\"async\" class=\"alignnone wp-image-166898\" src=\"https:\/\/fitshaker.sk\/eshop\/wp-content\/uploads\/2024\/07\/Snacknutky-zdrave.tycinky.jpg\" alt=\"\" width=\"400\" height=\"600\" srcset=\"https:\/\/fitshaker.sk\/eshop\/wp-content\/uploads\/2024\/07\/Snacknutky-zdrave.tycinky.jpg 1024w, https:\/\/fitshaker.sk\/eshop\/wp-content\/uploads\/2024\/07\/Snacknutky-zdrave.tycinky-200x300.jpg 200w, https:\/\/fitshaker.sk\/eshop\/wp-content\/uploads\/2024\/07\/Snacknutky-zdrave.tycinky-595x893.jpg 595w, https:\/\/fitshaker.sk\/eshop\/wp-content\/uploads\/2024\/07\/Snacknutky-zdrave.tycinky-332x498.jpg 332w, https:\/\/fitshaker.sk\/eshop\/wp-content\/uploads\/2024\/07\/Snacknutky-zdrave.tycinky-768x1152.jpg 768w, https:\/\/fitshaker.sk\/eshop\/wp-content\/uploads\/2024\/07\/Snacknutky-zdrave.tycinky-450x675.jpg 450w, https:\/\/fitshaker.sk\/eshop\/wp-content\/uploads\/2024\/07\/Snacknutky-zdrave.tycinky-350x525.jpg 350w\" sizes=\"(max-width: 400px) 100vw, 400px\" \/> <img loading=\"lazy\" decoding=\"async\" class=\"alignnone wp-image-165387\" src=\"https:\/\/fitshaker.sk\/eshop\/wp-content\/uploads\/2024\/07\/Snacknutka-Marhula-a-malina-scaled-e1737992957914.jpg\" alt=\"datlova tycinka s ovocim\" width=\"446\" height=\"600\" srcset=\"https:\/\/fitshaker.sk\/eshop\/wp-content\/uploads\/2024\/07\/Snacknutka-Marhula-a-malina-scaled-e1737992957914.jpg 1267w, https:\/\/fitshaker.sk\/eshop\/wp-content\/uploads\/2024\/07\/Snacknutka-Marhula-a-malina-scaled-e1737992957914-223x300.jpg 223w, https:\/\/fitshaker.sk\/eshop\/wp-content\/uploads\/2024\/07\/Snacknutka-Marhula-a-malina-scaled-e1737992957914-595x801.jpg 595w, https:\/\/fitshaker.sk\/eshop\/wp-content\/uploads\/2024\/07\/Snacknutka-Marhula-a-malina-scaled-e1737992957914-370x498.jpg 370w, https:\/\/fitshaker.sk\/eshop\/wp-content\/uploads\/2024\/07\/Snacknutka-Marhula-a-malina-scaled-e1737992957914-768x1034.jpg 768w, https:\/\/fitshaker.sk\/eshop\/wp-content\/uploads\/2024\/07\/Snacknutka-Marhula-a-malina-scaled-e1737992957914-1141x1536.jpg 1141w, https:\/\/fitshaker.sk\/eshop\/wp-content\/uploads\/2024\/07\/Snacknutka-Marhula-a-malina-scaled-e1737992957914-450x606.jpg 450w, https:\/\/fitshaker.sk\/eshop\/wp-content\/uploads\/2024\/07\/Snacknutka-Marhula-a-malina-scaled-e1737992957914-350x471.jpg 350w\" sizes=\"(max-width: 446px) 100vw, 446px\" \/>\u00a0<img loading=\"lazy\" decoding=\"async\" class=\"alignnone wp-image-166896\" src=\"https:\/\/fitshaker.sk\/eshop\/wp-content\/uploads\/2024\/07\/Snacknuta-fitshaker-tycinka.jpg\" alt=\"\" width=\"400\" height=\"600\" srcset=\"https:\/\/fitshaker.sk\/eshop\/wp-content\/uploads\/2024\/07\/Snacknuta-fitshaker-tycinka.jpg 1024w, https:\/\/fitshaker.sk\/eshop\/wp-content\/uploads\/2024\/07\/Snacknuta-fitshaker-tycinka-200x300.jpg 200w, https:\/\/fitshaker.sk\/eshop\/wp-content\/uploads\/2024\/07\/Snacknuta-fitshaker-tycinka-595x893.jpg 595w, https:\/\/fitshaker.sk\/eshop\/wp-content\/uploads\/2024\/07\/Snacknuta-fitshaker-tycinka-332x498.jpg 332w, https:\/\/fitshaker.sk\/eshop\/wp-content\/uploads\/2024\/07\/Snacknuta-fitshaker-tycinka-768x1152.jpg 768w, https:\/\/fitshaker.sk\/eshop\/wp-content\/uploads\/2024\/07\/Snacknuta-fitshaker-tycinka-450x675.jpg 450w, https:\/\/fitshaker.sk\/eshop\/wp-content\/uploads\/2024\/07\/Snacknuta-fitshaker-tycinka-350x525.jpg 350w\" sizes=\"(max-width: 400px) 100vw, 400px\" \/><\/p>\n<h3>Zlo\u017eenie:<\/h3>\n<p>datle 65 %, maliny su\u0161en\u00e9 mrazom 13 %, su\u0161en\u00e9 marhule 7 %, orechy <strong>ke\u0161u<\/strong> 5 %<u>,<\/u> kokos, kakao, kakaov\u00e9 b\u00f4by<\/p>\n<p>&nbsp;<\/p>\n<h3>V\u00fd\u017eivov\u00e9 \u00fadaje na 100 g (na 50 g)<\/h3>\n<p>energia 1385 KJ\/331 kcal (693 KJ\/166 kcal)<br \/>\ntuky 7,6 g (3,8 g), z toho nas\u00fdten\u00e9 mastn\u00e9 kyseliny 3,9 g (2 g)<br \/>\nsacharidy 53,3 g (26,7 g), z toho cukry 43,2 g (21,6 g)<br \/>\nvl\u00e1knina 15,5 g (7,8 g)<br \/>\nbielkoviny: 4,9 g (2,5 g)<br \/>\nso\u013e 0 g (0 g)<\/p>\n<p>&nbsp;<\/p>\n<p><strong>Balenie obsahuje 1 porciu (50 g).<\/strong><\/p>\n<p><strong>Vyroben\u00e9 v \u010ceskej republike.<\/strong><\/p>\n<p><strong>Skladovanie:<\/strong> Skladujte v\u00a0suchu a v\u00a0tme, chr\u00e1\u0148te pred teplom. Po otvoren\u00ed ur\u010den\u00e9 na okam\u017eit\u00fa spotrebu.<\/p>\n<p>&nbsp;<\/p>\n<p><strong>\u261d\ufe0f<\/strong><strong> Neprehliadni ani \u010fal\u0161ie pr\u00edchute Snacknutiek! <\/strong><\/p>\n<ul>\n<li>ovocn\u00e9 aj orechov\u00e9<\/li>\n<li>veg\u00e1nske, bezlepkov\u00e9, s vysok\u00fdm obsahom vl\u00e1kniny aj prote\u00ednov\u00e9<\/li>\n<li>bez pridan\u00e9ho cukru a sladidiel<\/li>\n<li>prudko n\u00e1vykov\u00e9<\/li>\n<\/ul>\n<p>&nbsp;<\/p>\n","protected":false},"excerpt":{"rendered":"<p><strong>Ovocn\u00e1, svie\u017ea, sladk\u00e1 a absol\u00fatne unik\u00e1tna. <\/strong>Tak\u00e1 je \u201ena ty\u010dinku premenen\u00e1\u201c milovan\u00e1 Fitshaker kakaov\u00e1 ra\u0148ajkov\u00e1 ka\u0161a s k\u00faskami marh\u00fa\u013e a mal\u00edn \ud83d\ude42.<\/p>\n<p><strong>Nak\u00fap v\u00fdhodne, 4+1 ZADRMO!<\/strong><\/p>\n<p>&nbsp;<\/p>\n<p><img loading=\"lazy\" decoding=\"async\" class=\"alignnone wp-image-171104\" src=\"https:\/\/fitshaker.sk\/eshop\/wp-content\/uploads\/2024\/12\/eshop-ikonky-produkty_Snacknutka-Marhula-a-malina-granoly.png\" alt=\"granola bez cukru\" width=\"557\" height=\"100\" srcset=\"https:\/\/fitshaker.sk\/eshop\/wp-content\/uploads\/2024\/12\/eshop-ikonky-produkty_Snacknutka-Marhula-a-malina-granoly.png 4914w, https:\/\/fitshaker.sk\/eshop\/wp-content\/uploads\/2024\/12\/eshop-ikonky-produkty_Snacknutka-Marhula-a-malina-granoly-350x63.png 350w, https:\/\/fitshaker.sk\/eshop\/wp-content\/uploads\/2024\/12\/eshop-ikonky-produkty_Snacknutka-Marhula-a-malina-granoly-595x107.png 595w, https:\/\/fitshaker.sk\/eshop\/wp-content\/uploads\/2024\/12\/eshop-ikonky-produkty_Snacknutka-Marhula-a-malina-granoly-385x69.png 385w, https:\/\/fitshaker.sk\/eshop\/wp-content\/uploads\/2024\/12\/eshop-ikonky-produkty_Snacknutka-Marhula-a-malina-granoly-768x138.png 768w, https:\/\/fitshaker.sk\/eshop\/wp-content\/uploads\/2024\/12\/eshop-ikonky-produkty_Snacknutka-Marhula-a-malina-granoly-1536x276.png 1536w, https:\/\/fitshaker.sk\/eshop\/wp-content\/uploads\/2024\/12\/eshop-ikonky-produkty_Snacknutka-Marhula-a-malina-granoly-2048x368.png 2048w, https:\/\/fitshaker.sk\/eshop\/wp-content\/uploads\/2024\/12\/eshop-ikonky-produkty_Snacknutka-Marhula-a-malina-granoly-450x81.png 450w\" sizes=\"(max-width: 557px) 100vw, 557px\" \/><\/p>\n","protected":false},"featured_media":187902,"comment_status":"open","ping_status":"closed","template":"","meta":{"_acf_changed":false},"product_cat":[213,251],"product_tag":[],"bundle_layout":"","bundled_by":[],"bundled_items":[],"acf":[],"_links":{"self":[{"href":"https:\/\/fitshaker.sk\/eshop\/wp-json\/wp\/v2\/product\/184401"}],"collection":[{"href":"https:\/\/fitshaker.sk\/eshop\/wp-json\/wp\/v2\/product"}],"about":[{"href":"https:\/\/fitshaker.sk\/eshop\/wp-json\/wp\/v2\/types\/product"}],"replies":[{"embeddable":true,"href":"https:\/\/fitshaker.sk\/eshop\/wp-json\/wp\/v2\/comments?post=184401"}],"wp:featuredmedia":[{"embeddable":true,"href":"https:\/\/fitshaker.sk\/eshop\/wp-json\/wp\/v2\/media\/187902"}],"wp:attachment":[{"href":"https:\/\/fitshaker.sk\/eshop\/wp-json\/wp\/v2\/media?parent=184401"}],"wp:term":[{"taxonomy":"product_cat","embeddable":true,"href":"https:\/\/fitshaker.sk\/eshop\/wp-json\/wp\/v2\/product_cat?post=184401"},{"taxonomy":"product_tag","embeddable":true,"href":"https:\/\/fitshaker.sk\/eshop\/wp-json\/wp\/v2\/product_tag?post=184401"}],"curies":[{"name":"wp","href":"https:\/\/api.w.org\/{rel}","templated":true}]}}