{"id":172614,"date":"2025-02-10T08:55:51","date_gmt":"2025-02-10T07:55:51","guid":{"rendered":"https:\/\/fitshaker.sk\/eshop\/?post_type=product&#038;p=172614"},"modified":"2026-03-28T08:41:41","modified_gmt":"2026-03-28T07:41:41","slug":"masazny-valec","status":"publish","type":"product","link":"https:\/\/fitshaker.sk\/eshop\/produkt\/masazny-valec","title":{"rendered":"Mas\u00e1\u017eny valec \u2013 45 cm"},"content":{"rendered":"<p><strong>Mas\u00e1\u017eny valec Fitshaker:<\/strong><\/p>\n<ul>\n<li>v\u00fdborn\u00e1 pom\u00f4cka na cvi\u010denie, regener\u00e1ciu svalov a rehabilit\u00e1ciu,<\/li>\n<li>m\u00e1 \u0161trukt\u00farovan\u00fd povrch na lep\u0161ie prekrvenie svalov \u2013 stimulovan\u00fa mas\u00e1\u017e,<\/li>\n<li>rozmer: 45 cm x 14 cm,<\/li>\n<li>odoln\u00fd pevn\u00fd materi\u00e1l s dlhou \u017eivotnos\u0165ou (EVA pena), valec je dut\u00fd a \u013eahk\u00fd,<\/li>\n<li>mas\u00e1\u017eny valec (roller) pom\u00e1ha pri bolestiv\u00fdch a nap\u00e4t\u00fdch svaloch, pri svalovici, zlep\u0161uje krvn\u00fd obeh,<\/li>\n<li>zlep\u0161uje pru\u017enos\u0165 svalov, je vhodn\u00fd napr\u00edklad aj na jogu a stre\u010ding,<\/li>\n<li>pom\u00e1ha svaly pripravi\u0165 na fyzick\u00fa z\u00e1\u0165a\u017e a uvo\u013eni\u0165 ich po n\u00e1ro\u010dnom tr\u00e9ningu,<\/li>\n<li>v\u010faka svojej ve\u013ekosti a \u0161trukt\u00fare je mas\u00e1\u017eny valec odpor\u00fa\u010danou pom\u00f4ckou aj na intenz\u00edvne uvo\u013enenie cel\u00e9ho tela, napr\u00edklad chrbta, ramien, stehien a zadku,<\/li>\n<li>mas\u00e1\u017eny valec mo\u017eno vyu\u017ei\u0165 aj v boji proti celulit\u00edde v spojen\u00ed s cvi\u010den\u00edm a so zdrav\u00fdm stravovan\u00edm.<\/li>\n<\/ul>\n<p>&nbsp;<\/p>\n<style>.embed-container { position: relative; padding-bottom: 56.25%; height: 0; overflow: hidden; max-width: 100%; } .embed-container iframe, .embed-container object, .embed-container embed { position: absolute; top: 0; left: 0; width: 100%; height: 100%; }<\/style>\n<div class=\"embed-container\"><iframe src=\"https:\/\/youtube.com\/embed\/KB4dueJ53T4\" frameborder=\"0\" allowfullscreen=\"allowfullscreen\"><span data-mce-type=\"bookmark\" style=\"display: inline-block; width: 0px; overflow: hidden; line-height: 0;\" class=\"mce_SELRES_start\">\ufeff<\/span><\/iframe><\/div>\n<p>&nbsp;<\/p>\n","protected":false},"excerpt":{"rendered":"<p>Mas\u00e1\u017eny valec je praktick\u00e1 pom\u00f4cka na cvi\u010denie, stre\u010ding, regener\u00e1ciu svalov a rehabilit\u00e1ciu.<br \/>\nRozmer: 45 cm x 14 cm.<br \/>\nNosnos\u0165: 150 kg<\/p>\n","protected":false},"featured_media":172615,"comment_status":"open","ping_status":"closed","template":"","meta":{"_acf_changed":false},"product_cat":[215],"product_tag":[],"bundle_layout":"","bundled_by":[],"bundled_items":[],"acf":[],"_links":{"self":[{"href":"https:\/\/fitshaker.sk\/eshop\/wp-json\/wp\/v2\/product\/172614"}],"collection":[{"href":"https:\/\/fitshaker.sk\/eshop\/wp-json\/wp\/v2\/product"}],"about":[{"href":"https:\/\/fitshaker.sk\/eshop\/wp-json\/wp\/v2\/types\/product"}],"replies":[{"embeddable":true,"href":"https:\/\/fitshaker.sk\/eshop\/wp-json\/wp\/v2\/comments?post=172614"}],"wp:featuredmedia":[{"embeddable":true,"href":"https:\/\/fitshaker.sk\/eshop\/wp-json\/wp\/v2\/media\/172615"}],"wp:attachment":[{"href":"https:\/\/fitshaker.sk\/eshop\/wp-json\/wp\/v2\/media?parent=172614"}],"wp:term":[{"taxonomy":"product_cat","embeddable":true,"href":"https:\/\/fitshaker.sk\/eshop\/wp-json\/wp\/v2\/product_cat?post=172614"},{"taxonomy":"product_tag","embeddable":true,"href":"https:\/\/fitshaker.sk\/eshop\/wp-json\/wp\/v2\/product_tag?post=172614"}],"curies":[{"name":"wp","href":"https:\/\/api.w.org\/{rel}","templated":true}]}}