{"id":167746,"date":"2024-12-19T07:35:18","date_gmt":"2024-12-19T06:35:18","guid":{"rendered":"https:\/\/fitshaker.sk\/eshop\/?post_type=product&#038;p=167746"},"modified":"2026-04-30T13:51:03","modified_gmt":"2026-04-30T11:51:03","slug":"ranajkove-kombo-arasidove","status":"publish","type":"product","link":"https:\/\/fitshaker.sk\/eshop\/produkt\/ranajkove-kombo-arasidove","title":{"rendered":"Ra\u0148ajkov\u00e9 kombo \u2013 ara\u0161idov\u00e9"},"content":{"rendered":"<p>Ho\u010f granolu do jogurtu alebo na ka\u0161u, pridaj 1-2 ly\u017ei\u010dky Fitnutky a posyp lyo ovoc\u00edm.<br \/>\nDokonal\u00e9 a vyv\u00e1\u017een\u00e9 ra\u0148ajky m\u00e1\u0161 za p\u00e1r min\u00fat hotov\u00e9.<\/p>\n<p>&nbsp;<\/p>\n<h3>Bal\u00ed\u010dek obsahju:<\/h3>\n<ul>\n<li>1x balenie <a href=\"https:\/\/fitshaker.sk\/eshop\/produkt\/granola-arasidovy-krem-mandle-kesu-400-g\"><strong>Granola \u2013 ara\u0161idov\u00fd kr\u00e9m, mandle, ke\u0161u 400 g<\/strong><\/a><\/li>\n<li>1x balenie <a href=\"https:\/\/fitshaker.sk\/eshop\/produkt\/fitnutka-bio-arasidy-protein\"><strong>Fitnutka: BIO ara\u0161idy a prote\u00edn 330 g<\/strong><\/a><\/li>\n<li>1x balenie <a href=\"https:\/\/fitshaker.sk\/eshop\/produkt\/lyofilizovane-ovocie-ananas-jahoda-banan-100-g\"><strong>Lyofilizovan\u00e9 ovocie \u2013 anan\u00e1s, jahoda, ban\u00e1n 100 g<\/strong><\/a><\/li>\n<\/ul>\n<p>&nbsp;<\/p>\n","protected":false},"excerpt":{"rendered":"<p>R\u00fdchle a dokonal\u00e9 ra\u0148ajky? Nasyp granolu do jogurtu alebo na ka\u0161u, pridaj ly\u017ei\u010dku ara\u0161idovej Fitnutky a posyp lyofilizovan\u00fdm ovoc\u00edm. Vyv\u00e1\u017een\u00e1 chu\u0165, skvel\u00e1 energia a hotov\u00e9 za p\u00e1r min\u00fat!<\/p>\n","protected":false},"featured_media":167740,"comment_status":"open","ping_status":"closed","template":"","meta":{"_acf_changed":false},"product_cat":[251],"product_tag":[],"bundle_layout":"","bundled_by":[],"bundled_items":[],"acf":[],"_links":{"self":[{"href":"https:\/\/fitshaker.sk\/eshop\/wp-json\/wp\/v2\/product\/167746"}],"collection":[{"href":"https:\/\/fitshaker.sk\/eshop\/wp-json\/wp\/v2\/product"}],"about":[{"href":"https:\/\/fitshaker.sk\/eshop\/wp-json\/wp\/v2\/types\/product"}],"replies":[{"embeddable":true,"href":"https:\/\/fitshaker.sk\/eshop\/wp-json\/wp\/v2\/comments?post=167746"}],"wp:featuredmedia":[{"embeddable":true,"href":"https:\/\/fitshaker.sk\/eshop\/wp-json\/wp\/v2\/media\/167740"}],"wp:attachment":[{"href":"https:\/\/fitshaker.sk\/eshop\/wp-json\/wp\/v2\/media?parent=167746"}],"wp:term":[{"taxonomy":"product_cat","embeddable":true,"href":"https:\/\/fitshaker.sk\/eshop\/wp-json\/wp\/v2\/product_cat?post=167746"},{"taxonomy":"product_tag","embeddable":true,"href":"https:\/\/fitshaker.sk\/eshop\/wp-json\/wp\/v2\/product_tag?post=167746"}],"curies":[{"name":"wp","href":"https:\/\/api.w.org\/{rel}","templated":true}]}}