{"id":166701,"date":"2024-12-17T16:13:04","date_gmt":"2024-12-17T15:13:04","guid":{"rendered":"https:\/\/fitshaker.sk\/eshop\/?post_type=product&#038;p=166701"},"modified":"2026-01-28T17:59:32","modified_gmt":"2026-01-28T16:59:32","slug":"fitnutka-pistacie-kesu","status":"publish","type":"product","link":"https:\/\/fitshaker.sk\/eshop\/produkt\/fitnutka-pistacie-kesu","title":{"rendered":"Fitnutka: Pist\u00e1cie a ke\u0161u 200 g"},"content":{"rendered":"<p>Na\u0161e Fitnutky s\u00fa proste TOP, s\u00fa to na\u0161e BESTSELLERY, milujete ich, a preto prin\u00e1\u0161ame \u010fal\u0161ie 2 v\u00fdnimo\u010dn\u00e9 pr\u00edchute v 200 g balen\u00ed:<\/p>\n<p><strong>Fitnutka Pist\u00e1cie a ke\u0161u<\/strong> \u2013 79 % pist\u00e1ci\u00ed, 20 % orechov ke\u0161u a morsk\u00e1 so\u013e<br \/>\n<a href=\"https:\/\/fitshaker.sk\/eshop\/produkt\/fitnutka-mandle-kakao\"><strong>Fitnutka Mandle a kakao<\/strong><\/a> \u2013 80 % mandl\u00ed a kakao s kokosov\u00fdm cukrom<\/p>\n<p><strong>Fitnutka Pist\u00e1cie a ke\u0161u<\/strong> je lahodn\u00e1 orie\u0161kov\u00e1 n\u00e1tierka pre v\u0161etk\u00fdch milovn\u00edkov exotick\u00fdch pist\u00e1ci\u00ed. Ich chu\u0165 je jemne doladen\u00e1 orechmi ke\u0161u, aby mala n\u00e1tierka pr\u00edjemn\u00fa <strong>kr\u00e9mov\u00fa konzistenciu<\/strong>. T\u00e1to Fitnutka je <strong>dochuten\u00e1 iba \u0161tipkou soli na zv\u00fdraznenie chut\u00ed<\/strong>. Nie je osladen\u00e1, preto je <strong>ide\u00e1lna aj do sladk\u00fdch jed\u00e1l, aj do slan\u00fdch.<\/strong> Pri tejto n\u00e1tierke sme nechceli robi\u0165 \u017eiadne kompromisy, a tak sme sa rozhodli ponecha\u0165 v\u00fdrazn\u00fa pist\u00e1ciov\u00fa chu\u0165 bez pridan\u00fdch olejov \u010di zahus\u0165ovadiel.<\/p>\n<p>&nbsp;<\/p>\n<h3>\u010co dobr\u00e9 si m\u00f4\u017ee\u0161 s Fitnutkami pripravi\u0165?<\/h3>\n<p>Tak \u010do, vysk\u00fa\u0161a\u0161 prida\u0165 niektor\u00fa z na\u0161ich Fitnutiek do ra\u0148ajkovej ka\u0161e, na lievance, kol\u00e1\u010diky alebo na slano do om\u00e1\u010dok \u010di cestov\u00edn?<strong> In\u0161piruj sa receptami na na\u0161om blogu v kateg\u00f3rii<\/strong><a href=\"https:\/\/fitshaker.sk\/kategoria\/recepty\/recepty-fitnutka\"><strong> RECEPTY S FITNUTKOU.<\/strong><\/a>\u00a0Zisti, kde v\u0161ade sa daj\u00fa orie\u0161kov\u00e9 n\u00e1tierky vyu\u017ei\u0165, a vy\u010daruj nov\u00fa chu\u0165 na tanieri.<\/p>\n<p>&nbsp;<\/p>\n<p><strong>Tipy na recepty z n\u00e1\u0161ho BLOGU:<br \/>\n<\/strong><a href=\"https:\/\/fitshaker.sk\/typ-na-rychly-obed-ci-veceru-spagety-s-parmezanom-a-pistaciami\">\u0160pagety s parmez\u00e1nom a pist\u00e1ciami<\/a><br \/>\n<a href=\"https:\/\/fitshaker.sk\/peceny-losos-s-krustou-z-chrumkavych-pistacii-s-batatmi-a-so-zeleninou\">Pe\u010den\u00fd losos s krustou s chrumkav\u00fdch pist\u00e1ci\u00ed, s batatmi a so zeleninou<\/a><\/p>\n<p>&nbsp;<\/p>\n<h3>Zlo\u017eenie:<\/h3>\n<ul>\n<li><strong>pist\u00e1cie<\/strong> 79 %<\/li>\n<li><strong>orechy\u00a0ke\u0161u<\/strong> 20 %<\/li>\n<li>morsk\u00e1 so\u013e<\/li>\n<\/ul>\n<p><strong>M\u00f4\u017ee obsahova\u0165 in\u00e9 orechy.<\/strong><\/p>\n<p>&nbsp;<\/p>\n<p><strong>Pou\u017eitie\/Skladovanie:<\/strong><br \/>\nPred pou\u017eit\u00edm premie\u0161ajte. Skladujte v suchu, pri teplote do 25 \u00b0C a chr\u00e1\u0148te pred priamym slne\u010dn\u00fdm \u017eiaren\u00edm. Skonzumujte do jedn\u00e9ho mesiaca od otvorenia.<\/p>\n<p>&nbsp;<\/p>\n<h3>V\u00fd\u017eivov\u00e9 \u00fadaje na 100 g:<\/h3>\n<p>energia 2 320 kJ\/555 kcal<br \/>\ntuky 44,33 g, z toho nas\u00fdten\u00e9 mastn\u00e9 kyseliny 6,3 g<br \/>\nsacharidy 28,16 g, z toho cukry 7,5 g<br \/>\nvl\u00e1knina 8,56 g<br \/>\nbielkoviny19,44 g<br \/>\nso\u013e 0,97 g<\/p>\n<p><strong>Balenie: 200 g<\/strong><\/p>\n<h3><\/h3>\n<p>&nbsp;<\/p>\n<h3>A ak\u00e9 maj\u00fa pou\u017eit\u00e9 orechy v n\u00e1tierke benefity?<\/h3>\n<p>Pist\u00e1cie maj\u00fa vysok\u00fa nutri\u010dn\u00fa hodnotu a obsahuj\u00fa zdrav\u00e9 tuky, bielkoviny, vl\u00e1kninu, drasl\u00edk, fosfor, tiam\u00edn, me\u010f, mang\u00e1n a vitam\u00edn B6. S\u00fa tie\u017e bohat\u00e9 na antioxidanty, ktor\u00e9 pom\u00e1haj\u00fa chr\u00e1ni\u0165 bunky pred r\u00f4znymi chorobami. V porovnan\u00ed s in\u00fdmi orechmi obsahuj\u00fa pist\u00e1cie menej kal\u00f3ri\u00ed, v\u010faka \u010domu s\u00fa ide\u00e1lnym doplnkom zdravej v\u00fd\u017eivy.<\/p>\n<p>Orechy Ke\u0161u s\u00fa preva\u017ene tvoren\u00e9 telu prospe\u0161n\u00fdmi tukmi &#8211; nenas\u00fdten\u00fdmi mastn\u00fdmi kyselinami, ktor\u00e9 pom\u00e1haj\u00fa udr\u017eiava\u0165 norm\u00e1lnu hladinu cholesterolu v krvi. V ke\u0161u n\u00e1jdeme aj vysok\u00fd obsah vl\u00e1kniny a prote\u00ednov, ktor\u00e9 dod\u00e1vaj\u00fa organizmu dlhodob\u00fd pocit nas\u00fdtenia. Orechy zni\u017euj\u00fa aj hladinu inzul\u00ednu v tele. Ke\u0161u orechy obsahuj\u00fa zinok, sel\u00e9n a fosfor, preto maj\u00fa blahodarn\u00e9 \u00fa\u010dinky na poko\u017eku a vlasy. Tie\u017e obsahuj\u00fa drasl\u00edk, hor\u010d\u00edk a v\u00e1pnik, ktor\u00e9 pom\u00e1haj\u00fa udr\u017eiava\u0165 zdrav\u00e9 kosti.<\/p>\n<h3><\/h3>\n<p>&nbsp;<\/p>\n<p><strong>UPOZORNENIE: Pri v\u00e4\u010d\u0161\u00edch teplotn\u00fdch rozdieloch, hlavne v jesennom a zimnom obdob\u00ed, sa oddelen\u00fd olej m\u00f4\u017ee vyzr\u00e1\u017ea\u0165 do tukov\u00fdch \u010diasto\u010diek (mal\u00e9 biele guli\u010dky), alebo sa m\u00f4\u017ee oddeli\u0165 tuh\u00e1 a tekut\u00e1 zlo\u017eka n\u00e1tierky, \u010do v\u0161ak nie je na chyba produktu. Pre odstr\u00e1nenie tohto javu, odpor\u00fa\u010dame produkt d\u00f4kladne premie\u0161a\u0165 v teplom, nie vriacom, vodnom k\u00fapeli\u00a0\u00a0aby sa &#8220;v\u0161etky vrstvy&#8221; poriadne spojili. Vznikne tak lahodn\u00e1 kr\u00e9mov\u00e1 konzistencia.<\/strong><\/p>\n<p>&nbsp;<\/p>\n","protected":false},"excerpt":{"rendered":"<p>Fitnutka z pist\u00e1ci\u00ed a orechov ke\u0161u je luxusn\u00e1 orie\u0161kov\u00e1 n\u00e1tierka bez kompromisov.<\/p>\n<p><strong>\u017diadne zbyto\u010dnosti, 99 % orechov!<br \/>\n<\/strong><\/p>\n<p>&nbsp;<\/p>\n<p><img loading=\"lazy\" decoding=\"async\" class=\"alignnone wp-image-170772\" src=\"https:\/\/fitshaker.sk\/eshop\/wp-content\/uploads\/2024\/07\/fitnutky-pistacie-a-kesu-eshop-ikonky-produkty.png\" alt=\"fitnutka - oriesova natierka\" width=\"670\" height=\"100\" srcset=\"https:\/\/fitshaker.sk\/eshop\/wp-content\/uploads\/2024\/07\/fitnutky-pistacie-a-kesu-eshop-ikonky-produkty.png 5920w, https:\/\/fitshaker.sk\/eshop\/wp-content\/uploads\/2024\/07\/fitnutky-pistacie-a-kesu-eshop-ikonky-produkty-350x52.png 350w, https:\/\/fitshaker.sk\/eshop\/wp-content\/uploads\/2024\/07\/fitnutky-pistacie-a-kesu-eshop-ikonky-produkty-595x89.png 595w, https:\/\/fitshaker.sk\/eshop\/wp-content\/uploads\/2024\/07\/fitnutky-pistacie-a-kesu-eshop-ikonky-produkty-385x57.png 385w, https:\/\/fitshaker.sk\/eshop\/wp-content\/uploads\/2024\/07\/fitnutky-pistacie-a-kesu-eshop-ikonky-produkty-768x115.png 768w, https:\/\/fitshaker.sk\/eshop\/wp-content\/uploads\/2024\/07\/fitnutky-pistacie-a-kesu-eshop-ikonky-produkty-1536x229.png 1536w, https:\/\/fitshaker.sk\/eshop\/wp-content\/uploads\/2024\/07\/fitnutky-pistacie-a-kesu-eshop-ikonky-produkty-2048x305.png 2048w, https:\/\/fitshaker.sk\/eshop\/wp-content\/uploads\/2024\/07\/fitnutky-pistacie-a-kesu-eshop-ikonky-produkty-450x67.png 450w\" sizes=\"(max-width: 670px) 100vw, 670px\" \/><\/p>\n","protected":false},"featured_media":166964,"comment_status":"open","ping_status":"closed","template":"","meta":{"_acf_changed":false},"product_cat":[213],"product_tag":[],"bundle_layout":"","bundled_by":[],"bundled_items":[],"acf":[],"_links":{"self":[{"href":"https:\/\/fitshaker.sk\/eshop\/wp-json\/wp\/v2\/product\/166701"}],"collection":[{"href":"https:\/\/fitshaker.sk\/eshop\/wp-json\/wp\/v2\/product"}],"about":[{"href":"https:\/\/fitshaker.sk\/eshop\/wp-json\/wp\/v2\/types\/product"}],"replies":[{"embeddable":true,"href":"https:\/\/fitshaker.sk\/eshop\/wp-json\/wp\/v2\/comments?post=166701"}],"wp:featuredmedia":[{"embeddable":true,"href":"https:\/\/fitshaker.sk\/eshop\/wp-json\/wp\/v2\/media\/166964"}],"wp:attachment":[{"href":"https:\/\/fitshaker.sk\/eshop\/wp-json\/wp\/v2\/media?parent=166701"}],"wp:term":[{"taxonomy":"product_cat","embeddable":true,"href":"https:\/\/fitshaker.sk\/eshop\/wp-json\/wp\/v2\/product_cat?post=166701"},{"taxonomy":"product_tag","embeddable":true,"href":"https:\/\/fitshaker.sk\/eshop\/wp-json\/wp\/v2\/product_tag?post=166701"}],"curies":[{"name":"wp","href":"https:\/\/api.w.org\/{rel}","templated":true}]}}