{"id":164899,"date":"2024-11-15T09:11:22","date_gmt":"2024-11-15T08:11:22","guid":{"rendered":"https:\/\/fitshaker.sk\/eshop\/?post_type=product&#038;p=164899"},"modified":"2026-04-09T08:56:08","modified_gmt":"2026-04-09T06:56:08","slug":"zimny-wellness-balicek","status":"publish","type":"product","link":"https:\/\/fitshaker.sk\/eshop\/produkt\/zimny-wellness-balicek","title":{"rendered":"Wellness bal\u00ed\u010dek"},"content":{"rendered":"<p><strong>Tento du\u0161i aj telu lahodiaci bal\u00ed\u010dek je na dlh\u00e9 zimn\u00e9 ve\u010dery ako stvoren\u00fd!<\/strong><br \/>\nMas\u00e1\u017eny olej nielen na svalovicu ale aj do k\u00fape\u013ea, tepl\u00fd bylinkov\u00fd \u010daj na posilnenie imunity a wellness svie\u010dka, ktor\u00e1 prevonia v\u00e1\u0161 pr\u00edbytok \u0161alviou a eukalyptom.<\/p>\n<p>Skvel\u00fd tip na dar\u010dek pod viano\u010dn\u00fd strom\u010dek alebo obdarovanie samej seba\ud83e\udd70.<\/p>\n<p><strong>Bal\u00ed\u010dek obsahuje:<\/strong><br \/>\n<strong>1x <a href=\"https:\/\/fitshaker.sk\/eshop\/produkt\/masazny-olej-na-svalovicu\">Mas\u00e1\u017eny olej (nielen) na svalovicu<\/a><\/strong><br \/>\nObsahuje pr\u00edrodn\u00e9 silice \u2013<strong>\u00a0levandu\u013ea, g\u00e1for a wintergreen<\/strong>, v\u010faka ktor\u00fdm m\u00e1 skvel\u00e9 \u00fa\u010dinky pri mas\u00e1\u017ei a kr\u00e1sne vonia.<br \/>\n<strong>1x <a href=\"https:\/\/fitshaker.sk\/eshop\/produkt\/sviecka-domaci-wellness-limitovana-edicia\">Zdrav\u00e1 svie\u010dka \u2013 Dom\u00e1ci wellness<\/a><\/strong><br \/>\nRu\u010dne vyroben\u00e1 svie\u010dka na Slovensku, zo s\u00f3jov\u00e9ho vosku a pr\u00edrodn\u00fdch sil\u00edc<strong> \u0161alvie a eukalyptu<\/strong>.<br \/>\n______________________________________________<br \/>\n<strong>Celkovo u\u0161etr\u00ed\u0161 25 %!<\/strong><\/p>\n","protected":false},"excerpt":{"rendered":"<p>Tento du\u0161i aj telu lahodiaci bal\u00ed\u010dek je na dlh\u00e9 jesenn\u00e9 a zimn\u00e9 ve\u010dery ako stvoren\u00fd!<\/p>\n","protected":false},"featured_media":192163,"comment_status":"open","ping_status":"closed","template":"","meta":{"_acf_changed":false},"product_cat":[251],"product_tag":[],"bundle_layout":"","bundled_by":[],"bundled_items":[],"acf":[],"_links":{"self":[{"href":"https:\/\/fitshaker.sk\/eshop\/wp-json\/wp\/v2\/product\/164899"}],"collection":[{"href":"https:\/\/fitshaker.sk\/eshop\/wp-json\/wp\/v2\/product"}],"about":[{"href":"https:\/\/fitshaker.sk\/eshop\/wp-json\/wp\/v2\/types\/product"}],"replies":[{"embeddable":true,"href":"https:\/\/fitshaker.sk\/eshop\/wp-json\/wp\/v2\/comments?post=164899"}],"wp:featuredmedia":[{"embeddable":true,"href":"https:\/\/fitshaker.sk\/eshop\/wp-json\/wp\/v2\/media\/192163"}],"wp:attachment":[{"href":"https:\/\/fitshaker.sk\/eshop\/wp-json\/wp\/v2\/media?parent=164899"}],"wp:term":[{"taxonomy":"product_cat","embeddable":true,"href":"https:\/\/fitshaker.sk\/eshop\/wp-json\/wp\/v2\/product_cat?post=164899"},{"taxonomy":"product_tag","embeddable":true,"href":"https:\/\/fitshaker.sk\/eshop\/wp-json\/wp\/v2\/product_tag?post=164899"}],"curies":[{"name":"wp","href":"https:\/\/api.w.org\/{rel}","templated":true}]}}