{"id":163347,"date":"2024-10-30T11:29:06","date_gmt":"2024-10-30T10:29:06","guid":{"rendered":"https:\/\/fitshaker.sk\/eshop\/?post_type=product&#038;p=163347"},"modified":"2026-01-15T10:03:56","modified_gmt":"2026-01-15T09:03:56","slug":"e-book-recepty-do-krabicky","status":"publish","type":"product","link":"https:\/\/fitshaker.sk\/eshop\/produkt\/e-book-recepty-do-krabicky","title":{"rendered":"[E-book] Recepty do krabi\u010dky"},"content":{"rendered":"<p>E-book Recepty do krabi\u010dky pon\u00faka <strong>20 praktick\u00fdch receptov, ktor\u00e9 sa daj\u00fa \u013eahko zabali\u0165 do krabi\u010dky na cesty \u010di do pr\u00e1ce.\u00a0<\/strong><br \/>\nVysk\u00fa\u0161aj r\u00fdchle recepty na obedy, ve\u010dere alebo snack.<\/p>\n<p>V e-booku n\u00e1jde\u0161 napr\u00edklad recept na plnen\u00e9<strong> \u0161pen\u00e1tov\u00e9 \u010di cviklov\u00e9 tortily, zemikaovo-cuketov\u00e9 alebo brokolicovo mrkvov\u00e9 placky, zauj\u00edmav\u00e9 \u0161al\u00e1ty aj origin\u00e1lne zapekan\u00e9 toasty.<\/strong><\/p>\n<p>S\u00fa\u010das\u0165ou v\u0161etk\u00fdch receptov je:<\/p>\n<ul>\n<li>zoznam potrebn\u00fdch ingredienci\u00ed<\/li>\n<li>\u010das pr\u00edpravy<\/li>\n<li>po\u010det porci\u00ed<\/li>\n<li>v\u00fd\u017eivov\u00e9 hodnoty na 1 porciu<\/li>\n<\/ul>\n<p><strong>Upozornenie: Pri objedn\u00e1vke e-booku je nutn\u00e1 platba vopred. Nie je mo\u017en\u00e9 plati\u0165 na dobierku.<\/strong><\/p>\n<p>&nbsp;<\/p>\n","protected":false},"excerpt":{"rendered":"<p>E-book Recepty do krabi\u010dky pon\u00faka 20 praktick\u00fdch receptov na cesty, do pr\u00e1ce alebo na v\u00fdlety.<\/p>\n","protected":false},"featured_media":163170,"comment_status":"open","ping_status":"closed","template":"","meta":{"_acf_changed":false},"product_cat":[211],"product_tag":[],"bundle_layout":"","bundled_by":[],"bundled_items":[],"acf":[],"_links":{"self":[{"href":"https:\/\/fitshaker.sk\/eshop\/wp-json\/wp\/v2\/product\/163347"}],"collection":[{"href":"https:\/\/fitshaker.sk\/eshop\/wp-json\/wp\/v2\/product"}],"about":[{"href":"https:\/\/fitshaker.sk\/eshop\/wp-json\/wp\/v2\/types\/product"}],"replies":[{"embeddable":true,"href":"https:\/\/fitshaker.sk\/eshop\/wp-json\/wp\/v2\/comments?post=163347"}],"wp:featuredmedia":[{"embeddable":true,"href":"https:\/\/fitshaker.sk\/eshop\/wp-json\/wp\/v2\/media\/163170"}],"wp:attachment":[{"href":"https:\/\/fitshaker.sk\/eshop\/wp-json\/wp\/v2\/media?parent=163347"}],"wp:term":[{"taxonomy":"product_cat","embeddable":true,"href":"https:\/\/fitshaker.sk\/eshop\/wp-json\/wp\/v2\/product_cat?post=163347"},{"taxonomy":"product_tag","embeddable":true,"href":"https:\/\/fitshaker.sk\/eshop\/wp-json\/wp\/v2\/product_tag?post=163347"}],"curies":[{"name":"wp","href":"https:\/\/api.w.org\/{rel}","templated":true}]}}