{"id":163342,"date":"2024-10-30T10:52:49","date_gmt":"2024-10-30T09:52:49","guid":{"rendered":"https:\/\/fitshaker.sk\/eshop\/?post_type=product&#038;p=163342"},"modified":"2026-01-15T10:03:56","modified_gmt":"2026-01-15T09:03:56","slug":"e-book-recepty-do-20-minut","status":"publish","type":"product","link":"https:\/\/fitshaker.sk\/eshop\/produkt\/e-book-recepty-do-20-minut","title":{"rendered":"[E-book] Recepty do 20 min\u00fat"},"content":{"rendered":"<p>E-book Recepty do 20 min\u00fat obsahuje 25 skvel\u00fdch r\u00fdchlych receptov na chutn\u00e9 obedy \u010di ve\u010dere s be\u017en\u00fdmi surovinami, ktor\u00e9 si dok\u00e1\u017ee pripravi\u0165 ka\u017ed\u00fd!<\/p>\n<p>S\u00fa\u010das\u0165ou v\u0161etk\u00fdch receptov je:<\/p>\n<ul>\n<li>zoznam potrebn\u00fdch ingredienci\u00ed<\/li>\n<li>\u010das pr\u00edpravy<\/li>\n<li>po\u010det porci\u00ed<\/li>\n<li>v\u00fd\u017eivov\u00e9 hodnoty na 1 porciu<\/li>\n<\/ul>\n<p><strong>Upozornenie: Pri objedn\u00e1vke e-booku je nutn\u00e1 platba vopred. Nie je mo\u017en\u00e9 plati\u0165 na dobierku.<\/strong><\/p>\n","protected":false},"excerpt":{"rendered":"<p>E-book Recepty do 20 min\u00fat \u2013 25 r\u00fdchlych receptov na chutn\u00e9 a zdrav\u00e9 obedy alebo ve\u010dere.<\/p>\n","protected":false},"featured_media":163172,"comment_status":"open","ping_status":"closed","template":"","meta":{"_acf_changed":false},"product_cat":[211],"product_tag":[],"bundle_layout":"","bundled_by":[],"bundled_items":[],"acf":[],"_links":{"self":[{"href":"https:\/\/fitshaker.sk\/eshop\/wp-json\/wp\/v2\/product\/163342"}],"collection":[{"href":"https:\/\/fitshaker.sk\/eshop\/wp-json\/wp\/v2\/product"}],"about":[{"href":"https:\/\/fitshaker.sk\/eshop\/wp-json\/wp\/v2\/types\/product"}],"replies":[{"embeddable":true,"href":"https:\/\/fitshaker.sk\/eshop\/wp-json\/wp\/v2\/comments?post=163342"}],"wp:featuredmedia":[{"embeddable":true,"href":"https:\/\/fitshaker.sk\/eshop\/wp-json\/wp\/v2\/media\/163172"}],"wp:attachment":[{"href":"https:\/\/fitshaker.sk\/eshop\/wp-json\/wp\/v2\/media?parent=163342"}],"wp:term":[{"taxonomy":"product_cat","embeddable":true,"href":"https:\/\/fitshaker.sk\/eshop\/wp-json\/wp\/v2\/product_cat?post=163342"},{"taxonomy":"product_tag","embeddable":true,"href":"https:\/\/fitshaker.sk\/eshop\/wp-json\/wp\/v2\/product_tag?post=163342"}],"curies":[{"name":"wp","href":"https:\/\/api.w.org\/{rel}","templated":true}]}}