{"id":163161,"date":"2024-10-29T15:12:48","date_gmt":"2024-10-29T14:12:48","guid":{"rendered":"https:\/\/fitshaker.sk\/eshop\/?post_type=product&#038;p=163161"},"modified":"2026-01-15T10:05:48","modified_gmt":"2026-01-15T09:05:48","slug":"rocna-premena","status":"publish","type":"product","link":"https:\/\/fitshaker.sk\/eshop\/produkt\/rocna-premena","title":{"rendered":"Tvoja ro\u010dn\u00e1 premena"},"content":{"rendered":"<p><strong>\u010co v\u0161etko potrebuje\u0161 na to, aby si za 1 rok zmenila svoje sny o zdravom a kr\u00e1snom tele na skuto\u010dnos\u0165?<br \/>\n<\/strong><br \/>\n\u2022<strong> Tr\u00e9ningy<\/strong>, lebo s pohybom to p\u00f4jde jedna rados\u0165.<br \/>\n\u2022 <strong>Jed\u00e1lni\u010dek<\/strong>, aby si sa nau\u010dila zdravo stravova\u0165, odhadova\u0165 suroviny, zlo\u017eenie a ve\u013ekos\u0165 porci\u00ed.<br \/>\n\u2022<strong> Sledovanie progresu<\/strong>, aby si bola svojou najlep\u0161ou motiv\u00e1ciou.<br \/>\n\u2022 <strong>In\u0161pir\u00e1ciu v kuchyni<\/strong>, cvi\u010den\u00ed a vo vzdel\u00e1van\u00ed. Ide\u00e1lne od \u0161pi\u010dkov\u00fdch odborn\u00edkov.<br \/>\n\u2022 <strong>Jednoduch\u00fd n\u00e1vod<\/strong>, p\u00e1r krokov a v\u0161eobecne platn\u00fdch princ\u00edpov. Ni\u010d zlo\u017eit\u00e9, \u010do \u0165a odrad\u00ed \u010di zm\u00e4tie.<\/p>\n<p>S\u00fahlas\u00ed\u0161? Bolo by tak\u00e9to kombo presne to, \u010do potrebuje\u0161?<\/p>\n<p>&nbsp;<\/p>\n<p><strong>Sleduj, \u010do obsahuje tento bal\u00ed\u010dek v hodnote viac ne\u017e 280 \u20ac!<\/strong><\/p>\n<p>\u2022<strong> Ro\u010dn\u00e9 \u010dlenstvo vo Fitshakeri (v hodnote 119 \u20ac)<\/strong><br \/>\n\u2022 <strong>14-d\u0148ov\u00fd jed\u00e1lni\u010dek na mieru s manu\u00e1lom z\u00e1kladn\u00fdch princ\u00edpov<\/strong>, r\u00e1d a \u0165ah\u00e1kov od Baje Amarante Kubenovej \u2013 odborn\u00ed\u010dky na v\u00fd\u017eivu a cvi\u010denie (<strong>v hodnote 129 \u20ac<\/strong>). Tvori\u0165 ho bud\u00fa recepty z blogu Fitshakera + dostupn\u00e9 kombin\u00e1cie snackov. Zoh\u013eadn\u00edme v \u0148om aj tvoje intolerancie, alergie \u010di chu\u0165ov\u00e9 preferencie (ak to bude v na\u0161ich sil\u00e1ch \ud83d\ude42).<br \/>\n<strong>\u2022 Fitness di\u00e1r\u00ae 2026<\/strong>\u00a0s dopravou k tebe domov (<strong>v hodnote 19,90 \u20ac<\/strong>)<br \/>\n\u2022 <strong>E-book Z fitka do kuchyne 1 (v hodnote 15,90 \u20ac)<\/strong><\/p>\n<p><strong><br \/>\n<\/strong><br \/>\nZak\u00fapen\u00edm bal\u00ed\u010dka z\u00edskava\u0161 v\u0161etko uveden\u00e9. Vyskladan\u00e9 tak, aby si za rok dok\u00e1zala re\u00e1lne zmeni\u0165 svoj \u017eivot. Ako to dok\u00e1zali napr\u00edklad tieto na\u0161e fitshaker\u00e1\u010dky.<\/p>\n<p>\u2757\u00a0Aby sme dok\u00e1zali garantova\u0165 kvalitu, po\u010det t\u00fdchto bal\u00ed\u010dkov je obmedzen\u00fd. Ka\u017ed\u00fd mesiac sa ich bude da\u0165 zak\u00fapi\u0165 len p\u00e1r desiatok. A k chce\u0161 teda z\u00edska\u0165 tvoj bal\u00ed\u010dek \u2013 Ro\u010dn\u00e1 premena, nev\u00e1haj\ud83d\ude09.<\/p>\n<p>&nbsp;<\/p>\n<p><strong>Ako to funguje?<\/strong><\/p>\n<p><strong>1. Objednaj si produkt<\/strong> a v ko\u0161\u00edku zadaj adresu, na ktor\u00fa ti doru\u010d\u00edme di\u00e1r. K objedn\u00e1vke si m\u00f4\u017ee\u0161 pokojne prihodi\u0165 aj in\u00e9 produkty \ud83d\ude42.<br \/>\n<strong>2.<\/strong> <strong>Skontroluj si mail<\/strong>. Po\u0161leme ti na\u0148 3 d\u00f4le\u017eit\u00e9 veci:<\/p>\n<ul>\n<li><strong>k\u00f3d na aktiv\u00e1ciu ro\u010dn\u00e9ho \u010dlenstva<\/strong><\/li>\n<li><strong>dotazn\u00edk, v\u010faka ktor\u00e9mu ti priprav\u00edme jed\u00e1lni\u010dek na mieru<\/strong><\/li>\n<li><strong>e-book Z fitka do kuchyne 1<\/strong><\/li>\n<\/ul>\n<p><strong>3. Jed\u00e1lni\u010dek ti na mail doru\u010d\u00edme do 10 pracovn\u00fdch dn\u00ed<\/strong> <strong>po vyplnen\u00ed dotazn\u00edku<\/strong> spolu s manu\u00e1lom z\u00e1kladn\u00fdch princ\u00edpov. Tento jed\u00e1lni\u010dek bude vytvoren\u00fd zo sez\u00f3nnych receptov v obdob\u00ed, ke\u010f si ho objedn\u00e1\u0161. M\u00f4\u017ee\u0161 ho dodr\u017eiava\u0165 tak dlho, ako ti to bude d\u00e1va\u0165 zmysel, ako ti bude chuti\u0165 a k\u00fdm sa \u201enau\u010d\u00ed\u0161\u201c odhadova\u0165 porcie a kombin\u00e1cie.<\/p>\n<p>TIP: Ke\u010f bude\u0161 chcie\u0165 obmenu alebo bude\u0161 c\u00edti\u0165 stagn\u00e1ciu, odpor\u00fa\u010dame da\u0165 si vypracova\u0165 jed\u00e1lni\u010dek op\u00e4\u0165 na dan\u00e9 ro\u010dn\u00e9 obdobie \ud83d\ude42.<\/p>\n","protected":false},"excerpt":{"rendered":"<p>Bal\u00ed\u010dek <strong>Tvoja ro\u010dn\u00e1 premena<\/strong> obsahuje ro\u010dn\u00e9 \u010dlenstvo vo Fitshakeri, 14-d\u0148ov\u00fd jed\u00e1lni\u010dek na mieru, Fitness di\u00e1r\u00ae 2025 a e-book Z fitka do kuchyne 1.<\/p>\n","protected":false},"featured_media":196272,"comment_status":"open","ping_status":"closed","template":"","meta":{"_acf_changed":false},"product_cat":[252],"product_tag":[],"bundle_layout":"","bundled_by":[],"bundled_items":[],"acf":[],"_links":{"self":[{"href":"https:\/\/fitshaker.sk\/eshop\/wp-json\/wp\/v2\/product\/163161"}],"collection":[{"href":"https:\/\/fitshaker.sk\/eshop\/wp-json\/wp\/v2\/product"}],"about":[{"href":"https:\/\/fitshaker.sk\/eshop\/wp-json\/wp\/v2\/types\/product"}],"replies":[{"embeddable":true,"href":"https:\/\/fitshaker.sk\/eshop\/wp-json\/wp\/v2\/comments?post=163161"}],"wp:featuredmedia":[{"embeddable":true,"href":"https:\/\/fitshaker.sk\/eshop\/wp-json\/wp\/v2\/media\/196272"}],"wp:attachment":[{"href":"https:\/\/fitshaker.sk\/eshop\/wp-json\/wp\/v2\/media?parent=163161"}],"wp:term":[{"taxonomy":"product_cat","embeddable":true,"href":"https:\/\/fitshaker.sk\/eshop\/wp-json\/wp\/v2\/product_cat?post=163161"},{"taxonomy":"product_tag","embeddable":true,"href":"https:\/\/fitshaker.sk\/eshop\/wp-json\/wp\/v2\/product_tag?post=163161"}],"curies":[{"name":"wp","href":"https:\/\/api.w.org\/{rel}","templated":true}]}}