{"id":163160,"date":"2024-10-28T15:11:32","date_gmt":"2024-10-28T14:11:32","guid":{"rendered":"https:\/\/fitshaker.sk\/eshop\/?post_type=product&#038;p=163160"},"modified":"2026-01-19T14:25:20","modified_gmt":"2026-01-19T13:25:20","slug":"jedalnicek","status":"publish","type":"product","link":"https:\/\/fitshaker.sk\/eshop\/produkt\/jedalnicek","title":{"rendered":"Jed\u00e1lni\u010dek na mieru + dar\u010dek"},"content":{"rendered":"<p><strong>Ak je strava to, s \u010d\u00edm potrebuje\u0161 pom\u00f4c\u0165&#8230; si na spr\u00e1vnom mieste! Sme tu pre teba.<\/strong><\/p>\n<p>Prv\u00fdkr\u00e1t v\u00f4bec pon\u00fakame mo\u017enos\u0165 zak\u00fapi\u0165 si<strong> 14-d\u0148ov\u00fd jed\u00e1lni\u010dek na mieru<\/strong> s manu\u00e1lom z\u00e1kladn\u00fdch princ\u00edpov, r\u00e1d a \u0165ah\u00e1kov.<br \/>\nNa z\u00e1klade tvojich odpoved\u00ed v dotazn\u00edku ti ho<strong> vypracuje na\u0161a odborn\u00ed\u010dka na v\u00fd\u017eivu a cvi\u010denie<\/strong> Baja Amarante Kubenov\u00e1. Tvori\u0165 ho bud\u00fa recepty z blogu Fitshakera + dostupn\u00e9 kombin\u00e1cie snackov (napr. na desiatu alebo olovrant). Zoh\u013eadn\u00edme v \u0148om aj tvoje intolerancie, alergie \u010di chu\u0165ov\u00e9 preferencie (ak to bude v na\u0161ich sil\u00e1ch \ud83d\ude42).<\/p>\n<p>Jed\u00e1lni\u010dek bude vytvoren\u00fd tak, aby si sa dok\u00e1zala nau\u010di\u0165 kombinova\u0165 potraviny, odhadova\u0165 porcie a rozumela skladbe zdrav\u00e9ho taniera.<\/p>\n<p>&nbsp;<\/p>\n<p><strong>\ud83c\udf81 DAR\u010cEK!<\/strong><\/p>\n<p>Aby si nepri\u0161la o in\u0161pir\u00e1ciu, prid\u00e1me ti zadarmo ako dar\u010deky:<br \/>\n\u2022<strong> e-book Z fitka do kuchyne 1 (v hodnote 15,90 \u20ac)<\/strong><\/p>\n<p>&nbsp;<\/p>\n<p>\u2757 Aby sme dok\u00e1zali garantova\u0165 kvalitu, po\u010det t\u00fdchto bal\u00ed\u010dkov je obmedzen\u00fd. Ka\u017ed\u00fd mesiac sa ich bude da\u0165 zak\u00fapi\u0165 len p\u00e1r desiatok. Ak chce\u0161 teda z\u00edska\u0165 tvoj jed\u00e1lni\u010dek na mieru, nev\u00e1haj\ud83d\ude09.<\/p>\n<p>Jed\u00e1lni\u010dek s dar\u010dekom priprav\u00edme tak, aby bolo tvoje stravovanie zdrav\u00e9, vyv\u00e1\u017een\u00e9 a udr\u017eate\u013en\u00e9. Aby si dok\u00e1zala re\u00e1lne zmeni\u0165 svoje stravovanie a t\u00fdm aj svoj \u017eivot. Ver\u00edme ti, dok\u00e1zali to aj tieto na\u0161e fitshaker\u00e1\u010dky \u2764\ufe0f.<\/p>\n<p>&nbsp;<\/p>\n<p><strong>Ako to funguje?<\/strong><\/p>\n<p><strong>1. Objednaj si produkt.<\/strong> Nie je mo\u017en\u00e9 ho kombinova\u0165 s objedn\u00e1vkou in\u00fdch produktov na e-shope.<\/p>\n<p><strong>2.<\/strong> <strong>Skontroluj si mail.<\/strong> Po\u0161leme ti na\u0148 2 d\u00f4le\u017eit\u00e9 veci:<\/p>\n<ul>\n<li><strong>dotazn\u00edk, v\u010faka ktor\u00e9mu ti priprav\u00edme jed\u00e1lni\u010dek na mieru<\/strong><\/li>\n<li><strong>e-book Z fitka do kuchyne 1<\/strong><\/li>\n<\/ul>\n<p><strong>3. Jed\u00e1lni\u010dek ti na mail doru\u010d\u00edme do 10 pracovn\u00fdch dn\u00ed po vyplnen\u00ed dotazn\u00edka <\/strong>spolu s manu\u00e1lom z\u00e1kladn\u00fdch princ\u00edpov.<\/p>\n","protected":false},"excerpt":{"rendered":"<p>Bal\u00ed\u010dek Jed\u00e1lni\u010dek obsahuje<strong> 14-d\u0148ov\u00fd jed\u00e1lni\u010dek na mieru a dar\u010dek e-book Z fitka do kuchyne 1.<\/strong><\/p>\n","protected":false},"featured_media":166278,"comment_status":"open","ping_status":"closed","template":"","meta":{"_acf_changed":false},"product_cat":[252],"product_tag":[],"bundle_layout":"","bundled_by":[],"bundled_items":[],"acf":[],"_links":{"self":[{"href":"https:\/\/fitshaker.sk\/eshop\/wp-json\/wp\/v2\/product\/163160"}],"collection":[{"href":"https:\/\/fitshaker.sk\/eshop\/wp-json\/wp\/v2\/product"}],"about":[{"href":"https:\/\/fitshaker.sk\/eshop\/wp-json\/wp\/v2\/types\/product"}],"replies":[{"embeddable":true,"href":"https:\/\/fitshaker.sk\/eshop\/wp-json\/wp\/v2\/comments?post=163160"}],"wp:featuredmedia":[{"embeddable":true,"href":"https:\/\/fitshaker.sk\/eshop\/wp-json\/wp\/v2\/media\/166278"}],"wp:attachment":[{"href":"https:\/\/fitshaker.sk\/eshop\/wp-json\/wp\/v2\/media?parent=163160"}],"wp:term":[{"taxonomy":"product_cat","embeddable":true,"href":"https:\/\/fitshaker.sk\/eshop\/wp-json\/wp\/v2\/product_cat?post=163160"},{"taxonomy":"product_tag","embeddable":true,"href":"https:\/\/fitshaker.sk\/eshop\/wp-json\/wp\/v2\/product_tag?post=163160"}],"curies":[{"name":"wp","href":"https:\/\/api.w.org\/{rel}","templated":true}]}}