{"id":162926,"date":"2024-10-24T15:27:45","date_gmt":"2024-10-24T13:27:45","guid":{"rendered":"https:\/\/fitshaker.sk\/eshop\/?post_type=product&#038;p=162926"},"modified":"2026-01-15T10:03:56","modified_gmt":"2026-01-15T09:03:56","slug":"e-book-grilovaci-special","status":"publish","type":"product","link":"https:\/\/fitshaker.sk\/eshop\/produkt\/e-book-grilovaci-special","title":{"rendered":"[E-book] Grilovac\u00ed \u0161peci\u00e1l"},"content":{"rendered":"<p>Grilova\u010dka je letn\u00fd highlight, ktor\u00fd nikdy neomrz\u00ed. Skvel\u00e9 chute, v\u00f4ne, pohoda vonku s rodinou a kamo\u0161mi \u2013 \u010do viac si pria\u0165, v\u0161ak? Ak patr\u00ed\u0161 k t\u00fdm, ktor\u00ed sa sna\u017eia \u017ei\u0165 zdravo (ale st\u00e1le si chc\u00fa pochutna\u0165!), porad\u00edme ti, ktor\u00e9 m\u00e4so je najlep\u0161ie na gril. Prepoj\u00edme skvel\u00fa chu\u0165 s v\u00fd\u017eivovou hodnotou \u2013 len aby tvoj \u017eal\u00fadok aj svedomie boli spokojn\u00e9. M\u00e1me pre teba p\u00e1r \u0161ikovn\u00fdch tipov, ktor\u00e9 m\u00e4so hodi\u0165 na gril, aby bolo v\u0161etko v poriadku.<strong> \u010ci u\u017e preferuje\u0161 hydinu, ryby, alebo \u0161\u0165avnat\u00e9 \u010derven\u00e9 m\u00e4so, pom\u00f4\u017eeme ti vy\u010darova\u0165 nie\u010do naozaj fajnov\u00e9 a zdrav\u00e9.<\/strong> A vegetari\u00e1ni? Nebojte sa, na v\u00e1s sme tie\u017e mysleli! <strong>\u017diadne grilovanie sa nezaob\u00edde bez chutn\u00fdch bezm\u00e4sit\u00fdch alternat\u00edv.<\/strong> Na z\u00e1ver, ak m\u00e1\u0161 rada sladk\u00e9 (a kto by nemal?), <strong>prezrad\u00edme ti, ako si na grile pripravi\u0165 vynikaj\u00face dezerty<\/strong>. Lebo \u017eivot je pr\u00edli\u0161 kr\u00e1tky na to, aby sme vynech\u00e1vali dezert.<\/p>\n<p><strong>Pre\u010do vznikol tento \u0161peci\u00e1l?<\/strong><\/p>\n<p>Preto\u017ee \u010do by to bolo za leto bez v\u00f4ne grilu vo vzduchu, v\u0161ak? Vyraz na z\u00e1hradu, chy\u0165 grilovacie klie\u0161te do ruky a nechaj svoju grilovaciu zru\u010dnos\u0165 vynikn\u00fa\u0165! Nez\u00e1le\u017e\u00ed na tom, \u010di sa rozhodne\u0161 pre kuracie alebo cuketu \u2013 len sa uisti, \u017ee griluje\u0161 s nad\u0161en\u00edm a so smiechom. Koniec koncov, grilovanie nie je len o jedle, ale aj o vytv\u00e1ran\u00ed skvel\u00fdch letn\u00fdch spomienok. Tak\u017ee rozp\u00e1\u013e gril, vychutnaj slne\u010dn\u00e9 l\u00fa\u010de a pam\u00e4taj \u2013 najlep\u0161ie marin\u00e1dy s\u00fa tie, ktor\u00e9 s\u00fa zmie\u0161an\u00e9 s humorom a l\u00e1skou! Dobr\u00fa chu\u0165 a vesel\u00e9 grilovanie!<\/p>\n<p>&nbsp;<\/p>\n<p><strong>Upozornenie: Pri objedn\u00e1vke e-booku je nutn\u00e1 platba vopred. Nie je mo\u017en\u00e9 plati\u0165 na dobierku.<\/strong><\/p>\n","protected":false},"excerpt":{"rendered":"<p>E-book grilovac\u00ed \u0161peci\u00e1l pon\u00faka tipy na marin\u00e1dy, vegetari\u00e1nske jedl\u00e1, \u0161al\u00e1ty a pr\u00edlohy, dezerty aj limon\u00e1dy.<br \/>\nE-book obsahuje 47 receptov a sprievodcu zdrav\u00fdm grilovan\u00edm.,<\/p>\n","protected":false},"featured_media":163236,"comment_status":"open","ping_status":"closed","template":"","meta":{"_acf_changed":false},"product_cat":[211],"product_tag":[],"bundle_layout":"","bundled_by":[],"bundled_items":[],"acf":[],"_links":{"self":[{"href":"https:\/\/fitshaker.sk\/eshop\/wp-json\/wp\/v2\/product\/162926"}],"collection":[{"href":"https:\/\/fitshaker.sk\/eshop\/wp-json\/wp\/v2\/product"}],"about":[{"href":"https:\/\/fitshaker.sk\/eshop\/wp-json\/wp\/v2\/types\/product"}],"replies":[{"embeddable":true,"href":"https:\/\/fitshaker.sk\/eshop\/wp-json\/wp\/v2\/comments?post=162926"}],"wp:featuredmedia":[{"embeddable":true,"href":"https:\/\/fitshaker.sk\/eshop\/wp-json\/wp\/v2\/media\/163236"}],"wp:attachment":[{"href":"https:\/\/fitshaker.sk\/eshop\/wp-json\/wp\/v2\/media?parent=162926"}],"wp:term":[{"taxonomy":"product_cat","embeddable":true,"href":"https:\/\/fitshaker.sk\/eshop\/wp-json\/wp\/v2\/product_cat?post=162926"},{"taxonomy":"product_tag","embeddable":true,"href":"https:\/\/fitshaker.sk\/eshop\/wp-json\/wp\/v2\/product_tag?post=162926"}],"curies":[{"name":"wp","href":"https:\/\/api.w.org\/{rel}","templated":true}]}}