{"id":162917,"date":"2024-10-24T14:08:57","date_gmt":"2024-10-24T12:08:57","guid":{"rendered":"https:\/\/fitshaker.sk\/eshop\/?post_type=product&#038;p=162917"},"modified":"2026-03-29T17:28:34","modified_gmt":"2026-03-29T15:28:34","slug":"joga-bloky-penove","status":"publish","type":"product","link":"https:\/\/fitshaker.sk\/eshop\/produkt\/joga-bloky-penove","title":{"rendered":"Joga bloky \u2013 penov\u00e9 (2ks)"},"content":{"rendered":"<p><strong>Joga bloky a ich v\u00fdhody:<\/strong><\/p>\n<p>\u2022 Ide\u00e1lne pri cvi\u010den\u00ed jogy, pilatesu, pri rovnov\u00e1\u017enych cvi\u010deniach alebo stre\u010dingu.<br \/>\n\u2022 Pom\u00f4cka na cvi\u010denie, ktor\u00e1 dok\u00e1\u017ee zlep\u0161i\u0165 stabilitu pri balan\u010dn\u00fdch poz\u00edci\u00e1ch.<br \/>\n\u2022 Postupne pom\u00e1ha predl\u017eova\u0165 rozsah poz\u00edci\u00ed, otv\u00e1ranie a na\u0165ahovanie.<\/p>\n<p>&nbsp;<\/p>\n<p><strong>Fitshaker foam blocks:<\/strong> penov\u00e9 joga bloky s\u00fa \u013eahk\u00e9 a prenosn\u00e9, ide\u00e1lne na cesty\/skupinov\u00e9 cvi\u010denia mimo domu. S\u00fa tie\u017e cenovo dostupnej\u0161\u00edm variantom.<br \/>\n<a href=\"https:\/\/fitshaker.sk\/eshop\/produkt\/joga-bloky-korkove\"><strong>Fitshaker corck blocks:<\/strong><\/a> korkov\u00e9 joga bloky s\u00fa \u0165a\u017e\u0161ie, ale pevnej\u0161ie a odolnej\u0161ie vo\u010di po\u0161kodeniu. Skvel\u00e9, ak cvi\u010d\u00ed\u0161 doma a chce\u0161 \u201einvestova\u0165\u201c do jednej pom\u00f4cky, ktor\u00e1 \u0165a doslova podr\u017e\u00ed ve\u013emi dlho.<\/p>\n<p>&nbsp;<\/p>\n<p><strong>Penov\u00e9 Fitshaker joga bloky (2 ks v balen\u00ed):<\/strong><\/p>\n<p>\u2022 rozmery: 23 x 15 x 10 cm,<br \/>\n\u2022 materi\u00e1l: pena (EVA \u2013 elastomeric polymer), ktor\u00e1 sa ne\u0161m\u00fdka,<br \/>\n\u2022 hust\u00e1 \u0161trukt\u00fara peny zaru\u010duje ve\u013emi dobr\u00fa \u017eivotnos\u0165 a bloky s\u00fa odoln\u00e9 vo\u010di zdeformovaniu,<br \/>\n\u2022 s\u00fa \u013eahk\u00e9, ale pevn\u00e9, ide\u00e1lne na cesty\/cvi\u010dko mimo domu \ud83d\ude42,<br \/>\n\u2022 maj\u00fa zaoblen\u00e9 hrany a rohy na pohodln\u00e9 uchopenie,<br \/>\n\u2022 s\u00fa dostupn\u00e9 v 2 farb\u00e1ch: siv\u00e1 a fialov\u00e1.<\/p>\n","protected":false},"excerpt":{"rendered":"<p>\u013dahk\u00e9, pevn\u00e9 a proti\u0161mykov\u00e9 joga bloky, ktor\u00e9 ti pom\u00f4\u017eu so stabilitou, rozsahom aj komfortom pri cvi\u010den\u00ed. Ide\u00e1lne na cesty aj dom\u00e1ce tr\u00e9ningy. Balenie obsahuje 2 ks.<\/p>\n","protected":false},"featured_media":162990,"comment_status":"open","ping_status":"closed","template":"","meta":{"_acf_changed":false},"product_cat":[215],"product_tag":[],"bundle_layout":"","bundled_by":[],"bundled_items":[],"acf":[],"_links":{"self":[{"href":"https:\/\/fitshaker.sk\/eshop\/wp-json\/wp\/v2\/product\/162917"}],"collection":[{"href":"https:\/\/fitshaker.sk\/eshop\/wp-json\/wp\/v2\/product"}],"about":[{"href":"https:\/\/fitshaker.sk\/eshop\/wp-json\/wp\/v2\/types\/product"}],"replies":[{"embeddable":true,"href":"https:\/\/fitshaker.sk\/eshop\/wp-json\/wp\/v2\/comments?post=162917"}],"wp:featuredmedia":[{"embeddable":true,"href":"https:\/\/fitshaker.sk\/eshop\/wp-json\/wp\/v2\/media\/162990"}],"wp:attachment":[{"href":"https:\/\/fitshaker.sk\/eshop\/wp-json\/wp\/v2\/media?parent=162917"}],"wp:term":[{"taxonomy":"product_cat","embeddable":true,"href":"https:\/\/fitshaker.sk\/eshop\/wp-json\/wp\/v2\/product_cat?post=162917"},{"taxonomy":"product_tag","embeddable":true,"href":"https:\/\/fitshaker.sk\/eshop\/wp-json\/wp\/v2\/product_tag?post=162917"}],"curies":[{"name":"wp","href":"https:\/\/api.w.org\/{rel}","templated":true}]}}