{"id":161440,"date":"2024-10-01T17:24:44","date_gmt":"2024-10-01T15:24:44","guid":{"rendered":"https:\/\/fitshaker.sk\/eshop\/?post_type=product&#038;p=161440"},"modified":"2026-04-06T20:26:11","modified_gmt":"2026-04-06T18:26:11","slug":"macka-vo-vreci","status":"publish","type":"product","link":"https:\/\/fitshaker.sk\/eshop\/produkt\/macka-vo-vreci","title":{"rendered":"Ma\u010dka vo vreci"},"content":{"rendered":"<p>Dovol\u00ed\u0161 n\u00e1m prekvapi\u0165 \u0165a?<br \/>\nKonkr\u00e9tne zdrav\u00fdm prekvapen\u00edm v hodnote minim\u00e1lne dvojn\u00e1sobku zaplatenej sumy, teda minim\u00e1lne v hodnote 15,80 \u20ac?<br \/>\nPriho\u010f si do ko\u0161\u00edka tento tajomn\u00fd produkt a nechaj zdrav\u00fd v\u00fdber na n\u00e1s.<br \/>\nV tvojom bal\u00ed\u010dku \u0165a m\u00f4\u017ee \u010daka\u0165 kniha, cvi\u010debn\u00e1 pom\u00f4cka, dobrota alebo produkt od na\u0161ich partnerov.<br \/>\nHodnota produktu nebude nikdy ni\u017e\u0161ia ne\u017e 15,80 \u20ac.<\/p>\n<p>*Ke\u010f\u017ee &#8220;Ma\u010dka vo vreci&#8221; je dar\u010dekov\u00fd poukaz, ktor\u00e9ho hodnota je re\u00e1lne vy\u0161\u0161ia, nedaj\u00fa sa na tento produkt uplatni\u0165 u\u017e \u017eiadne \u010fal\u0161ie z\u013eavy :).<\/p>\n","protected":false},"excerpt":{"rendered":"<p>Nak\u00fap za 7,90 \u20ac a z\u00edska\u0161 prekvapenie v hodnote minim\u00e1lne 15,80 \u20ac \ud83c\udf89.<\/p>\n","protected":false},"featured_media":162555,"comment_status":"open","ping_status":"closed","template":"","meta":{"_acf_changed":false},"product_cat":[211],"product_tag":[],"bundle_layout":"","bundled_by":[],"bundled_items":[],"acf":[],"_links":{"self":[{"href":"https:\/\/fitshaker.sk\/eshop\/wp-json\/wp\/v2\/product\/161440"}],"collection":[{"href":"https:\/\/fitshaker.sk\/eshop\/wp-json\/wp\/v2\/product"}],"about":[{"href":"https:\/\/fitshaker.sk\/eshop\/wp-json\/wp\/v2\/types\/product"}],"replies":[{"embeddable":true,"href":"https:\/\/fitshaker.sk\/eshop\/wp-json\/wp\/v2\/comments?post=161440"}],"wp:featuredmedia":[{"embeddable":true,"href":"https:\/\/fitshaker.sk\/eshop\/wp-json\/wp\/v2\/media\/162555"}],"wp:attachment":[{"href":"https:\/\/fitshaker.sk\/eshop\/wp-json\/wp\/v2\/media?parent=161440"}],"wp:term":[{"taxonomy":"product_cat","embeddable":true,"href":"https:\/\/fitshaker.sk\/eshop\/wp-json\/wp\/v2\/product_cat?post=161440"},{"taxonomy":"product_tag","embeddable":true,"href":"https:\/\/fitshaker.sk\/eshop\/wp-json\/wp\/v2\/product_tag?post=161440"}],"curies":[{"name":"wp","href":"https:\/\/api.w.org\/{rel}","templated":true}]}}