{"id":155867,"date":"2024-07-24T12:33:00","date_gmt":"2024-07-24T10:33:00","guid":{"rendered":"https:\/\/fitshaker-eshop-prod.goodrequest.dev\/eshop\/?post_type=product&#038;p=155867"},"modified":"2026-04-05T20:00:14","modified_gmt":"2026-04-05T18:00:14","slug":"snacknutka-lieskove-oriesky-a-cokolada-54-g","status":"publish","type":"product","link":"https:\/\/fitshaker.sk\/eshop\/produkt\/snacknutka-lieskove-oriesky-a-cokolada-54-g","title":{"rendered":"Snacknutka Lieskov\u00e9 orie\u0161ky a \u010dokol\u00e1da 54 g"},"content":{"rendered":"<p>Snacknutka bude tvoj\u00edm par\u0165\u00e1kom na letn\u00e9 v\u00fdlety, turistiku, ale aj do pr\u00e1ce \u010di na cesty.<\/p>\n<p><strong>Dokonal\u00e1 pr\u00edchu\u0165ou, ve\u013ekos\u0165ou aj zlo\u017een\u00edm. <\/strong>Sta\u010d\u00ed hodi\u0165 do kabelky \u010di ruksaku \ud83c\udf92.<\/p>\n<p>Do ty\u010diniek sme vybrali tie najlep\u0161ie ingrediencie. <strong>Pr\u00edchute s\u00fa in\u0161pirovan\u00e9 bestsellermi \u2013 Fitnutkami a ka\u0161ami, ktor\u00e9 milujete. <\/strong>Samozrejmos\u0165ou s\u00fa vyv\u00e1\u017een\u00e9 v\u00fd\u017eivov\u00e9 hodnoty.<\/p>\n<p><strong>Snacknutka Lieskov\u00e9 orie\u0161ky a\u00a0\u010dokol\u00e1da \u2013 veg\u00e1nska ty\u010dinka v horkej \u010dokol\u00e1de s dat\u013eami a lieskov\u00fdmi orechmi. Bezglut\u00e9nov\u00e1.<\/strong><\/p>\n<p><img loading=\"lazy\" decoding=\"async\" class=\"alignnone wp-image-166898\" src=\"https:\/\/fitshaker.sk\/eshop\/wp-content\/uploads\/2024\/07\/Snacknutky-zdrave.tycinky.jpg\" alt=\"\" width=\"400\" height=\"600\" srcset=\"https:\/\/fitshaker.sk\/eshop\/wp-content\/uploads\/2024\/07\/Snacknutky-zdrave.tycinky.jpg 1024w, https:\/\/fitshaker.sk\/eshop\/wp-content\/uploads\/2024\/07\/Snacknutky-zdrave.tycinky-200x300.jpg 200w, https:\/\/fitshaker.sk\/eshop\/wp-content\/uploads\/2024\/07\/Snacknutky-zdrave.tycinky-595x893.jpg 595w, https:\/\/fitshaker.sk\/eshop\/wp-content\/uploads\/2024\/07\/Snacknutky-zdrave.tycinky-332x498.jpg 332w, https:\/\/fitshaker.sk\/eshop\/wp-content\/uploads\/2024\/07\/Snacknutky-zdrave.tycinky-768x1152.jpg 768w, https:\/\/fitshaker.sk\/eshop\/wp-content\/uploads\/2024\/07\/Snacknutky-zdrave.tycinky-450x675.jpg 450w, https:\/\/fitshaker.sk\/eshop\/wp-content\/uploads\/2024\/07\/Snacknutky-zdrave.tycinky-350x525.jpg 350w\" sizes=\"(max-width: 400px) 100vw, 400px\" \/> <img loading=\"lazy\" decoding=\"async\" class=\"alignnone wp-image-165388\" src=\"https:\/\/fitshaker.sk\/eshop\/wp-content\/uploads\/2024\/07\/Snacknutka-Lieskove-oriesky-a-cokolada-scaled-e1737987113148.jpg\" alt=\"orieskova tycinka s cokoladovou polevou\" width=\"446\" height=\"600\" srcset=\"https:\/\/fitshaker.sk\/eshop\/wp-content\/uploads\/2024\/07\/Snacknutka-Lieskove-oriesky-a-cokolada-scaled-e1737987113148.jpg 1267w, https:\/\/fitshaker.sk\/eshop\/wp-content\/uploads\/2024\/07\/Snacknutka-Lieskove-oriesky-a-cokolada-scaled-e1737987113148-223x300.jpg 223w, https:\/\/fitshaker.sk\/eshop\/wp-content\/uploads\/2024\/07\/Snacknutka-Lieskove-oriesky-a-cokolada-scaled-e1737987113148-595x801.jpg 595w, https:\/\/fitshaker.sk\/eshop\/wp-content\/uploads\/2024\/07\/Snacknutka-Lieskove-oriesky-a-cokolada-scaled-e1737987113148-370x498.jpg 370w, https:\/\/fitshaker.sk\/eshop\/wp-content\/uploads\/2024\/07\/Snacknutka-Lieskove-oriesky-a-cokolada-scaled-e1737987113148-768x1034.jpg 768w, https:\/\/fitshaker.sk\/eshop\/wp-content\/uploads\/2024\/07\/Snacknutka-Lieskove-oriesky-a-cokolada-scaled-e1737987113148-1141x1536.jpg 1141w, https:\/\/fitshaker.sk\/eshop\/wp-content\/uploads\/2024\/07\/Snacknutka-Lieskove-oriesky-a-cokolada-scaled-e1737987113148-450x606.jpg 450w, https:\/\/fitshaker.sk\/eshop\/wp-content\/uploads\/2024\/07\/Snacknutka-Lieskove-oriesky-a-cokolada-scaled-e1737987113148-350x471.jpg 350w\" sizes=\"(max-width: 446px) 100vw, 446px\" \/>\u00a0<img loading=\"lazy\" decoding=\"async\" class=\"alignnone wp-image-166896\" src=\"https:\/\/fitshaker.sk\/eshop\/wp-content\/uploads\/2024\/07\/Snacknuta-fitshaker-tycinka.jpg\" alt=\"\" width=\"400\" height=\"600\" srcset=\"https:\/\/fitshaker.sk\/eshop\/wp-content\/uploads\/2024\/07\/Snacknuta-fitshaker-tycinka.jpg 1024w, https:\/\/fitshaker.sk\/eshop\/wp-content\/uploads\/2024\/07\/Snacknuta-fitshaker-tycinka-200x300.jpg 200w, https:\/\/fitshaker.sk\/eshop\/wp-content\/uploads\/2024\/07\/Snacknuta-fitshaker-tycinka-595x893.jpg 595w, https:\/\/fitshaker.sk\/eshop\/wp-content\/uploads\/2024\/07\/Snacknuta-fitshaker-tycinka-332x498.jpg 332w, https:\/\/fitshaker.sk\/eshop\/wp-content\/uploads\/2024\/07\/Snacknuta-fitshaker-tycinka-768x1152.jpg 768w, https:\/\/fitshaker.sk\/eshop\/wp-content\/uploads\/2024\/07\/Snacknuta-fitshaker-tycinka-450x675.jpg 450w, https:\/\/fitshaker.sk\/eshop\/wp-content\/uploads\/2024\/07\/Snacknuta-fitshaker-tycinka-350x525.jpg 350w\" sizes=\"(max-width: 400px) 100vw, 400px\" \/><\/p>\n<p>&nbsp;<\/p>\n<h3>Zlo\u017eenie:<\/h3>\n<p>datle 63 %, <strong>lieskov\u00e9 orechy <\/strong>17 %,\u00a0hork\u00e1 \u010dokol\u00e1da 12 % (cukor, kakaov\u00e1 hmota, kakaov\u00e9 maslo,\u00a0emulg\u00e1tor: <strong>s\u00f3jov\u00fd <\/strong>lecit\u00edn, vanilka bourbon), kakaov\u00e9 b\u00f4by, kakao<\/p>\n<p>&nbsp;<\/p>\n<h3>V\u00fd\u017eivov\u00e9 \u00fadaje na 100 g (na 54 g)<\/h3>\n<p>energia 1648 KJ\/394 kcal (890 KJ\/213 kcal)<br \/>\ntuky 17,3 g (9,3 g), z toho nas\u00fdten\u00e9 mastn\u00e9 kyseliny 4,4 g (2,4 g)<br \/>\nsacharidy 46,7 g (25,2 g), z toho cukry 38,9 g (21 g)<br \/>\nvl\u00e1knina 12,4 g (6,7 g)<br \/>\nbielkoviny 6,5 g (3,5 g)<br \/>\nso\u013e 0 g (0 g)<\/p>\n<p>&nbsp;<\/p>\n<p><strong>Balenie obsahuje 1 porciu (54 g).<\/strong><\/p>\n<p><strong>Vyroben\u00e9 v \u010ceskej republike.<\/strong><\/p>\n<p><strong>Skladovanie:<\/strong> Skladujte v\u00a0suchu a v\u00a0tme, chr\u00e1\u0148te pred teplom. Po otvoren\u00ed ur\u010den\u00e9 na okam\u017eit\u00fa spotrebu.<\/p>\n<p>&nbsp;<\/p>\n<p><strong>\u261d\ufe0f<\/strong><strong> Neprehliadni ani \u010fal\u0161ie pr\u00edchute Snacknutiek! <\/strong><\/p>\n<ul>\n<li>ovocn\u00e9 aj orechov\u00e9<\/li>\n<li>veg\u00e1nske, bezlepkov\u00e9, s vysok\u00fdm obsahom vl\u00e1kniny aj prote\u00ednov\u00e9<\/li>\n<li>bez pridan\u00e9ho cukru a sladidiel<\/li>\n<li>prudko n\u00e1vykov\u00e9<\/li>\n<\/ul>\n<p><strong>\u00a0<\/strong><\/p>\n","protected":false},"excerpt":{"rendered":"<p><strong>Orie\u0161kov\u00e1, veg\u00e1nska a celu\u010dk\u00e1 pokryt\u00e1 chrumkavou \u010dokol\u00e1dou.<\/strong><\/p>\n<p>Tak\u00e1 je va\u0161a najob\u013e\u00fabenej\u0161ia \u010dokol\u00e1dov\u00e1 Fitnutka v ty\u010dinke \ud83d\ude42.<br \/>\n<img loading=\"lazy\" decoding=\"async\" class=\"alignnone wp-image-171105\" src=\"https:\/\/fitshaker.sk\/eshop\/wp-content\/uploads\/2024\/12\/eshop-ikonky-produkty_Snacknutka-Lieskove-oriesky-a-cokolada.png\" alt=\"zdrav\u00e9 ty\u010dinky\" width=\"442\" height=\"100\" srcset=\"https:\/\/fitshaker.sk\/eshop\/wp-content\/uploads\/2024\/12\/eshop-ikonky-produkty_Snacknutka-Lieskove-oriesky-a-cokolada.png 3902w, https:\/\/fitshaker.sk\/eshop\/wp-content\/uploads\/2024\/12\/eshop-ikonky-produkty_Snacknutka-Lieskove-oriesky-a-cokolada-350x79.png 350w, https:\/\/fitshaker.sk\/eshop\/wp-content\/uploads\/2024\/12\/eshop-ikonky-produkty_Snacknutka-Lieskove-oriesky-a-cokolada-595x135.png 595w, https:\/\/fitshaker.sk\/eshop\/wp-content\/uploads\/2024\/12\/eshop-ikonky-produkty_Snacknutka-Lieskove-oriesky-a-cokolada-385x87.png 385w, https:\/\/fitshaker.sk\/eshop\/wp-content\/uploads\/2024\/12\/eshop-ikonky-produkty_Snacknutka-Lieskove-oriesky-a-cokolada-768x174.png 768w, https:\/\/fitshaker.sk\/eshop\/wp-content\/uploads\/2024\/12\/eshop-ikonky-produkty_Snacknutka-Lieskove-oriesky-a-cokolada-1536x348.png 1536w, https:\/\/fitshaker.sk\/eshop\/wp-content\/uploads\/2024\/12\/eshop-ikonky-produkty_Snacknutka-Lieskove-oriesky-a-cokolada-2048x463.png 2048w, https:\/\/fitshaker.sk\/eshop\/wp-content\/uploads\/2024\/12\/eshop-ikonky-produkty_Snacknutka-Lieskove-oriesky-a-cokolada-450x102.png 450w\" sizes=\"(max-width: 442px) 100vw, 442px\" \/><\/p>\n<p>&nbsp;<\/p>\n","protected":false},"featured_media":162521,"comment_status":"open","ping_status":"closed","template":"","meta":{"_acf_changed":false},"product_cat":[213],"product_tag":[],"bundle_layout":"","bundled_by":[],"bundled_items":[],"acf":[],"_links":{"self":[{"href":"https:\/\/fitshaker.sk\/eshop\/wp-json\/wp\/v2\/product\/155867"}],"collection":[{"href":"https:\/\/fitshaker.sk\/eshop\/wp-json\/wp\/v2\/product"}],"about":[{"href":"https:\/\/fitshaker.sk\/eshop\/wp-json\/wp\/v2\/types\/product"}],"replies":[{"embeddable":true,"href":"https:\/\/fitshaker.sk\/eshop\/wp-json\/wp\/v2\/comments?post=155867"}],"wp:featuredmedia":[{"embeddable":true,"href":"https:\/\/fitshaker.sk\/eshop\/wp-json\/wp\/v2\/media\/162521"}],"wp:attachment":[{"href":"https:\/\/fitshaker.sk\/eshop\/wp-json\/wp\/v2\/media?parent=155867"}],"wp:term":[{"taxonomy":"product_cat","embeddable":true,"href":"https:\/\/fitshaker.sk\/eshop\/wp-json\/wp\/v2\/product_cat?post=155867"},{"taxonomy":"product_tag","embeddable":true,"href":"https:\/\/fitshaker.sk\/eshop\/wp-json\/wp\/v2\/product_tag?post=155867"}],"curies":[{"name":"wp","href":"https:\/\/api.w.org\/{rel}","templated":true}]}}