{"id":155866,"date":"2024-07-24T12:33:00","date_gmt":"2024-07-24T10:33:00","guid":{"rendered":"https:\/\/fitshaker-eshop-prod.goodrequest.dev\/eshop\/?post_type=product&#038;p=155866"},"modified":"2026-04-19T08:02:10","modified_gmt":"2026-04-19T06:02:10","slug":"snacknutka-ananas-a-mango-whey-protein-45-g","status":"publish","type":"product","link":"https:\/\/fitshaker.sk\/eshop\/produkt\/snacknutka-ananas-a-mango-whey-protein-45-g","title":{"rendered":"Snacknutka Anan\u00e1s a mango (WHEY PROTEIN) 45 g"},"content":{"rendered":"<p>Snacknutka bude tvoj\u00edm par\u0165\u00e1kom na v\u00fdlety, turistiku, ale aj do pr\u00e1ce \u010di na cesty.<\/p>\n<p><strong>Dokonal\u00e1 pr\u00edchu\u0165ou, ve\u013ekos\u0165ou aj zlo\u017een\u00edm. <\/strong>Sta\u010d\u00ed hodi\u0165 do kabelky \u010di ruksaku \ud83c\udf92.<\/p>\n<p>Do ty\u010diniek sme vybrali tie najlep\u0161ie ingrediencie. <strong>Pr\u00edchute s\u00fa in\u0161pirovan\u00e9 bestsellermi \u2013 Fitnutkami a ka\u0161ami, ktor\u00e9 milujete. <\/strong>Samozrejmos\u0165ou s\u00fa vyv\u00e1\u017een\u00e9 v\u00fd\u017eivov\u00e9 hodnoty.<\/p>\n<p><strong>Snacknutka Mango a anan\u00e1s (WHEY PROTEIN) \u2013 prote\u00ednov\u00e1 ty\u010dinka s\u00a0mrazom su\u0161en\u00fdm anan\u00e1som a mangom. Bezglut\u00e9nov\u00e1. Bez sladidiel. S\u00a0vysok\u00fdm obsahom bielkov\u00edn.<\/strong><\/p>\n<p><img loading=\"lazy\" decoding=\"async\" class=\"alignnone wp-image-166898\" src=\"https:\/\/fitshaker.sk\/eshop\/wp-content\/uploads\/2024\/07\/Snacknutky-zdrave.tycinky.jpg\" alt=\"\" width=\"400\" height=\"600\" srcset=\"https:\/\/fitshaker.sk\/eshop\/wp-content\/uploads\/2024\/07\/Snacknutky-zdrave.tycinky.jpg 1024w, https:\/\/fitshaker.sk\/eshop\/wp-content\/uploads\/2024\/07\/Snacknutky-zdrave.tycinky-200x300.jpg 200w, https:\/\/fitshaker.sk\/eshop\/wp-content\/uploads\/2024\/07\/Snacknutky-zdrave.tycinky-595x893.jpg 595w, https:\/\/fitshaker.sk\/eshop\/wp-content\/uploads\/2024\/07\/Snacknutky-zdrave.tycinky-332x498.jpg 332w, https:\/\/fitshaker.sk\/eshop\/wp-content\/uploads\/2024\/07\/Snacknutky-zdrave.tycinky-768x1152.jpg 768w, https:\/\/fitshaker.sk\/eshop\/wp-content\/uploads\/2024\/07\/Snacknutky-zdrave.tycinky-450x675.jpg 450w, https:\/\/fitshaker.sk\/eshop\/wp-content\/uploads\/2024\/07\/Snacknutky-zdrave.tycinky-350x525.jpg 350w\" sizes=\"(max-width: 400px) 100vw, 400px\" \/>\u00a0<img loading=\"lazy\" decoding=\"async\" class=\"alignnone wp-image-166897\" src=\"https:\/\/fitshaker.sk\/eshop\/wp-content\/uploads\/2024\/07\/Snacknutka-proteinova-tycinka-595x802.jpg\" alt=\"\" width=\"445\" height=\"600\" srcset=\"https:\/\/fitshaker.sk\/eshop\/wp-content\/uploads\/2024\/07\/Snacknutka-proteinova-tycinka-595x802.jpg 595w, https:\/\/fitshaker.sk\/eshop\/wp-content\/uploads\/2024\/07\/Snacknutka-proteinova-tycinka-223x300.jpg 223w, https:\/\/fitshaker.sk\/eshop\/wp-content\/uploads\/2024\/07\/Snacknutka-proteinova-tycinka-369x498.jpg 369w, https:\/\/fitshaker.sk\/eshop\/wp-content\/uploads\/2024\/07\/Snacknutka-proteinova-tycinka-768x1035.jpg 768w, https:\/\/fitshaker.sk\/eshop\/wp-content\/uploads\/2024\/07\/Snacknutka-proteinova-tycinka-1139x1536.jpg 1139w, https:\/\/fitshaker.sk\/eshop\/wp-content\/uploads\/2024\/07\/Snacknutka-proteinova-tycinka-450x607.jpg 450w, https:\/\/fitshaker.sk\/eshop\/wp-content\/uploads\/2024\/07\/Snacknutka-proteinova-tycinka-350x472.jpg 350w, https:\/\/fitshaker.sk\/eshop\/wp-content\/uploads\/2024\/07\/Snacknutka-proteinova-tycinka.jpg 1318w\" sizes=\"(max-width: 445px) 100vw, 445px\" \/>\u00a0<img loading=\"lazy\" decoding=\"async\" class=\"alignnone wp-image-166896\" src=\"https:\/\/fitshaker.sk\/eshop\/wp-content\/uploads\/2024\/07\/Snacknuta-fitshaker-tycinka.jpg\" alt=\"\" width=\"400\" height=\"600\" srcset=\"https:\/\/fitshaker.sk\/eshop\/wp-content\/uploads\/2024\/07\/Snacknuta-fitshaker-tycinka.jpg 1024w, https:\/\/fitshaker.sk\/eshop\/wp-content\/uploads\/2024\/07\/Snacknuta-fitshaker-tycinka-200x300.jpg 200w, https:\/\/fitshaker.sk\/eshop\/wp-content\/uploads\/2024\/07\/Snacknuta-fitshaker-tycinka-595x893.jpg 595w, https:\/\/fitshaker.sk\/eshop\/wp-content\/uploads\/2024\/07\/Snacknuta-fitshaker-tycinka-332x498.jpg 332w, https:\/\/fitshaker.sk\/eshop\/wp-content\/uploads\/2024\/07\/Snacknuta-fitshaker-tycinka-768x1152.jpg 768w, https:\/\/fitshaker.sk\/eshop\/wp-content\/uploads\/2024\/07\/Snacknuta-fitshaker-tycinka-450x675.jpg 450w, https:\/\/fitshaker.sk\/eshop\/wp-content\/uploads\/2024\/07\/Snacknuta-fitshaker-tycinka-350x525.jpg 350w\" sizes=\"(max-width: 400px) 100vw, 400px\" \/><\/p>\n<p>&nbsp;<\/p>\n<h3>Zlo\u017eenie:<\/h3>\n<p>oligofrukt\u00f3za, <strong>srv\u00e1tkov\u00fd<\/strong>\u00a0koncentr\u00e1t 30 %,\u00a0kokosov\u00fd kr\u00e9m,\u00a0<strong>ke\u0161u<\/strong>\u00a0kr\u00e9m,\u00a0anan\u00e1s su\u0161en\u00fd mrazom 6 %, mango su\u0161en\u00e9 mrazom 3 %, zvlh\u010duj\u00faca l\u00e1tka: glycerol, emulg\u00e1tor: slne\u010dnicov\u00fd lecit\u00edn.<\/p>\n<p>&nbsp;<\/p>\n<h3>V\u00fd\u017eivov\u00e9 \u00fadaje na 100 g (na 45 g):<\/h3>\n<p>energia 1380 kJ\/345 kcal (621 kJ\/155 kcal)<br \/>\ntuky 12,4 g (5,6 g), z toho nas\u00fdten\u00e9 mastn\u00e9 kyseliny 6,2 g \u00a0(2,8 g)<br \/>\nsacharidy 8,5 g (3,8 g), z toho cukry 8,2 g (3,7 g)<br \/>\nvl\u00e1knina 34 g (15,3 g)<br \/>\nbielkoviny 25,9 g (11,7 g)<br \/>\nso\u013e g (0 g)<\/p>\n<p>&nbsp;<\/p>\n<p><strong>Balenie obsahuje 1 porciu (45 g).<\/strong><\/p>\n<p><strong>Vyroben\u00e9 v \u010ceskej republike.<\/strong><\/p>\n<p><strong>Skladovanie:<\/strong> Skladujte v\u00a0suchu a v\u00a0tme, chr\u00e1\u0148te pred teplom. Po otvoren\u00ed ur\u010den\u00e9 na okam\u017eit\u00fa spotrebu.<\/p>\n<p>&nbsp;<\/p>\n<p><strong>\u261d\ufe0f<\/strong><strong> Neprehliadni ani \u010fal\u0161ie pr\u00edchute Snacknutiek! <\/strong><\/p>\n<ul>\n<li>ovocn\u00e9 aj orechov\u00e9<\/li>\n<li>veg\u00e1nske, bezlepkov\u00e9, s vysok\u00fdm obsahom vl\u00e1kniny aj prote\u00ednov\u00e9<\/li>\n<li>bez pridan\u00e9ho cukru a sladidiel<\/li>\n<li>prudko n\u00e1vykov\u00e9<\/li>\n<\/ul>\n<p>&nbsp;<\/p>\n","protected":false},"excerpt":{"rendered":"<p><strong>Lahodne ovocn\u00e1 a v\u00fdborn\u00e1 (nielen) pre maka\u010dov v\u010faka vysok\u00e9mu obsahu prote\u00ednu.<\/strong><br \/>\nProte\u00ednov\u00e1 ty\u010dinka in\u0161pirovan\u00e1 Fitshaker ra\u0148ajkovou ka\u0161ou mango-anan\u00e1s.<\/p>\n<p>&nbsp;<\/p>\n<p><img loading=\"lazy\" decoding=\"async\" class=\"alignnone wp-image-171107\" src=\"https:\/\/fitshaker.sk\/eshop\/wp-content\/uploads\/2024\/12\/eshop-ikonky-produkty_Snacknutka-Ananas-a-mango.png\" alt=\"proteinova tycinka\" width=\"442\" height=\"100\" srcset=\"https:\/\/fitshaker.sk\/eshop\/wp-content\/uploads\/2024\/12\/eshop-ikonky-produkty_Snacknutka-Ananas-a-mango.png 3907w, https:\/\/fitshaker.sk\/eshop\/wp-content\/uploads\/2024\/12\/eshop-ikonky-produkty_Snacknutka-Ananas-a-mango-350x79.png 350w, https:\/\/fitshaker.sk\/eshop\/wp-content\/uploads\/2024\/12\/eshop-ikonky-produkty_Snacknutka-Ananas-a-mango-595x134.png 595w, https:\/\/fitshaker.sk\/eshop\/wp-content\/uploads\/2024\/12\/eshop-ikonky-produkty_Snacknutka-Ananas-a-mango-385x87.png 385w, https:\/\/fitshaker.sk\/eshop\/wp-content\/uploads\/2024\/12\/eshop-ikonky-produkty_Snacknutka-Ananas-a-mango-768x174.png 768w, https:\/\/fitshaker.sk\/eshop\/wp-content\/uploads\/2024\/12\/eshop-ikonky-produkty_Snacknutka-Ananas-a-mango-1536x347.png 1536w, https:\/\/fitshaker.sk\/eshop\/wp-content\/uploads\/2024\/12\/eshop-ikonky-produkty_Snacknutka-Ananas-a-mango-2048x463.png 2048w, https:\/\/fitshaker.sk\/eshop\/wp-content\/uploads\/2024\/12\/eshop-ikonky-produkty_Snacknutka-Ananas-a-mango-450x102.png 450w\" sizes=\"(max-width: 442px) 100vw, 442px\" \/><\/p>\n","protected":false},"featured_media":162519,"comment_status":"open","ping_status":"closed","template":"","meta":{"_acf_changed":false},"product_cat":[213],"product_tag":[],"bundle_layout":"","bundled_by":[],"bundled_items":[],"acf":[],"_links":{"self":[{"href":"https:\/\/fitshaker.sk\/eshop\/wp-json\/wp\/v2\/product\/155866"}],"collection":[{"href":"https:\/\/fitshaker.sk\/eshop\/wp-json\/wp\/v2\/product"}],"about":[{"href":"https:\/\/fitshaker.sk\/eshop\/wp-json\/wp\/v2\/types\/product"}],"replies":[{"embeddable":true,"href":"https:\/\/fitshaker.sk\/eshop\/wp-json\/wp\/v2\/comments?post=155866"}],"wp:featuredmedia":[{"embeddable":true,"href":"https:\/\/fitshaker.sk\/eshop\/wp-json\/wp\/v2\/media\/162519"}],"wp:attachment":[{"href":"https:\/\/fitshaker.sk\/eshop\/wp-json\/wp\/v2\/media?parent=155866"}],"wp:term":[{"taxonomy":"product_cat","embeddable":true,"href":"https:\/\/fitshaker.sk\/eshop\/wp-json\/wp\/v2\/product_cat?post=155866"},{"taxonomy":"product_tag","embeddable":true,"href":"https:\/\/fitshaker.sk\/eshop\/wp-json\/wp\/v2\/product_tag?post=155866"}],"curies":[{"name":"wp","href":"https:\/\/api.w.org\/{rel}","templated":true}]}}