{"id":155817,"date":"2024-07-24T12:32:48","date_gmt":"2024-07-24T10:32:48","guid":{"rendered":"https:\/\/fitshaker-eshop-prod.goodrequest.dev\/eshop\/?post_type=product&#038;p=155817"},"modified":"2026-04-02T16:29:26","modified_gmt":"2026-04-02T14:29:26","slug":"lyofilizovane-ovocie-cucoriedka-visna-50-g","status":"publish","type":"product","link":"https:\/\/fitshaker.sk\/eshop\/produkt\/lyofilizovane-ovocie-cucoriedka-visna-50-g","title":{"rendered":"Lyofilizovan\u00e9 ovocie \u2013 \u010du\u010doriedka, vi\u0161\u0148a 50 g"},"content":{"rendered":"<p><strong><img loading=\"lazy\" decoding=\"async\" class=\"alignright wp-image-146478\" src=\"https:\/\/fitshaker.sk\/eshop\/wp-content\/uploads\/2024\/04\/lyo-ovocie-cucoriedky-visne-e1739449369466.jpg\" alt=\"lyo-bobule\" width=\"689\" height=\"450\" srcset=\"https:\/\/fitshaker.sk\/eshop\/wp-content\/uploads\/2024\/04\/lyo-ovocie-cucoriedky-visne-e1739449369466.jpg 1224w, https:\/\/fitshaker.sk\/eshop\/wp-content\/uploads\/2024\/04\/lyo-ovocie-cucoriedky-visne-e1739449369466-350x229.jpg 350w, https:\/\/fitshaker.sk\/eshop\/wp-content\/uploads\/2024\/04\/lyo-ovocie-cucoriedky-visne-e1739449369466-595x389.jpg 595w, https:\/\/fitshaker.sk\/eshop\/wp-content\/uploads\/2024\/04\/lyo-ovocie-cucoriedky-visne-e1739449369466-385x252.jpg 385w, https:\/\/fitshaker.sk\/eshop\/wp-content\/uploads\/2024\/04\/lyo-ovocie-cucoriedky-visne-e1739449369466-768x502.jpg 768w, https:\/\/fitshaker.sk\/eshop\/wp-content\/uploads\/2024\/04\/lyo-ovocie-cucoriedky-visne-e1739449369466-450x294.jpg 450w\" sizes=\"(max-width: 689px) 100vw, 689px\" \/>Na\u0161e lyofilizovan\u00e9 ovocie sa zbiera v \u010dase ide\u00e1lnej zrelosti. N\u00e1sledne sa \u0161etrne su\u0161\u00ed mrazom, aby bolo:<\/strong><\/p>\n<ul>\n<li><strong>kr\u00e1sne chrumkav\u00e9,<\/strong><\/li>\n<li><strong>zachovalo si chu\u0165 a farbu <\/strong><\/li>\n<li><strong>a a\u017e 98 % svojich v\u00fd\u017eivov\u00fdch hodn\u00f4t. <\/strong><\/li>\n<li><strong>Je takmer identick\u00e9 s\u00a0p\u00f4vodn\u00fdm ovoc\u00edm. <\/strong><\/li>\n<li><strong>Je bez konzervantov.<\/strong><\/li>\n<\/ul>\n<p>Ovocie, ktor\u00e9 mo\u017eno pestova\u0165 v Eur\u00f3pe, dov\u00e1\u017eame zo Srbska. Pestuje sa na mimoriadne \u00farodnej p\u00f4de. Chu\u0165 aj v\u00f4\u0148u ovocia umoc\u0148uje ve\u013ek\u00fd po\u010det slne\u010dn\u00fdch dn\u00ed po\u010das obdobia dozrievania. Tieto priazniv\u00e9 pr\u00edrodn\u00e9 podmienky zaru\u010duj\u00fa dokonal\u00fa chu\u0165ov\u00fa harm\u00f3niu ovocia. Nie div, \u017ee kvalita srbsk\u00e9ho ovocia dosahuje popredn\u00e9 miesto v r\u00e1mci Eur\u00f3py \ud83d\ude42.<\/p>\n<p><strong>Ako prebieha v\u00fdroba tak\u00e9ho kvalitn\u00e9ho ovocia? <\/strong>Ovocie sa dov\u00e1\u017ea na miesto spracovania v de\u0148 zberu z okruhu do 50 km. \u010ci\u017ee ovocie sa naozaj mraz\u00ed v najvy\u0161\u0161ej mo\u017enej kvalite a v \u010dase svojej ide\u00e1lnej zrelosti, ke\u010f obsahuje najviac vitam\u00ednov.<\/p>\n<p><strong>Prin\u00e1\u0161ame ti pr\u00e9miov\u00fa kvalitu, ktor\u00fa h\u013ead\u00e1me aj sami pre seba. Bez kompromisov <\/strong><strong>\ud83d\ude09<\/strong><strong>.<\/strong><\/p>\n<p>&nbsp;<\/p>\n<p><strong>Zlo\u017eenie:<\/strong> lyofilizovan\u00e9 \u010du\u010doriedky 50 %, lyofilizovan\u00e9 vi\u0161ne 50 %.*<\/p>\n<p><strong>*Ovocie su\u0161en\u00e9 mrazom je 100 % \u010dist\u00e9 ovocie, z ktor\u00e9ho je odstr\u00e1nen\u00e1 voda. <\/strong><br \/>\n<strong>50 g lyofilizovan\u00e9ho ovocia je vyroben\u00e9ho zo 400 a\u017e 500 g \u010derstv\u00e9ho ovocia.<\/strong><\/p>\n<p>&nbsp;<\/p>\n<p><strong>V\u00fd\u017eivov\u00e9 \u00fadaje na 100 g:<\/strong><\/p>\n<p>energia 1 650 kJ\/395 kcal; tuky 0,45 g, z toho nas\u00fdten\u00e9 mastn\u00e9 kyseliny 0,04 g; sacharidy 86,7 g, z toho cukry 48,4 g; vl\u00e1knina 4,6 g; bielkoviny 5,96 g; so\u013e 0,01 g.<\/p>\n<p>&nbsp;<\/p>\n<p><strong>Pr\u00edprava:<\/strong> Lyofilizovan\u00e9 ovocie je ide\u00e1lne na konzum\u00e1ciu priamo, na pe\u010denie, do jogurtov, sorbetov alebo smoothies.<\/p>\n<p><strong>Skladovanie: <\/strong>Skladujte v suchu, pri teplote do +25 \u02daC a chr\u00e1\u0148te pred priamym slne\u010dn\u00fdm \u017eiaren\u00edm. Obal v\u017edy dobre uzatvorte. Spotrebujte do 1 mesiaca od otvorenia.<\/p>\n<p>&nbsp;<\/p>\n<p><strong>Vyroben\u00e9 na Slovensku.<\/strong><\/p>\n<p><strong>Krajina p\u00f4vodu ovocia: Srbsko.<\/strong><\/p>\n<p><strong>50 g<\/strong><\/p>\n<p>&nbsp;<\/p>\n","protected":false},"excerpt":{"rendered":"<p>Mrazom su\u0161en\u00e9 ovocie (100 %).<\/p>\n<p>&nbsp;<\/p>\n<p><img loading=\"lazy\" decoding=\"async\" class=\"alignnone wp-image-171108\" src=\"https:\/\/fitshaker.sk\/eshop\/wp-content\/uploads\/2024\/12\/eshop-ikonky-produkty_lyo-ovocie.png\" alt=\"lyofilizovane ovocie\" width=\"670\" height=\"100\" srcset=\"https:\/\/fitshaker.sk\/eshop\/wp-content\/uploads\/2024\/12\/eshop-ikonky-produkty_lyo-ovocie.png 5920w, https:\/\/fitshaker.sk\/eshop\/wp-content\/uploads\/2024\/12\/eshop-ikonky-produkty_lyo-ovocie-350x52.png 350w, https:\/\/fitshaker.sk\/eshop\/wp-content\/uploads\/2024\/12\/eshop-ikonky-produkty_lyo-ovocie-595x89.png 595w, https:\/\/fitshaker.sk\/eshop\/wp-content\/uploads\/2024\/12\/eshop-ikonky-produkty_lyo-ovocie-385x57.png 385w, https:\/\/fitshaker.sk\/eshop\/wp-content\/uploads\/2024\/12\/eshop-ikonky-produkty_lyo-ovocie-768x115.png 768w, https:\/\/fitshaker.sk\/eshop\/wp-content\/uploads\/2024\/12\/eshop-ikonky-produkty_lyo-ovocie-1536x229.png 1536w, https:\/\/fitshaker.sk\/eshop\/wp-content\/uploads\/2024\/12\/eshop-ikonky-produkty_lyo-ovocie-2048x305.png 2048w, https:\/\/fitshaker.sk\/eshop\/wp-content\/uploads\/2024\/12\/eshop-ikonky-produkty_lyo-ovocie-450x67.png 450w\" sizes=\"(max-width: 670px) 100vw, 670px\" \/><\/p>\n","protected":false},"featured_media":162545,"comment_status":"open","ping_status":"closed","template":"","meta":{"_acf_changed":false},"product_cat":[213],"product_tag":[],"bundle_layout":"","bundled_by":[],"bundled_items":[],"acf":[],"_links":{"self":[{"href":"https:\/\/fitshaker.sk\/eshop\/wp-json\/wp\/v2\/product\/155817"}],"collection":[{"href":"https:\/\/fitshaker.sk\/eshop\/wp-json\/wp\/v2\/product"}],"about":[{"href":"https:\/\/fitshaker.sk\/eshop\/wp-json\/wp\/v2\/types\/product"}],"replies":[{"embeddable":true,"href":"https:\/\/fitshaker.sk\/eshop\/wp-json\/wp\/v2\/comments?post=155817"}],"wp:featuredmedia":[{"embeddable":true,"href":"https:\/\/fitshaker.sk\/eshop\/wp-json\/wp\/v2\/media\/162545"}],"wp:attachment":[{"href":"https:\/\/fitshaker.sk\/eshop\/wp-json\/wp\/v2\/media?parent=155817"}],"wp:term":[{"taxonomy":"product_cat","embeddable":true,"href":"https:\/\/fitshaker.sk\/eshop\/wp-json\/wp\/v2\/product_cat?post=155817"},{"taxonomy":"product_tag","embeddable":true,"href":"https:\/\/fitshaker.sk\/eshop\/wp-json\/wp\/v2\/product_tag?post=155817"}],"curies":[{"name":"wp","href":"https:\/\/api.w.org\/{rel}","templated":true}]}}