{"id":155811,"date":"2024-07-24T12:32:48","date_gmt":"2024-07-24T10:32:48","guid":{"rendered":"https:\/\/fitshaker-eshop-prod.goodrequest.dev\/eshop\/?post_type=product&#038;p=155811"},"modified":"2026-04-19T02:16:58","modified_gmt":"2026-04-19T00:16:58","slug":"lyofilizovane-visne-v-horkej-cokolade-50-g","status":"publish","type":"product","link":"https:\/\/fitshaker.sk\/eshop\/produkt\/lyofilizovane-visne-v-horkej-cokolade-50-g","title":{"rendered":"Lyofilizovan\u00e9 vi\u0161ne v horkej \u010dokol\u00e1de 50 g"},"content":{"rendered":"<p><img loading=\"lazy\" decoding=\"async\" class=\"alignright wp-image-146481\" src=\"https:\/\/fitshaker.sk\/eshop\/wp-content\/uploads\/2024\/04\/visne-v-cokolade-scaled-e1739551829570.jpg\" alt=\"zdrave-sladkosti\" width=\"565\" height=\"450\" srcset=\"https:\/\/fitshaker.sk\/eshop\/wp-content\/uploads\/2024\/04\/visne-v-cokolade-scaled-e1739551829570.jpg 1369w, https:\/\/fitshaker.sk\/eshop\/wp-content\/uploads\/2024\/04\/visne-v-cokolade-scaled-e1739551829570-350x279.jpg 350w, https:\/\/fitshaker.sk\/eshop\/wp-content\/uploads\/2024\/04\/visne-v-cokolade-scaled-e1739551829570-595x474.jpg 595w, https:\/\/fitshaker.sk\/eshop\/wp-content\/uploads\/2024\/04\/visne-v-cokolade-scaled-e1739551829570-385x307.jpg 385w, https:\/\/fitshaker.sk\/eshop\/wp-content\/uploads\/2024\/04\/visne-v-cokolade-scaled-e1739551829570-768x612.jpg 768w, https:\/\/fitshaker.sk\/eshop\/wp-content\/uploads\/2024\/04\/visne-v-cokolade-scaled-e1739551829570-450x359.jpg 450w\" sizes=\"(max-width: 565px) 100vw, 565px\" \/>Toto je d\u00f4kaz, \u017ee sladkosti sa daj\u00fa robi\u0165 aj <strong>zdravo a kvalitne!<\/strong><\/p>\n<p><strong>Na\u0161e lyofilizovan\u00e9 ovocie sa zbiera v \u010dase ide\u00e1lnej zrelosti. N\u00e1sledne sa \u0161etrne su\u0161\u00ed mrazom, aby bolo kr\u00e1sne chrumkav\u00e9, zachovalo si chu\u0165 a farbu a a\u017e 98 % svojich v\u00fd\u017eivov\u00fdch hodn\u00f4t. Je takmer identick\u00e9 s\u00a0p\u00f4vodn\u00fdm ovoc\u00edm. Je bez konzervantov.<\/strong><\/p>\n<p>Ka\u017ed\u00fdch 100 g mrazom su\u0161en\u00e9ho ovocia je vyroben\u00fdch z 800 g a\u017e 1 kg \u010derstv\u00e9ho ovocia.<\/p>\n<p>Vi\u0161ne sa jednotlivo triedia a dra\u017euj\u00fa do horkej \u010dokol\u00e1dy. Neobsahuj\u00fa \u017eiadne chemik\u00e1lie ani pridan\u00e9 cukry. \u010cokol\u00e1da je bez umel\u00fdch le\u0161tiacich l\u00e1tok.<\/p>\n<p>&nbsp;<\/p>\n<h3>Zlo\u017eenie:<\/h3>\n<p>hork\u00e1 \u010dokol\u00e1da 66,7 % (cukor, kakaov\u00e1 hmota, kakaov\u00e9 maslo, emulg\u00e1tory: repkov\u00fd lecit\u00edn, vanilka), lyofilizovan\u00e9 vi\u0161ne 33,3 %.<\/p>\n<p><strong>M\u00f4\u017ee obsahova\u0165\u00a0ara\u0161idy,\u00a0s\u00f3ju, orechy a mlieko.<\/strong><\/p>\n<p>&nbsp;<\/p>\n<h3>V\u00fd\u017eivov\u00e9 \u00fadaje na 100 g:<\/h3>\n<p>energia 2036,57 kJ\/487 kcal; tuky 22,8 g, z toho nas\u00fdten\u00e9 mastn\u00e9 kyseliny 13,39 g; sacharidy 64,02 g, z toho cukry 49,93 g; bielkoviny 4,83 g; so\u013e 0,01 g.<\/p>\n<p>&nbsp;<\/p>\n<p><strong>Skladovanie: <\/strong>Skladujte v suchu, pri teplote od +18 \u02daC do +23 \u02daC a chr\u00e1\u0148te pred priamym slne\u010dn\u00fdm \u017eiaren\u00edm. Obal v\u017edy dobre uzatvorte. Spotrebujte do 1 mesiaca od otvorenia.<\/p>\n<p><strong>Vyroben\u00e9 na Slovensku.<\/strong><\/p>\n<p><strong>Krajina p\u00f4vodu ovocia: Srbsko.<\/strong><\/p>\n<p><strong>50 g<\/strong><\/p>\n<p>&nbsp;<\/p>\n","protected":false},"excerpt":{"rendered":"<p>Tak toto je sladk\u00e1 zdrav\u00e1 BOMBA! <strong>Lyofilizovan\u00e9 ovocie pr\u00e9miovej kvality m\u00e1\u010dan\u00e9 v \u010dokol\u00e1de vyrobenej na Slovensku.<\/strong><\/p>\n<p><strong>Bez zbyto\u010dn\u00fdch le\u0161tiacich l\u00e1tok!<\/strong> Prin\u00e1\u0161ame ti pr\u00e9miov\u00fa kvalitu, ktor\u00fa h\u013ead\u00e1me aj sami pre seba. <strong>Bez kompromisov.<\/strong><\/p>\n<p>&nbsp;<\/p>\n<p>&nbsp;<\/p>\n<p><img loading=\"lazy\" decoding=\"async\" class=\"alignnone wp-image-171124\" src=\"https:\/\/fitshaker.sk\/eshop\/wp-content\/uploads\/2024\/12\/CZ-Lyo-jahody-v-horej-cokolade.png\" alt=\"lyo ovoce v horke cokolade\" width=\"670\" height=\"100\" srcset=\"https:\/\/fitshaker.sk\/eshop\/wp-content\/uploads\/2024\/12\/CZ-Lyo-jahody-v-horej-cokolade.png 5920w, https:\/\/fitshaker.sk\/eshop\/wp-content\/uploads\/2024\/12\/CZ-Lyo-jahody-v-horej-cokolade-350x52.png 350w, https:\/\/fitshaker.sk\/eshop\/wp-content\/uploads\/2024\/12\/CZ-Lyo-jahody-v-horej-cokolade-595x89.png 595w, https:\/\/fitshaker.sk\/eshop\/wp-content\/uploads\/2024\/12\/CZ-Lyo-jahody-v-horej-cokolade-385x57.png 385w, https:\/\/fitshaker.sk\/eshop\/wp-content\/uploads\/2024\/12\/CZ-Lyo-jahody-v-horej-cokolade-768x115.png 768w, https:\/\/fitshaker.sk\/eshop\/wp-content\/uploads\/2024\/12\/CZ-Lyo-jahody-v-horej-cokolade-1536x229.png 1536w, https:\/\/fitshaker.sk\/eshop\/wp-content\/uploads\/2024\/12\/CZ-Lyo-jahody-v-horej-cokolade-2048x305.png 2048w, https:\/\/fitshaker.sk\/eshop\/wp-content\/uploads\/2024\/12\/CZ-Lyo-jahody-v-horej-cokolade-450x67.png 450w\" sizes=\"(max-width: 670px) 100vw, 670px\" \/><\/p>\n","protected":false},"featured_media":162553,"comment_status":"open","ping_status":"closed","template":"","meta":{"_acf_changed":false},"product_cat":[213],"product_tag":[],"bundle_layout":"","bundled_by":[],"bundled_items":[],"acf":[],"_links":{"self":[{"href":"https:\/\/fitshaker.sk\/eshop\/wp-json\/wp\/v2\/product\/155811"}],"collection":[{"href":"https:\/\/fitshaker.sk\/eshop\/wp-json\/wp\/v2\/product"}],"about":[{"href":"https:\/\/fitshaker.sk\/eshop\/wp-json\/wp\/v2\/types\/product"}],"replies":[{"embeddable":true,"href":"https:\/\/fitshaker.sk\/eshop\/wp-json\/wp\/v2\/comments?post=155811"}],"wp:featuredmedia":[{"embeddable":true,"href":"https:\/\/fitshaker.sk\/eshop\/wp-json\/wp\/v2\/media\/162553"}],"wp:attachment":[{"href":"https:\/\/fitshaker.sk\/eshop\/wp-json\/wp\/v2\/media?parent=155811"}],"wp:term":[{"taxonomy":"product_cat","embeddable":true,"href":"https:\/\/fitshaker.sk\/eshop\/wp-json\/wp\/v2\/product_cat?post=155811"},{"taxonomy":"product_tag","embeddable":true,"href":"https:\/\/fitshaker.sk\/eshop\/wp-json\/wp\/v2\/product_tag?post=155811"}],"curies":[{"name":"wp","href":"https:\/\/api.w.org\/{rel}","templated":true}]}}