{"id":155757,"date":"2024-07-24T12:32:36","date_gmt":"2024-07-24T10:32:36","guid":{"rendered":"https:\/\/fitshaker-eshop-prod.goodrequest.dev\/eshop\/?post_type=product&#038;p=155757"},"modified":"2026-03-12T16:57:35","modified_gmt":"2026-03-12T15:57:35","slug":"dlhe-leginy-compress-gray","status":"publish","type":"product","link":"https:\/\/fitshaker.sk\/eshop\/produkt\/dlhe-leginy-compress-gray","title":{"rendered":"Dlh\u00e9 leg\u00edny COMPRESS Gray"},"content":{"rendered":"<p><strong><em>Prin\u00e1\u0161ame nov\u00fa origin\u00e1lnu kolekciu \u0161portov\u00e9ho oble\u010denia Fitshaker \u2013 COMPRESS. <\/em><\/strong><em>T\u00e1to kolekcia je \u0161pecifick\u00e1 t\u00fdm, \u017ee <strong>je vyroben\u00e1 z pevnej\u0161ieho formuj\u00faceho materi\u00e1lu. COMPRESS GRAY <\/strong>sme pripravili <strong>v univerz\u00e1lnom sivom predveden\u00ed. Leg\u00edny aj \u0161ortky tejto kolekcie s\u00fa jemne ozdoben\u00e9 na\u0161imi autorsk\u00fdmi Fitshaker ilustr\u00e1ciami. <\/strong><\/em><\/p>\n<p><em>\u010co z n\u00e1\u0161ho oble\u010dka ti sadne viac? Flexibilnej\u0161ia BASIC alebo formuj\u00facej\u0161ia COMPRESS kolekcia? <\/em><\/p>\n<p>Ak h\u013ead\u00e1\u0161 dlh\u00e9 leg\u00edny s vysok\u00fdm p\u00e1som a formuj\u00facim efektom, nech sa p\u00e1\u010di \ud83d\ude42.<\/p>\n<p>Na cel\u00fa kolekciu nohav\u00edc COMPRESS (kr\u00e1tke, cyklistick\u00e9 \u0161ortky a dlh\u00e9 leg\u00edny) sme pou\u017eili rovnak\u00fd s\u0165ahuj\u00faci materi\u00e1l a d\u00f4myselne premyslen\u00fd strih s vysok\u00fdm p\u00e1som. <strong>Dlh\u00e9 leg\u00edny COMPRESS<\/strong> <strong>skvele sadn\u00fa, dr\u017eia, nezo\u0161uchuj\u00fa sa pri cvi\u010den\u00ed, maj\u00fa pohodln\u00fd FAKT vysok\u00fd p\u00e1s a ich pevnej\u0161\u00ed funk\u010dn\u00fd materi\u00e1l kr\u00e1sne formuje zadok aj stehn\u00e1<\/strong> \ud83d\ude01.<\/p>\n<p><strong>Leg\u00edny COMPRESS u n\u00e1s n\u00e1jde\u0161 vo ve\u013ekostiach od XS a\u017e po XL. Ak chce\u0161 viac s\u0165ahuj\u00faci a formuj\u00faci efekt, vyber si ve\u013ekos\u0165, ktor\u00fa be\u017ene nos\u00ed\u0161, ak chce\u0161 menej s\u0165ahuj\u00faci efekt a preferuje\u0161 pohodlnej\u0161ie \u0161portov\u00e9 oble\u010denie, vyber si o \u010d\u00edslo v\u00e4\u010d\u0161iu ve\u013ekos\u0165. <\/strong><\/p>\n<p><strong>Materi\u00e1l je priedu\u0161n\u00fd, r\u00fdchlo schne a je vhodn\u00fd do ka\u017ed\u00e9ho ro\u010dn\u00e9ho obdobia. <\/strong><\/p>\n<p>Na hor\u00face letn\u00e9 dni v\u0161ak vysk\u00fa\u0161aj z tejto kolekcie Kr\u00e1tke \u0161ortky COMPRESS alebo Cyklistick\u00e9 \u0161ortky COMPRESS.<\/p>\n<p><strong>Zlo\u017eenie materi\u00e1lu:<\/strong> 82 % polyester, 18 % elast\u00e9n<\/p>\n<p><strong>Starostlivos\u0165 o produkt: <\/strong>Pra\u0165 prevr\u00e1ten\u00e9 naruby na 30 \u00b0, nepou\u017e\u00edva\u0165 aviv\u00e1\u017e, nesu\u0161i\u0165 v su\u0161i\u010dke, vyvarova\u0165 sa oderu s ostr\u00fdmi predmetmi.<\/p>\n<p><strong>Na\u0161a BASIC a COMPRESS kolekcia je u\u0161it\u00e1 v Po\u013esku z l\u00e1tok vyroben\u00fdch v Po\u013esku.<\/strong><br \/>\nVznikla vo f\u00e9r podmienkach. Na\u0161ich dod\u00e1vate\u013eov, kraj\u010d\u00edrky aj n\u00e1vrh\u00e1rky osobne pozn\u00e1me, ako aj miesta, v ktor\u00fdch pracuj\u00fa.<\/p>\n<p><strong>COMPRESS kolekcia je vyroben\u00e1 sublim\u00e1ciou \u2013 \u010di\u017ee potla\u010dou na bielu l\u00e1tku.<\/strong> V niektor\u00fdch miestach m\u00e1 preto jemn\u00e9 biele odlesky, ktor\u00e9 l\u00e1tke dod\u00e1vaj\u00fa tro\u0161ku metalick\u00fd charakter. <strong>L\u00e1tka je pevn\u00e1, s\u0165ahuj\u00faca a nepresvit\u00e1.<\/strong><\/p>\n","protected":false},"excerpt":{"rendered":"<p>Nov\u00e1 kolekcia z pevnej\u0161ieho formuj\u00faceho materi\u00e1lu je tu!<\/p>\n","protected":false},"featured_media":155392,"comment_status":"open","ping_status":"closed","template":"","meta":{"_acf_changed":false},"product_cat":[214],"product_tag":[],"bundle_layout":"","bundled_by":[],"bundled_items":[],"acf":[],"_links":{"self":[{"href":"https:\/\/fitshaker.sk\/eshop\/wp-json\/wp\/v2\/product\/155757"}],"collection":[{"href":"https:\/\/fitshaker.sk\/eshop\/wp-json\/wp\/v2\/product"}],"about":[{"href":"https:\/\/fitshaker.sk\/eshop\/wp-json\/wp\/v2\/types\/product"}],"replies":[{"embeddable":true,"href":"https:\/\/fitshaker.sk\/eshop\/wp-json\/wp\/v2\/comments?post=155757"}],"wp:featuredmedia":[{"embeddable":true,"href":"https:\/\/fitshaker.sk\/eshop\/wp-json\/wp\/v2\/media\/155392"}],"wp:attachment":[{"href":"https:\/\/fitshaker.sk\/eshop\/wp-json\/wp\/v2\/media?parent=155757"}],"wp:term":[{"taxonomy":"product_cat","embeddable":true,"href":"https:\/\/fitshaker.sk\/eshop\/wp-json\/wp\/v2\/product_cat?post=155757"},{"taxonomy":"product_tag","embeddable":true,"href":"https:\/\/fitshaker.sk\/eshop\/wp-json\/wp\/v2\/product_tag?post=155757"}],"curies":[{"name":"wp","href":"https:\/\/api.w.org\/{rel}","templated":true}]}}