{"id":155751,"date":"2024-07-24T12:32:35","date_gmt":"2024-07-24T10:32:35","guid":{"rendered":"https:\/\/fitshaker-eshop-prod.goodrequest.dev\/eshop\/?post_type=product&#038;p=155751"},"modified":"2026-03-12T10:33:56","modified_gmt":"2026-03-12T09:33:56","slug":"sportova-podprsenka-compress-gray","status":"publish","type":"product","link":"https:\/\/fitshaker.sk\/eshop\/produkt\/sportova-podprsenka-compress-gray","title":{"rendered":"\u0160portov\u00e1 podprsenka COMPRESS Gray"},"content":{"rendered":"<p><strong><em>Prin\u00e1\u0161ame nov\u00fa origin\u00e1lnu kolekciu \u0161portov\u00e9ho oble\u010denia Fitshaker \u2013 COMPRESS. <\/em><\/strong><em>T\u00e1to kolekcia je \u0161pecifick\u00e1 t\u00fdm, \u017ee <strong>je vyroben\u00e1 z pevnej\u0161ieho formuj\u00faceho materi\u00e1lu. COMPRESS GRAY <\/strong>sme pripravili <strong>v univerz\u00e1lnom sivom predveden\u00ed. Leg\u00edny aj \u0161ortky tejto kolekcie s\u00fa jemne ozdoben\u00e9 na\u0161imi autorsk\u00fdmi Fitshaker ilustr\u00e1ciami. <\/strong><\/em><\/p>\n<p><em>\u010co z n\u00e1\u0161ho oble\u010dka ti sadne viac? Flexibilnej\u0161ia BASIC alebo formuj\u00facej\u0161ia COMPRESS kolekcia? <\/em><\/p>\n<p>Kr\u00e1sna praktick\u00e1 \u0161portov\u00e1 podprsenka s prekr\u00ed\u017een\u00edm na chrbte je dokonalos\u0165 sama \ud83d\ude42. Je <strong>pevn\u00e1 a prisp\u00f4sobiv\u00e1 v\u010faka pr\u00edjemnej gumi\u010dke<\/strong>, ktor\u00e1 obop\u00edna hrudn\u00edk a plecia. <strong>Strih podprsenky kr\u00e1sne tvaruje prsia<\/strong>, netla\u010d\u00ed na hrudn\u00edk a nedeformuje ho. \u010cere\u0161ni\u010dkou na torte je zauj\u00edmav\u00e9 prekr\u00ed\u017eenie gumi\u010dky na chrbte \ud83d\ude42. <strong>Funk\u010dn\u00fd \u0161portov\u00fd materi\u00e1l si zamilujete. Je pohodln\u00fd, pr\u00edjemn\u00fd a priedu\u0161n\u00fd a r\u00fdchlo schne. \u0160portov\u00e1 podprsenka je vyroben\u00e1 z rovnak\u00e9ho funk\u010dn\u00e9ho materi\u00e1lu ako COMPRESS leg\u00edny a \u0161ortky.<\/strong><\/p>\n<p><strong>\u0160portov\u00fa podprsenku COMPRESS u n\u00e1s n\u00e1jde\u0161 vo ve\u013ekostiach od XS a\u017e po XL. \u0160portov\u00e9 podprsenky aj vo verzii COMPRESS s\u00fa ve\u013emi flexibiln\u00e9 v\u010faka gumi\u010dke, ktor\u00e1 obop\u00edna plecia aj hrudn\u00edk. Preto odpor\u00fa\u010dame vybra\u0165 si ve\u013ekos\u0165, ktor\u00fa be\u017ene nos\u00ed\u0161, alebo ak sa rozhoduje\u0161 medzi 2 ve\u013ekos\u0165ami, siahni po tej men\u0161ej.<\/strong><\/p>\n<p><strong>Zlo\u017eenie materi\u00e1lu:<\/strong> 82 % polyester, 18 % elast\u00e9n<\/p>\n<p>\u0160portov\u00e1 podprsenka obsahuje vyberate\u013en\u00e9 vypch\u00e1vky.<\/p>\n<p><strong>Starostlivos\u0165 o produkt: <\/strong>Pra\u0165 prevr\u00e1ten\u00e9 naruby na 30 \u00b0, nepou\u017e\u00edva\u0165 aviv\u00e1\u017e, nesu\u0161i\u0165 v su\u0161i\u010dke, vyvarova\u0165 sa oderu s ostr\u00fdmi predmetmi.<\/p>\n<p><strong>Na\u0161a BASIC a COMPRESS kolekcia je u\u0161it\u00e1 v Po\u013esku z l\u00e1tok vyroben\u00fdch v Po\u013esku.<\/strong><br \/>\nVznikla vo f\u00e9r podmienkach. Na\u0161ich dod\u00e1vate\u013eov, kraj\u010d\u00edrky aj n\u00e1vrh\u00e1rky osobne pozn\u00e1me, ako aj miesta, v ktor\u00fdch pracuj\u00fa.<\/p>\n<p><strong>COMPRESS kolekcia je vyroben\u00e1 sublim\u00e1ciou \u2013 \u010di\u017ee potla\u010dou na bielu l\u00e1tku.<\/strong> V niektor\u00fdch miestach m\u00e1 preto jemn\u00e9 biele odlesky, ktor\u00e9 l\u00e1tke dod\u00e1vaj\u00fa tro\u0161ku metalick\u00fd charakter. <strong>L\u00e1tka je pevn\u00e1, s\u0165ahuj\u00faca a nepresvit\u00e1.<\/strong><\/p>\n<p><img loading=\"lazy\" decoding=\"async\" class=\"alignnone wp-image-165101 size-full\" src=\"https:\/\/fitshaker.sk\/eshop\/wp-content\/uploads\/2024\/07\/podprsenka-BASIC-COMRPESS-tabulka-velkosti-produkty-SK-1-scaled.jpg\" alt=\"podprsenka BASIC COMRPESS tabulka velkosti produkty SK (1)\" width=\"2560\" height=\"1238\" srcset=\"https:\/\/fitshaker.sk\/eshop\/wp-content\/uploads\/2024\/07\/podprsenka-BASIC-COMRPESS-tabulka-velkosti-produkty-SK-1-scaled.jpg 2560w, https:\/\/fitshaker.sk\/eshop\/wp-content\/uploads\/2024\/07\/podprsenka-BASIC-COMRPESS-tabulka-velkosti-produkty-SK-1-350x169.jpg 350w, https:\/\/fitshaker.sk\/eshop\/wp-content\/uploads\/2024\/07\/podprsenka-BASIC-COMRPESS-tabulka-velkosti-produkty-SK-1-595x288.jpg 595w, https:\/\/fitshaker.sk\/eshop\/wp-content\/uploads\/2024\/07\/podprsenka-BASIC-COMRPESS-tabulka-velkosti-produkty-SK-1-385x186.jpg 385w, https:\/\/fitshaker.sk\/eshop\/wp-content\/uploads\/2024\/07\/podprsenka-BASIC-COMRPESS-tabulka-velkosti-produkty-SK-1-768x371.jpg 768w, https:\/\/fitshaker.sk\/eshop\/wp-content\/uploads\/2024\/07\/podprsenka-BASIC-COMRPESS-tabulka-velkosti-produkty-SK-1-1536x743.jpg 1536w, https:\/\/fitshaker.sk\/eshop\/wp-content\/uploads\/2024\/07\/podprsenka-BASIC-COMRPESS-tabulka-velkosti-produkty-SK-1-2048x990.jpg 2048w, https:\/\/fitshaker.sk\/eshop\/wp-content\/uploads\/2024\/07\/podprsenka-BASIC-COMRPESS-tabulka-velkosti-produkty-SK-1-450x218.jpg 450w\" sizes=\"(max-width: 2560px) 100vw, 2560px\" \/><\/p>\n","protected":false},"excerpt":{"rendered":"<p>Kr\u00e1sna praktick\u00e1 \u0161portov\u00e1 podprsenka s prekr\u00ed\u017een\u00edm na chrbte aj v COMPRESS Gray kolekcii.<\/p>\n","protected":false},"featured_media":155385,"comment_status":"open","ping_status":"closed","template":"","meta":{"_acf_changed":false},"product_cat":[214],"product_tag":[],"bundle_layout":"","bundled_by":[],"bundled_items":[],"acf":[],"_links":{"self":[{"href":"https:\/\/fitshaker.sk\/eshop\/wp-json\/wp\/v2\/product\/155751"}],"collection":[{"href":"https:\/\/fitshaker.sk\/eshop\/wp-json\/wp\/v2\/product"}],"about":[{"href":"https:\/\/fitshaker.sk\/eshop\/wp-json\/wp\/v2\/types\/product"}],"replies":[{"embeddable":true,"href":"https:\/\/fitshaker.sk\/eshop\/wp-json\/wp\/v2\/comments?post=155751"}],"wp:featuredmedia":[{"embeddable":true,"href":"https:\/\/fitshaker.sk\/eshop\/wp-json\/wp\/v2\/media\/155385"}],"wp:attachment":[{"href":"https:\/\/fitshaker.sk\/eshop\/wp-json\/wp\/v2\/media?parent=155751"}],"wp:term":[{"taxonomy":"product_cat","embeddable":true,"href":"https:\/\/fitshaker.sk\/eshop\/wp-json\/wp\/v2\/product_cat?post=155751"},{"taxonomy":"product_tag","embeddable":true,"href":"https:\/\/fitshaker.sk\/eshop\/wp-json\/wp\/v2\/product_tag?post=155751"}],"curies":[{"name":"wp","href":"https:\/\/api.w.org\/{rel}","templated":true}]}}