{"id":155741,"date":"2024-07-24T12:32:28","date_gmt":"2024-07-24T10:32:28","guid":{"rendered":"https:\/\/fitshaker-eshop-prod.goodrequest.dev\/eshop\/?post_type=product&#038;p=155741"},"modified":"2026-04-04T18:22:00","modified_gmt":"2026-04-04T16:22:00","slug":"protein-shake-srvatkovy-cokolada-350-g","status":"publish","type":"product","link":"https:\/\/fitshaker.sk\/eshop\/produkt\/protein-shake-srvatkovy-cokolada-350-g","title":{"rendered":"PROTEIN SHAKE Srv\u00e1tkov\u00fd &#8211; \u010dokol\u00e1da 350 g"},"content":{"rendered":"<p>Prote\u00edn, ktor\u00fd si priprav\u00edme po tr\u00e9ningu my sami\u00a0 a odporu\u010dili by sme ho aj najlep\u0161ej kamo\u0161ke. Presne to boli na\u0161e n\u00e1roky, z ktor\u00fdch sme nechceli ust\u00fapi\u0165 ani o 1 %.<\/p>\n<p>Preto sme na t\u00fato novinku extr\u00e9mne py\u0161n\u00ed! <strong>Fitshaker prote\u00edny maj\u00fa \u010dist\u00e9 zlo\u017eenie a \u00fa\u017easn\u00fa chu\u0165! <\/strong><\/p>\n<p>&nbsp;<\/p>\n<p><strong>Srv\u00e1tkov\u00fd PROTEIN SHAKE \u010dokol\u00e1da \u2013 BENEFITY:<\/strong><\/p>\n<ul>\n<li>Prote\u00edn m\u00e1<strong> \u010dist\u00e9 a jednoduch\u00e9 zlo\u017eenie, ktor\u00e9 neobsahuje \u017eiadne zbyto\u010dnosti,<\/strong><strong> adit\u00edva ani zdraviu \u0161kodliv\u00e9 l\u00e1tky.<\/strong><\/li>\n<li>Tento prote\u00edn obsahuje a\u017e <strong>89 % srv\u00e1tkov\u00fdch bielkov\u00edn na 100 g. <\/strong><\/li>\n<li><strong>V\u00fd\u017eivov\u00e9 \u00fadaje s\u00fa 71 g bielkov\u00edn na 100 g, to je a\u017e 21,3 g bielkov\u00edn na 1 porciu (30 g).<\/strong><\/li>\n<li><strong>10 % zlo\u017eenia tvor\u00ed kvalitn\u00fd kakaov\u00fd pr\u00e1\u0161ok. <\/strong><\/li>\n<li>Zvy\u0161n\u00e9 1 % zlo\u017eenia tvoria pr\u00edrodn\u00e9 sladidlo zo st\u00e9vie, slne\u010dnicov\u00e9 lecit\u00edny a pr\u00edrodn\u00e1 \u010dokol\u00e1dov\u00e1 ar\u00f3ma.<\/li>\n<li><strong>Pr\u00edrodn\u00e9, bezpe\u010dn\u00e9 a nekalorick\u00e9 sladidlo z rastliny st\u00e9vie <\/strong>neovplyv\u0148uje hladinu krvn\u00e9ho cukru.<\/li>\n<li>Slne\u010dnicov\u00e9 lecit\u00edny pou\u017eit\u00e9 v prote\u00edne ako konzervant a stabiliz\u00e1tor patria medzi bezpe\u010dn\u00e9, zdraviu prospe\u0161n\u00e9 emulg\u00e1tory.<\/li>\n<li><strong>Pr\u00edrodn\u00e1 \u010dokol\u00e1dov\u00e1 ar\u00f3ma<\/strong> je neutr\u00e1lna pr\u00edsada, ktor\u00e1 nem\u00e1 negat\u00edvny vplyv na \u013eudsk\u00fd organizmus, z\u00edskava sa z pr\u00edrodn\u00fdch zdrojov, bez \u010fal\u0161\u00edch chemick\u00fdch \u00faprav. Dokonale zv\u00fdraznila \u010dokol\u00e1dov\u00fa v\u00f4\u0148u a chu\u0165 prote\u00ednu.<\/li>\n<li><strong>\u017diadne umel\u00e9 farbiv\u00e1, umel\u00e9 ar\u00f3my, a teda ani umel\u00e1 chu\u0165!<\/strong><\/li>\n<li><strong>V\u00fdborn\u00e1 rozpustnos\u0165 prote\u00ednu.<\/strong><\/li>\n<\/ul>\n<div data-block-id=\"block-796f2a65-8636-438b-827e-7b3c31853be7\">\n<p>&nbsp;<\/p>\n<h3>Zlo\u017eenie a v\u00fd\u017eivov\u00e9 \u00fadaje<\/h3>\n<p><strong>Protein shake &#8211; \u010dokol\u00e1dov\u00e1 pr\u00edchu\u0165 &#8211; sypk\u00e1 zmes zo srv\u00e1tkov\u00fdch bielkov\u00edn s kakaom a s\u00a0\u010dokol\u00e1dovou pr\u00edchu\u0165ou na pr\u00edpravu n\u00e1poja. <\/strong><\/p>\n<p><strong>Zlo\u017eenie: srv\u00e1tkov\u00fd <\/strong>bielkovinov\u00fd koncentr\u00e1t WPC80 (<strong>srv\u00e1tkov\u00e9<\/strong> bielkoviny) 89 %, kakaov\u00fd pr\u00e1\u0161ok 10 %, \u00a0pr\u00edrodn\u00e1 ar\u00f3ma &#8211; \u010dokol\u00e1da,\u00a0sladidlo: glykozidy steviolu zo st\u00e9vie, emulg\u00e1tor: slne\u010dnicov\u00e9 lecit\u00edny.<\/p>\n<p><strong>Krajina p\u00f4vodu z\u00e1kladnej zlo\u017eky:<\/strong> (<strong>srv\u00e1tkov\u00fd <\/strong>bielkovinov\u00fd koncentr\u00e1t WPC80): Holandsko.<\/p>\n<p><strong>Vyroben\u00e9 na Slovensku.<\/strong><\/p>\n<p><strong>V\u00fd\u017eivov\u00e9 \u00fadaje na 100g:<\/strong> Energia 1687 kJ \/ 400 kcal; Tuky 7,2 g, z toho nas\u00fdten\u00e9 mastn\u00e9 kyseliny 4,6 g; Sacharidy 11,5 g z toho cukry 5,5 g; Bielkoviny 71 g; So\u013e 0,4 g.<\/p>\n<p><strong>V\u00fd\u017eivov\u00e9 \u00fadaje na 1 porciu 30g:<\/strong> Energia 506,1 kJ \/ 120 kcal; Tuky 2,2 g, z toho nas\u00fdten\u00e9 mastn\u00e9 kyseliny 1,4 g; Sacharidy 3,45 g z toho cukry 1,65 g; Bielkoviny 21,3 g; So\u013e \/ S\u016fl 0,1 g.<\/p>\n<p>&nbsp;<\/p>\n<h3>Pr\u00edprava, skladovanie, upozornenia<\/h3>\n<p><strong>Pr\u00edprava: <\/strong>30 g (1 porciu) zmie\u0161ajte s 300 ml tekutiny (vodou, mliekom, \u010di rastlinn\u00fdm n\u00e1pojom) a dobre premie\u0161ajte. Ide\u00e1lne konzumova\u0165 po tr\u00e9ningovej aktivite.Skvel\u00e9 tipy na <a href=\"https:\/\/fitshaker.sk\/kategoria\/recepty\/recepty-s-proteinom\">recepty s vyu\u017eit\u00edm prote\u00ednov<\/a> n\u00e1jdete aj na na\u0161om Fitshaker blogu.<\/p>\n<p><strong>Skladovanie: <\/strong>Skladujte v suchu, mimo priameho slne\u010dn\u00e9ho \u017eiarenia pri teplot\u00e1ch od +6\u00b0C do +25\u00b0C. Nevystavujte mrazu a vlhkosti. Spotrebujte do 4 mesiacov od otvorenia.<\/p>\n<p><strong>Upozornenia:<\/strong> V\u00fdrobok nie je vhodn\u00fd pre deti do 15 rokov, tehotn\u00e9 a doj\u010diace \u017eeny. Nezab\u00fadajte na d\u00f4le\u017eitos\u0165 pestrej a vyv\u00e1\u017eenej stravy a zdrav\u00e9ho \u017eivotn\u00e9ho \u0161t\u00fdlu. Uchov\u00e1vajte mimo dosahu det\u00ed.<\/p>\n<p>Odpor\u00fa\u010dame neprekra\u010dova\u0165 uveden\u00fa d\u00e1vku.<\/p>\n<p>&nbsp;<\/p>\n<h3>Balenie<\/h3>\n<p><strong>Hmotnos\u0165 balenia: 350 g<\/strong><\/p>\n<p><strong>Balenie obsahuje cca 11 porci\u00ed (30g). <\/strong><\/p>\n<p><strong>Konzumujte 30 g v\u00fdrobku za de\u0148. <\/strong><\/p>\n<\/div>\n<div class=\"ql-block\" data-block-id=\"block-9810bf45-fed1-4adc-b953-c77448f5524b\"><\/div>\n<p>&nbsp;<\/p>\n","protected":false},"excerpt":{"rendered":"<p>Podpor svoju regener\u00e1ciu a rast svalov po tr\u00e9ningu s na\u0161\u00edm srv\u00e1tkov\u00fdm prote\u00ednom obohaten\u00fdm o kvalitn\u00e9 kakao! 71 g bielkov\u00edn na 100 g, \u010dist\u00e9 zlo\u017eenie bez zbyto\u010dnost\u00ed, vynikaj\u00faca \u010dokol\u00e1dov\u00e1 chu\u0165 a perfektn\u00e1 rozpustnos\u0165. Skvel\u00fd sp\u00f4sob, ako jednoducho z\u00edska\u0165 bielkoviny pri akt\u00edvnom \u017eivotnom \u0161t\u00fdle.<\/p>\n","protected":false},"featured_media":162514,"comment_status":"open","ping_status":"closed","template":"","meta":{"_acf_changed":false},"product_cat":[213],"product_tag":[],"bundle_layout":"","bundled_by":[],"bundled_items":[],"acf":[],"_links":{"self":[{"href":"https:\/\/fitshaker.sk\/eshop\/wp-json\/wp\/v2\/product\/155741"}],"collection":[{"href":"https:\/\/fitshaker.sk\/eshop\/wp-json\/wp\/v2\/product"}],"about":[{"href":"https:\/\/fitshaker.sk\/eshop\/wp-json\/wp\/v2\/types\/product"}],"replies":[{"embeddable":true,"href":"https:\/\/fitshaker.sk\/eshop\/wp-json\/wp\/v2\/comments?post=155741"}],"wp:featuredmedia":[{"embeddable":true,"href":"https:\/\/fitshaker.sk\/eshop\/wp-json\/wp\/v2\/media\/162514"}],"wp:attachment":[{"href":"https:\/\/fitshaker.sk\/eshop\/wp-json\/wp\/v2\/media?parent=155741"}],"wp:term":[{"taxonomy":"product_cat","embeddable":true,"href":"https:\/\/fitshaker.sk\/eshop\/wp-json\/wp\/v2\/product_cat?post=155741"},{"taxonomy":"product_tag","embeddable":true,"href":"https:\/\/fitshaker.sk\/eshop\/wp-json\/wp\/v2\/product_tag?post=155741"}],"curies":[{"name":"wp","href":"https:\/\/api.w.org\/{rel}","templated":true}]}}