{"id":155732,"date":"2024-07-24T12:32:28","date_gmt":"2024-07-24T10:32:28","guid":{"rendered":"https:\/\/fitshaker-eshop-prod.goodrequest.dev\/eshop\/?post_type=product&#038;p=155732"},"modified":"2026-04-24T08:35:35","modified_gmt":"2026-04-24T06:35:35","slug":"ranajkova-kasa-350-g-kakao-kokos-marhula-5-6-porcii","status":"publish","type":"product","link":"https:\/\/fitshaker.sk\/eshop\/produkt\/ranajkova-kasa-350-g-kakao-kokos-marhula-5-6-porcii","title":{"rendered":"Ra\u0148ajkov\u00e1 ka\u0161a 350 g \u2013 kakao, kokos, marhu\u013ea (5-6 porci\u00ed)"},"content":{"rendered":"<p>Ste milovn\u00edkmi ka\u0161\u00ed a h\u013ead\u00e1te zauj\u00edmav\u00fa pr\u00edchu\u0165? Alebo len h\u013ead\u00e1te r\u00fdchle, chutn\u00e9 a v\u00fd\u017eivn\u00e9 ra\u0148ajky?<\/p>\n<p>Dajte \u0161ancu<strong> svie\u017eim a origin\u00e1lnym pr\u00edchutiam ra\u0148ajkov\u00fdch ka\u0161\u00ed od Fitshaker! <\/strong>Namie\u0161ali sme <strong>jednoduch\u00e9 a vyv\u00e1\u017een\u00e9 ingrediencie.<\/strong> Tak aby mali <strong>nev\u0161edn\u00fa a z\u00e1rove\u0148 vynikaj\u00facu chu\u0165. A hlavne skvel\u00fa v\u00fd\u017eivov\u00fa hodnotu<\/strong>. Namie\u0161ali sme ka\u0161u z ovsen\u00fdch a poh\u00e1nkov\u00fdch vlo\u010diek, ktor\u00e9 skvele <strong>zas\u00fdtia a doplnila potrebn\u00fa energiu. <\/strong>Pri \u0161porte, pr\u00e1ci alebo doma. <strong>Lyofilzovan\u00e9 marhule a pr\u00e1\u0161ok z mal\u00edn<\/strong> dod\u00e1vaj\u00fa ka\u0161i v\u00fdborn\u00fa<strong> kyslast\u00fa chu\u0165 dom\u00e1ceho ovocia zo z\u00e1hradky. <\/strong>Sladkos\u0165 zas kokosov\u00fd cukor. Exotick\u00fa bodku vybavia <strong>ke\u0161u orie\u0161ky, str\u00fahan\u00fd kokos a kokosov\u00e9 lupienky.<\/strong><\/p>\n<p>T\u00e1to ka\u0161a je skvelou vo\u013ebu pre n\u00e1ro\u010dn\u00fdch stravn\u00edkov a takisto pre za\u010diato\u010dn\u00edkov v zdravom stravovan\u00ed. Jej zlo\u017eenie pre\u0161lo pozorn\u00fdm o\u010dkom na\u0161ich v\u00fd\u017eivov\u00fdch a nutri\u010dn\u00fdch poradk\u00fd\u0148. Ver\u00edme, \u017ee si na n\u00e1s pri ra\u0148ajk\u00e1ch v\u017edy s l\u00e1skou spomenie\u0161. \ud83d\ude42<\/p>\n<p>&nbsp;<\/p>\n<p><img loading=\"lazy\" decoding=\"async\" class=\"wp-image-128868 alignleft\" src=\"https:\/\/fitshaker.sk\/eshop\/wp-content\/uploads\/2023\/08\/Zapecena-ovseno-marhulova-kasa-13.jpg\" alt=\"Zape\u010den\u00e1 ovseno marhu\u013eov\u00e1 ka\u0161a\" width=\"453\" height=\"681\" srcset=\"https:\/\/fitshaker.sk\/eshop\/wp-content\/uploads\/2023\/08\/Zapecena-ovseno-marhulova-kasa-13.jpg 782w, https:\/\/fitshaker.sk\/eshop\/wp-content\/uploads\/2023\/08\/Zapecena-ovseno-marhulova-kasa-13-199x300.jpg 199w, https:\/\/fitshaker.sk\/eshop\/wp-content\/uploads\/2023\/08\/Zapecena-ovseno-marhulova-kasa-13-681x1024.jpg 681w, https:\/\/fitshaker.sk\/eshop\/wp-content\/uploads\/2023\/08\/Zapecena-ovseno-marhulova-kasa-13-768x1155.jpg 768w, https:\/\/fitshaker.sk\/eshop\/wp-content\/uploads\/2023\/08\/Zapecena-ovseno-marhulova-kasa-13-600x902.jpg 600w\" sizes=\"(max-width: 453px) 100vw, 453px\" \/><\/p>\n<h3>Zlo\u017eenie:<\/h3>\n<p>bezglut\u00e9nov\u00e9<strong> ovsen\u00e9<\/strong> vlo\u010dky mlet\u00e9 35 %<br \/>\npoh\u00e1nkov\u00e9 vlo\u010dky 17 %<br \/>\nkokosov\u00fd cukor 15 %<br \/>\nkokos str\u00fahan\u00fd 10 %<br \/>\nkakao 6 %<br \/>\nlyofilizovan\u00e9 marhule &#8211; k\u00fasky 6 %<br \/>\nlyofilizovan\u00e9 maliny-pr\u00e1\u0161ok 3 %<br \/>\n<strong>ke\u0161u<\/strong> orechy 3 %<br \/>\nkokosov\u00e9 lupienky 3 %<\/p>\n<p>&nbsp;<\/p>\n<p>Krajina p\u00f4vodu ovsen\u00fdch vlo\u010diek: Ve\u013ek\u00e1 Brit\u00e1nia \/ Ma\u010farsko.<br \/>\n<strong>M\u00f4\u017ee obsahova\u0165 ara\u0161idy a in\u00e9 orechy.<\/strong><\/p>\n<p>&nbsp;<\/p>\n<h3>V\u00fd\u017eivov\u00e9 \u00fadaje na 100g:<\/h3>\n<p>energia 1352 kJ\/297 kcal;<br \/>\ntuky 5,2 g, z toho nas\u00fdten\u00e9 mastn\u00e9 kyseliny 1,82 g<br \/>\nsacharidy 53,33 g z toho cukry 18,79 g<br \/>\nvl\u00e1knina 5,1 g<br \/>\nbielkoviny 6,83 g<br \/>\nso\u013e 0,06 g<\/p>\n<p>&nbsp;<\/p>\n<p>&nbsp;<\/p>\n<p>&nbsp;<\/p>\n<p><strong>Pou\u017eitie:<\/strong> Po\u017eadovan\u00e9 mno\u017estvo zmesi (1 porcia = 60-70 g) zalejte cca 120-150 ml hor\u00facej vody alebo hor\u00faceho mlieka \u010di rastlinn\u00e9ho n\u00e1poja. Premie\u0161ajte a nechajte pribli\u017ene 5 min\u00fat odst\u00e1\u0165. Ka\u0161u m\u00f4\u017eete dochuti\u0165 k\u00faskami ovocia, orie\u0161kami, semienkami alebo Fitnutkou.<\/p>\n<p><a href=\"https:\/\/fitshaker.sk\/kategoria\/recepty\/ranajky\">Skvel\u00e9 tipy na chutn\u00e9 ra\u0148ajky a ra\u0148ajkov\u00e9 ka\u0161e n\u00e1jdete na na\u0161om blogu.<\/a><\/p>\n<p><strong>Sladovanie:<\/strong> Skladujte v suchu pri teplote do 25 \u00b0C a chr\u00e1\u0148te pred priamym slne\u010dn\u00fdm \u017eiaren\u00edm. Spotrebujte do 1 mesiaca od otvorenia.<\/p>\n<p>&nbsp;<\/p>\n<p><strong>Vyroben\u00e9 na Slovensku.<\/strong><\/p>\n<p><strong>Balenie: 350 g (5-6 porci\u00ed)<\/strong><\/p>\n<p>&nbsp;<\/p>\n<h3>Na zlo\u017een\u00ed sme si dali \u0161peci\u00e1lne z\u00e1le\u017ea\u0165, viac o jednotliv\u00fdch zlo\u017ek\u00e1ch si pre\u010d\u00edtaj \u010falej:<\/h3>\n<p>Ka\u0161a obsahuje\u00a0<strong>\u0161etrne pomlet\u00e9 ovsen\u00e9 a cel\u00e9 poh\u00e1nkov\u00e9 vlo\u010dky<\/strong>, ktor\u00e9\u00a0s\u00fa v\u00fdznamn\u00fdm zdrojom sacharidov d\u00f4le\u017eit\u00fdch pre telesn\u00fa aktivitu a spr\u00e1vnu \u010dinnos\u0165 org\u00e1nov.<br \/>\n\u010eal\u0161\u00edmi zlo\u017ekami ka\u0161e s\u00fa\u00a0<strong>kvalitn\u00e9 k\u00fasky lyofilizovan\u00e9ho ovocia &#8211; marhu\u013eu a pr\u00e1\u0161ku z lyofilizovan\u00fdch mal\u00edn.\u00a0<\/strong>Lyofiliz\u00e1cia je su\u0161enie mrazom &#8211; teda odstr\u00e1nenie vody z ovocia pri ve\u013emi n\u00edzkej teplote a tlaku. V\u010faka tomuto \u0161etrn\u00e9mu sp\u00f4sobu konzervovania si ovocie zachov\u00e1 v\u0161etky vitam\u00edny a miner\u00e1ly, chut\u00ed ako \u010derstv\u00e9 a pred\u013a\u017ei sa jeho trvanlivos\u0165.<br \/>\n<strong>Orie\u0161kov\u00fa zlo\u017eku v ka\u0161i tvoria\u00a0ke\u0161u orechy<\/strong>, ktor\u00e9 s\u00fa skvel\u00fdm zdrojom nenas\u00fdten\u00fdch mastn\u00fdch tukov, zinku, sel\u00e9nu, medi, hor\u010d\u00edka \u010di mang\u00e1nu.<br \/>\nA<strong> zauj\u00edmav\u00fa chu\u0165 ka\u0161i dod\u00e1va aj\u00a0kokos &#8211; str\u00fahan\u00fd a kokosov\u00e9 lupienky<\/strong>.\u00a0Kokos je dobr\u00fd\u00a0zdroj vl\u00e1kniny\u00a0a obsahuje viacero prospe\u0161n\u00fdch miner\u00e1lov, ako napr\u00edklad\u00a0mang\u00e1n, drasl\u00edk \u010di me\u010f.<br \/>\nKa\u0161a je<strong> osladen\u00e1 tie\u017e\u00a0kokosov\u00fdm cukrom<\/strong>, ktor\u00fd obsahuje\u00a0inul\u00edn\u00a0&#8211; je to\u00a0vl\u00e1knina, ktor\u00e1 m\u00f4\u017ee spoma\u013eova\u0165 absorpciu gluk\u00f3zy a t\u00fdm by sa dalo vysvetli\u0165 tvrdenie, \u017ee kokosov\u00fd cukor m\u00e1 n\u00edzky glykemick\u00fd index.<\/p>\n<p><strong><em>Tak \u010do? D\u00e1 sa ka\u0161i s tak\u00fdmto par\u00e1dnym zlo\u017een\u00edm odola\u0165?<\/em><\/strong><\/p>\n","protected":false},"excerpt":{"rendered":"<p><strong>Za\u017ei svie\u017eu kombin\u00e1ciu kakaa, dom\u00e1ceho ovocia a exotick\u00e9ho kokosu v jedine\u010dnej ra\u0148ajkovej ka\u0161i od Fitshakeru.<\/strong><br \/>\nKa\u0161a vhodn\u00e1 (nielen) na ra\u0148ajky. Hotov\u00e1 do 5 min\u00fat. S vyv\u00e1\u017een\u00fdm a \u010dist\u00fdm zlo\u017een\u00edm.<\/p>\n<p>&nbsp;<\/p>\n<p><img loading=\"lazy\" decoding=\"async\" class=\"alignnone wp-image-171730\" src=\"https:\/\/fitshaker.sk\/eshop\/wp-content\/uploads\/2025\/01\/Kase-ikonky.png\" alt=\"ranajkove kase Fitshaker\" width=\"557\" height=\"100\" srcset=\"https:\/\/fitshaker.sk\/eshop\/wp-content\/uploads\/2025\/01\/Kase-ikonky.png 4914w, https:\/\/fitshaker.sk\/eshop\/wp-content\/uploads\/2025\/01\/Kase-ikonky-350x63.png 350w, https:\/\/fitshaker.sk\/eshop\/wp-content\/uploads\/2025\/01\/Kase-ikonky-595x107.png 595w, https:\/\/fitshaker.sk\/eshop\/wp-content\/uploads\/2025\/01\/Kase-ikonky-385x69.png 385w, https:\/\/fitshaker.sk\/eshop\/wp-content\/uploads\/2025\/01\/Kase-ikonky-768x138.png 768w, https:\/\/fitshaker.sk\/eshop\/wp-content\/uploads\/2025\/01\/Kase-ikonky-1536x276.png 1536w, https:\/\/fitshaker.sk\/eshop\/wp-content\/uploads\/2025\/01\/Kase-ikonky-2048x368.png 2048w, https:\/\/fitshaker.sk\/eshop\/wp-content\/uploads\/2025\/01\/Kase-ikonky-450x81.png 450w\" sizes=\"(max-width: 557px) 100vw, 557px\" \/><\/p>\n","protected":false},"featured_media":162542,"comment_status":"open","ping_status":"closed","template":"","meta":{"_acf_changed":false},"product_cat":[213],"product_tag":[],"bundle_layout":"","bundled_by":[],"bundled_items":[],"acf":[],"_links":{"self":[{"href":"https:\/\/fitshaker.sk\/eshop\/wp-json\/wp\/v2\/product\/155732"}],"collection":[{"href":"https:\/\/fitshaker.sk\/eshop\/wp-json\/wp\/v2\/product"}],"about":[{"href":"https:\/\/fitshaker.sk\/eshop\/wp-json\/wp\/v2\/types\/product"}],"replies":[{"embeddable":true,"href":"https:\/\/fitshaker.sk\/eshop\/wp-json\/wp\/v2\/comments?post=155732"}],"wp:featuredmedia":[{"embeddable":true,"href":"https:\/\/fitshaker.sk\/eshop\/wp-json\/wp\/v2\/media\/162542"}],"wp:attachment":[{"href":"https:\/\/fitshaker.sk\/eshop\/wp-json\/wp\/v2\/media?parent=155732"}],"wp:term":[{"taxonomy":"product_cat","embeddable":true,"href":"https:\/\/fitshaker.sk\/eshop\/wp-json\/wp\/v2\/product_cat?post=155732"},{"taxonomy":"product_tag","embeddable":true,"href":"https:\/\/fitshaker.sk\/eshop\/wp-json\/wp\/v2\/product_tag?post=155732"}],"curies":[{"name":"wp","href":"https:\/\/api.w.org\/{rel}","templated":true}]}}