{"id":155713,"date":"2024-07-24T12:32:27","date_gmt":"2024-07-24T10:32:27","guid":{"rendered":"https:\/\/fitshaker-eshop-prod.goodrequest.dev\/eshop\/?post_type=product&#038;p=155713"},"modified":"2026-03-27T10:28:01","modified_gmt":"2026-03-27T09:28:01","slug":"tricko-s-kratkym-rukavom-basic","status":"publish","type":"product","link":"https:\/\/fitshaker.sk\/eshop\/produkt\/tricko-s-kratkym-rukavom-basic","title":{"rendered":"Tri\u010dko s kr\u00e1tkym ruk\u00e1vom BASIC"},"content":{"rendered":"<p><strong><em>Prv\u00e1 BASIC kolekcia \u0161portov\u00e9ho oble\u010denia vytvoren\u00e1 Fitshakerom, pre v\u0161etky akt\u00edvne \u017eeny je tu! Vznikla s d\u00f4razom na pohodlnos\u0165, funk\u010dnos\u0165 a praktickos\u0165. <\/em><\/strong><\/p>\n<p><strong><em>Po\u010d\u00favali sme v\u00e1s a stavili na univerz\u00e1lnu \u010diernu, ktor\u00e1 sa hod\u00ed ku v\u0161etk\u00e9mu, skvele sa kombinuje a nikdy nevyjde z m\u00f3dy. Dali sme si z\u00e1le\u017ea\u0165 na zauj\u00edmav\u00fdch strihoch z ktor\u00fdch si vyberie ka\u017ed\u00e1 (nielen) Fitshaker\u00e1\u010dka. <\/em><\/strong><strong>U\u0161ili sme to, \u010do sme samy h\u013eadali. Tak\u017ee vy u\u017e h\u013eada\u0165 nemus\u00edte! <\/strong><strong>\u2764\ufe0f<\/strong><\/p>\n<p><strong>Trendy tri\u010dko s kr\u00e1tkym ruk\u00e1vom po lakte s r\u00e1zporkami po bokoch je MUST HAVE k\u00fasok,<\/strong> ktor\u00fd by nemal ch\u00fdba\u0165 vo va\u0161om \u0161atn\u00edku. \ud83d\ude42 M\u00e1 pr\u00edjemn\u00fd <strong>padav\u00fd<\/strong> <strong>a vo\u013enej\u0161\u00ed strih pre pohodln\u00e9 nosenie v be\u017en\u00e9 dni<\/strong>, \u010di cvi\u010denie Jogy \/ Pilates. <strong>Materi\u00e1l si tie\u017e zamilujete. Je pohodln\u00fd, pr\u00edjemn\u00fd a priedu\u0161n\u00fd. <\/strong>Na\u0161im z\u00e1merom bolo vytvori\u0165 nev\u0161edn\u00fd k\u00fasok, ktor\u00fd si u\u017eijete pri \u0161porte, v pr\u00e1ci, \u010di cest\u00e1ch. Podarilo sa n\u00e1m to? \ud83d\ude42<\/p>\n<p><strong>Tri\u010dko u n\u00e1s n\u00e1jdete vo ve\u013ekostiach od XS a\u017e po XL. Strih tri\u010dka<\/strong> je jemne &#8220;oversized&#8221;. Ak sa rozhodujete medzi 2 ve\u013ekos\u0165ami, siahnite po tej men\u0161ej. Pr\u00edpadne tej, v ktorej sa c\u00edtite lep\u0161ie. Myslite v\u0161ak na to, \u017ee visk\u00f3za je materi\u00e1l, ktor\u00fd sa m\u00f4\u017ee zrazi\u0165 v pr\u00e1\u010dke ak ju n\u00e1hodou operiete na vy\u0161\u0161om stupni. \ud83d\ude42 <em>Fotky na re\u00e1lnych \u017een\u00e1ch n\u00e1jdete v gal\u00e9rii, aby ste si vedeli strih a d\u013a\u017eku dobre predstavi\u0165. <\/em><\/p>\n<p><strong>Zlo\u017eenie materi\u00e1lu:<\/strong> 94% visk\u00f3za, 6% elast\u00e9n<\/p>\n<p><strong>Starostlivos\u0165 o produkt: <\/strong>Pra\u0165 vyvr\u00e1ten\u00e9 na ruby na 30\u00b0, nepou\u017e\u00edva\u0165 aviv\u00e1\u017e, nesu\u0161i\u0165 v su\u0161i\u010dke, vyvarova\u0165 sa oderu s ostr\u00fdmi predmetmi.<\/p>\n<p><strong>Na\u0161a BASIC a COMPRESS kolekcia je u\u0161it\u00e1 v Po\u013esku z l\u00e1tok vyroben\u00fdch v Po\u013esku.<\/strong><br \/>\nVznikla vo f\u00e9r podmienkach. Na\u0161ich dod\u00e1vate\u013eov, kraj\u010d\u00edrky aj n\u00e1vrh\u00e1rky osobne pozn\u00e1me, ako aj miesta, v ktor\u00fdch pracuj\u00fa.<\/p>\n<p><img loading=\"lazy\" decoding=\"async\" class=\"alignnone wp-image-125010 size-full\" src=\"https:\/\/fitshaker.sk\/eshop\/wp-content\/uploads\/2023\/06\/Tricko-s-kratkym-rukavom-BASIC.jpg\" alt=\"\" width=\"1772\" height=\"856\" srcset=\"https:\/\/fitshaker.sk\/eshop\/wp-content\/uploads\/2023\/06\/Tricko-s-kratkym-rukavom-BASIC.jpg 1772w, https:\/\/fitshaker.sk\/eshop\/wp-content\/uploads\/2023\/06\/Tricko-s-kratkym-rukavom-BASIC-300x145.jpg 300w, https:\/\/fitshaker.sk\/eshop\/wp-content\/uploads\/2023\/06\/Tricko-s-kratkym-rukavom-BASIC-1024x495.jpg 1024w, https:\/\/fitshaker.sk\/eshop\/wp-content\/uploads\/2023\/06\/Tricko-s-kratkym-rukavom-BASIC-768x371.jpg 768w, https:\/\/fitshaker.sk\/eshop\/wp-content\/uploads\/2023\/06\/Tricko-s-kratkym-rukavom-BASIC-1536x742.jpg 1536w, https:\/\/fitshaker.sk\/eshop\/wp-content\/uploads\/2023\/06\/Tricko-s-kratkym-rukavom-BASIC-1568x757.jpg 1568w, https:\/\/fitshaker.sk\/eshop\/wp-content\/uploads\/2023\/06\/Tricko-s-kratkym-rukavom-BASIC-600x290.jpg 600w\" sizes=\"(max-width: 1772px) 100vw, 1772px\" \/><\/p>\n","protected":false},"excerpt":{"rendered":"<p><strong>Trendy tri\u010dko s kr\u00e1tkym ruk\u00e1vom po lakte s r\u00e1zporkami po bokoch je MUST HAVE k\u00fasok,<\/strong> ktor\u00fd by nemal ch\u00fdba\u0165 vo va\u0161om \u0161atn\u00edku. \ud83d\ude42<\/p>\n","protected":false},"featured_media":155232,"comment_status":"open","ping_status":"closed","template":"","meta":{"_acf_changed":false},"product_cat":[214],"product_tag":[],"bundle_layout":"","bundled_by":[],"bundled_items":[],"acf":[],"_links":{"self":[{"href":"https:\/\/fitshaker.sk\/eshop\/wp-json\/wp\/v2\/product\/155713"}],"collection":[{"href":"https:\/\/fitshaker.sk\/eshop\/wp-json\/wp\/v2\/product"}],"about":[{"href":"https:\/\/fitshaker.sk\/eshop\/wp-json\/wp\/v2\/types\/product"}],"replies":[{"embeddable":true,"href":"https:\/\/fitshaker.sk\/eshop\/wp-json\/wp\/v2\/comments?post=155713"}],"wp:featuredmedia":[{"embeddable":true,"href":"https:\/\/fitshaker.sk\/eshop\/wp-json\/wp\/v2\/media\/155232"}],"wp:attachment":[{"href":"https:\/\/fitshaker.sk\/eshop\/wp-json\/wp\/v2\/media?parent=155713"}],"wp:term":[{"taxonomy":"product_cat","embeddable":true,"href":"https:\/\/fitshaker.sk\/eshop\/wp-json\/wp\/v2\/product_cat?post=155713"},{"taxonomy":"product_tag","embeddable":true,"href":"https:\/\/fitshaker.sk\/eshop\/wp-json\/wp\/v2\/product_tag?post=155713"}],"curies":[{"name":"wp","href":"https:\/\/api.w.org\/{rel}","templated":true}]}}