{"id":155701,"date":"2024-07-24T12:32:19","date_gmt":"2024-07-24T10:32:19","guid":{"rendered":"https:\/\/fitshaker-eshop-prod.goodrequest.dev\/eshop\/?post_type=product&#038;p=155701"},"modified":"2026-03-27T10:28:01","modified_gmt":"2026-03-27T09:28:01","slug":"cyklisticke-sortky-basic","status":"publish","type":"product","link":"https:\/\/fitshaker.sk\/eshop\/produkt\/cyklisticke-sortky-basic","title":{"rendered":"Cyklistick\u00e9 \u0161ortky BASIC"},"content":{"rendered":"<p><strong>BASIC kolekcia \u0161portov\u00e9ho oble\u010denia vytvoren\u00e1 Fitshakerom, pre v\u0161etky akt\u00edvne \u017eeny je tu! Vznikla s d\u00f4razom na pohodlnos\u0165, funk\u010dnos\u0165 a praktickos\u0165. <\/strong><\/p>\n<p><strong>Dali sme si z\u00e1le\u017ea\u0165 na zauj\u00edmav\u00fdch strihoch z ktor\u00fdch si vyberie ka\u017ed\u00e1 (nielen) Fitshaker\u00e1\u010dka. <\/strong><strong>U\u0161ili sme to, \u010do sme samy h\u013eadali. Tak\u017ee vy u\u017e h\u013eada\u0165 nemus\u00edte! <\/strong><strong>\u2764\ufe0f<\/strong><\/p>\n<p>&nbsp;<\/p>\n<p><strong>FITSHAKER BASIC KOLEKICA V 3 FARB\u00c1CH:<\/strong><\/p>\n<ul>\n<li><strong>Z\u00e1kladn\u00e1 BLACK<\/strong>\u00a0 \u2013 univerz\u00e1lna \u010dierna, ktor\u00e1 nesmie ch\u00fdba\u0165 \u017eiadnej Fitshaker\u00e1\u010dke \ud83d\ude09, hod\u00ed sa ku v\u0161etk\u00e9mu, skvele sa kombinuje a nikdy nevyjde z m\u00f3dy.<\/li>\n<li><strong>Exotick\u00e1 CAYENNE<\/strong>\u00a0farba roz\u017eiari, o\u010dar\u00ed a up\u00fata ka\u017ed\u00e9ho. T\u00e1to farba sa skvele hod\u00ed aj k na\u0161ej Basic BLACK kolekcii. Je tu pre v\u0161etky akt\u00edvne \u017eeny, ktor\u00e9 chc\u00fa vynikn\u00fa\u0165!<\/li>\n<li><strong>Kr\u00e1sna, jemn\u00e1, ne\u017en\u00e1 a \u017eensk\u00e1 NUDE<\/strong>. Tento odtie\u0148 tie\u017e \u013eahko zlad\u00ed\u0161 so v\u0161etk\u00fdmi na\u0161imi Fitshaker k\u00faskami, ale aj s hociktor\u00fdmi in\u00fdmi \u2013 tvojimi ob\u013e\u00faben\u00fdmi.<\/li>\n<\/ul>\n<p>&nbsp;<\/p>\n<p>Cyklistick\u00e9 \u0161ortky s\u00fa vhodn\u00e9 nielen na bicykel, beh, turistiku, ale takisto sa hodia na celoro\u010dn\u00e9 online cvi\u010denie v pohodl\u00ed domova s Fitshakerom<strong>. <\/strong>\u0160peci\u00e1lne ich ocenia baby, ktor\u00e9 tr\u00e1pia \u0161\u00fachaj\u00face sa stehn\u00e1 pri \u0161porte, alebo be\u017enom fungovan\u00ed. A tie\u017e sa pote\u0161ia ak ich zoberiete vyvetra\u0165 do fitka. \ud83d\ude42 Je len na v\u00e1s, v \u010dom radi cvi\u010d\u00edte! Oble\u010dko v\u00e1s v tom obmedzova\u0165 nesmie. \ud83d\ude09<\/p>\n<p>Pre cel\u00fa kolekciu nohav\u00edc (kr\u00e1tke, cyklistick\u00e9 \u0161ortky a dlh\u00e9 leg\u00edny) sme pou\u017eili rovnako pohodln\u00fd a d\u00f4myselne premyslen\u00fd strih s vysok\u00fdm p\u00e1som. \u0160ortky <strong>skvele sadn\u00fa, dr\u017eia &#8211; nezo\u0161\u00fachavaj\u00fa sa pri cvi\u010den\u00ed, maj\u00fa pohodln\u00fd FAKT vysok\u00fd p\u00e1s a pou\u017eili sme pr\u00edjemn\u00fd funk\u010dn\u00fd materi\u00e1l.<\/strong> My aj na\u0161e tr\u00e9nerky skr\u00e1tka vieme v \u010dom sa dobre cvi\u010d\u00ed a v \u010dom sa \u017eeny dobre c\u00edtia. \ud83d\ude42<\/p>\n<p><strong>Cyklistick\u00e9 \u0161ortky u n\u00e1s n\u00e1jdete vo ve\u013ekostiach od XS a\u017e po XL. Vyberte si ve\u013ekos\u0165, ktor\u00fa be\u017ene nos\u00edte. <\/strong>Ak v\u0161ak chcete aby v\u00e1s \u0161ortky viac s\u0165ahovali, alebo sa rozhodujete medzi 2 ve\u013ekos\u0165ami, siahnite po men\u0161ej ve\u013ekosti, materi\u00e1l a strih je ve\u013emi flexibiln\u00fd a prisp\u00f4sobiv\u00fd.<\/p>\n<p><strong>Materi\u00e1l je priedu\u0161n\u00fd a r\u00fdchlo schne. <\/strong>Na hor\u00face letn\u00e9 dni vysk\u00fa\u0161ajte aj Kr\u00e1tke \u0161ortky a na tie chladnej\u0161ie Dlh\u00e9 leg\u00edny.<\/p>\n<p><strong>Zlo\u017eenie materi\u00e1lu:<\/strong> 82% polyester, 18% elast\u00e9n<\/p>\n<p><strong>Starostlivos\u0165 o produkt: <\/strong>Pra\u0165 prevr\u00e1ten\u00e9 na ruby na 30\u00b0, nepou\u017e\u00edva\u0165 aviv\u00e1\u017e, nesu\u0161i\u0165 v su\u0161i\u010dke, vyvarova\u0165 sa oderu s ostr\u00fdmi predmetmi.<\/p>\n<p><strong>Na\u0161a BASIC a COMPRESS kolekcia je u\u0161it\u00e1 v Po\u013esku z l\u00e1tok vyroben\u00fdch v Po\u013esku.<\/strong><br \/>\nVznikla vo f\u00e9r podmienkach. Na\u0161ich dod\u00e1vate\u013eov, kraj\u010d\u00edrky aj n\u00e1vrh\u00e1rky osobne pozn\u00e1me, ako aj miesta, v ktor\u00fdch pracuj\u00fa.<\/p>\n<p><img loading=\"lazy\" decoding=\"async\" class=\"alignnone wp-image-125017 size-full\" src=\"https:\/\/fitshaker.sk\/eshop\/wp-content\/uploads\/2023\/06\/Cyklisticke-sortky-BASIC-1.jpg\" alt=\"Tabulka velkosti Fitshaker sportove oblecnie\" width=\"1772\" height=\"856\" srcset=\"https:\/\/fitshaker.sk\/eshop\/wp-content\/uploads\/2023\/06\/Cyklisticke-sortky-BASIC-1.jpg 1772w, https:\/\/fitshaker.sk\/eshop\/wp-content\/uploads\/2023\/06\/Cyklisticke-sortky-BASIC-1-300x145.jpg 300w, https:\/\/fitshaker.sk\/eshop\/wp-content\/uploads\/2023\/06\/Cyklisticke-sortky-BASIC-1-1024x495.jpg 1024w, https:\/\/fitshaker.sk\/eshop\/wp-content\/uploads\/2023\/06\/Cyklisticke-sortky-BASIC-1-768x371.jpg 768w, https:\/\/fitshaker.sk\/eshop\/wp-content\/uploads\/2023\/06\/Cyklisticke-sortky-BASIC-1-1536x742.jpg 1536w, https:\/\/fitshaker.sk\/eshop\/wp-content\/uploads\/2023\/06\/Cyklisticke-sortky-BASIC-1-1568x757.jpg 1568w, https:\/\/fitshaker.sk\/eshop\/wp-content\/uploads\/2023\/06\/Cyklisticke-sortky-BASIC-1-600x290.jpg 600w\" sizes=\"(max-width: 1772px) 100vw, 1772px\" \/><\/p>\n","protected":false},"excerpt":{"rendered":"<p>\u0160ortky skvele sadn\u00fa, dr\u017eia &#8211; nezo\u0161\u00fachavaj\u00fa sa pri cvi\u010den\u00ed, maj\u00fa pohodln\u00fd FAKT vysok\u00fd p\u00e1s a pou\u017eili sme pr\u00edjemn\u00fd funk\u010dn\u00fd materi\u00e1l. Ur\u010dite ich vysk\u00fa\u0161aj!<\/p>\n","protected":false},"featured_media":156974,"comment_status":"open","ping_status":"closed","template":"","meta":{"_acf_changed":false},"product_cat":[214],"product_tag":[],"bundle_layout":"","bundled_by":[],"bundled_items":[],"acf":[],"_links":{"self":[{"href":"https:\/\/fitshaker.sk\/eshop\/wp-json\/wp\/v2\/product\/155701"}],"collection":[{"href":"https:\/\/fitshaker.sk\/eshop\/wp-json\/wp\/v2\/product"}],"about":[{"href":"https:\/\/fitshaker.sk\/eshop\/wp-json\/wp\/v2\/types\/product"}],"replies":[{"embeddable":true,"href":"https:\/\/fitshaker.sk\/eshop\/wp-json\/wp\/v2\/comments?post=155701"}],"wp:featuredmedia":[{"embeddable":true,"href":"https:\/\/fitshaker.sk\/eshop\/wp-json\/wp\/v2\/media\/156974"}],"wp:attachment":[{"href":"https:\/\/fitshaker.sk\/eshop\/wp-json\/wp\/v2\/media?parent=155701"}],"wp:term":[{"taxonomy":"product_cat","embeddable":true,"href":"https:\/\/fitshaker.sk\/eshop\/wp-json\/wp\/v2\/product_cat?post=155701"},{"taxonomy":"product_tag","embeddable":true,"href":"https:\/\/fitshaker.sk\/eshop\/wp-json\/wp\/v2\/product_tag?post=155701"}],"curies":[{"name":"wp","href":"https:\/\/api.w.org\/{rel}","templated":true}]}}