{"id":155692,"date":"2024-07-24T12:32:19","date_gmt":"2024-07-24T10:32:19","guid":{"rendered":"https:\/\/fitshaker-eshop-prod.goodrequest.dev\/eshop\/?post_type=product&#038;p=155692"},"modified":"2026-04-06T20:25:39","modified_gmt":"2026-04-06T18:25:39","slug":"expandery-na-spodnu-cast-tela-2","status":"publish","type":"product","link":"https:\/\/fitshaker.sk\/eshop\/produkt\/expandery-na-spodnu-cast-tela-2","title":{"rendered":"Expandery na spodn\u00fa \u010das\u0165 tela"},"content":{"rendered":"<p>Set vesel\u00fdch expanderov, ur\u010den\u00fdch na spodn\u00fa \u010das\u0165 tela :)<\/p>\n<p>Chcela by si\u00a0<strong>posun\u00fa\u0165 svoj tr\u00e9ning<\/strong> na in\u00fa \u00farove\u0148? \u017de \u00e1no? Tak pr\u00e1ve na to je stvoren\u00fd n\u00e1\u0161 set posil\u0148ovac\u00edch odporov\u00fdch g\u00fam. Expandery maj\u00fa <strong>d\u013a\u017eku 38 cm, \u0161\u00edrku 8 cm<\/strong>\u00a0a\u00a0<strong>3 \u00farovne odporu:<\/strong><\/p>\n<p><strong>\u2022 fialov\u00fd &#8211; \u013eahk\u00fd (max. odpor 27 kg),<\/strong><\/p>\n<p>\u2022 <strong>bledo oran\u017eov\u00fd<\/strong><strong> &#8211; stredn\u00fd (max. odpor 40 kg)<\/strong>,<\/p>\n<p>\u2022 <strong>tmavo oran\u017eov\u00fd<\/strong><strong> &#8211; \u0165a\u017ek\u00fd (max. odpor 54 kg)<\/strong><\/p>\n<p>Tak\u017ee je len na tebe ako ve\u013emi si chce\u0161 zamaka\u0165. Z\u00e1\u0165a\u017e si jednoducho prisp\u00f4sob\u00ed\u0161 pod\u013ea toho, na ak\u00fd tr\u00e9ning sa c\u00edti\u0161. Odporov\u00e9 gumy s\u00fa ur\u010den\u00e9 hlavne na\u00a0<strong>spodn\u00fa \u010das\u0165 tela<\/strong>, ale \u013eahko s nimi precvi\u010d\u00ed\u0161 aj horn\u00fa \u010das\u0165. Expandery obsahuj\u00fa \u0161peci\u00e1lne gumen\u00e9 pod\u0161itie proti \u0161m\u00fdkaniu a d\u00f4raz na kvalitu pou\u017eit\u00fdch materi\u00e1lov zabezpe\u010duje ich <strong>dlhodob\u00fa \u017eivotnos\u0165<\/strong>. \u00a0Set\u00a0 obsahuje vrec\u00fa\u0161ko na pohodln\u00e9 skladovanie a prenos, tak\u017ee s\u00a0na\u0161imi gumami m\u00f4\u017ee\u0161\u00a0<strong>cvi\u010di\u0165 kdeko\u013evek.<\/strong><\/p>\n<p>Medzi na\u0161imi tr\u00e9ningami n\u00e1jde\u0161 aj in\u0161pir\u00e1ciu\u00a0<a href=\"https:\/\/fitshaker.sk\/cvicenie?accessories=4\">ako s expandermi cvi\u010di\u0165<\/a>.<\/p>\n","protected":false},"excerpt":{"rendered":"<p>Vesel\u00fd set 3 expanderov na spodn\u00fa \u010das\u0165 tela s r\u00f4znou z\u00e1\u0165a\u017eou (27\u201354 kg), proti\u0161mykovou \u00fapravou a praktick\u00fdm vrec\u00fa\u0161kom. Cvi\u010d kdeko\u013evek a posu\u0148 tr\u00e9ning na vy\u0161\u0161\u00ed level!<\/p>\n","protected":false},"featured_media":162580,"comment_status":"open","ping_status":"closed","template":"","meta":{"_acf_changed":false},"product_cat":[215],"product_tag":[],"bundle_layout":"","bundled_by":[],"bundled_items":[],"acf":[],"_links":{"self":[{"href":"https:\/\/fitshaker.sk\/eshop\/wp-json\/wp\/v2\/product\/155692"}],"collection":[{"href":"https:\/\/fitshaker.sk\/eshop\/wp-json\/wp\/v2\/product"}],"about":[{"href":"https:\/\/fitshaker.sk\/eshop\/wp-json\/wp\/v2\/types\/product"}],"replies":[{"embeddable":true,"href":"https:\/\/fitshaker.sk\/eshop\/wp-json\/wp\/v2\/comments?post=155692"}],"wp:featuredmedia":[{"embeddable":true,"href":"https:\/\/fitshaker.sk\/eshop\/wp-json\/wp\/v2\/media\/162580"}],"wp:attachment":[{"href":"https:\/\/fitshaker.sk\/eshop\/wp-json\/wp\/v2\/media?parent=155692"}],"wp:term":[{"taxonomy":"product_cat","embeddable":true,"href":"https:\/\/fitshaker.sk\/eshop\/wp-json\/wp\/v2\/product_cat?post=155692"},{"taxonomy":"product_tag","embeddable":true,"href":"https:\/\/fitshaker.sk\/eshop\/wp-json\/wp\/v2\/product_tag?post=155692"}],"curies":[{"name":"wp","href":"https:\/\/api.w.org\/{rel}","templated":true}]}}