{"id":155691,"date":"2025-01-08T12:32:19","date_gmt":"2025-01-08T11:32:19","guid":{"rendered":"https:\/\/fitshaker-eshop-prod.goodrequest.dev\/eshop\/?post_type=product&#038;p=155691"},"modified":"2026-05-14T12:02:22","modified_gmt":"2026-05-14T10:02:22","slug":"protismykova-podlozka-na-cvicenie-v-novom-dizajne","status":"publish","type":"product","link":"https:\/\/fitshaker.sk\/eshop\/produkt\/protismykova-podlozka-na-cvicenie-v-novom-dizajne","title":{"rendered":"Proti\u0161mykov\u00e1 podlo\u017eka na cvi\u010denie Fitshaker"},"content":{"rendered":"<p>Ako si vytvori\u0165 podmienky na cvi\u010denie tak, aby ka\u017ed\u00e9 cvi\u010denie bolo pohodln\u00e9? Jednoducho. Vysoko kvalitn\u00e1 <strong>proti\u0161mykov\u00e1 podlo\u017eka na cvi\u010denie<\/strong> dopraje komfort pri ka\u017edom jednom pohybe. V sede, v \u013eahu alebo pri v\u00fdskokoch \u010di drepovan\u00ed. Je tvoj tr\u00e9ning intenz\u00edvny? T\u00e1to proti\u0161mykov\u00e1 podlo\u017eka sa pekne pri\u013ene k podlahe a zabezpe\u010d\u00ed absol\u00fatny komfort. Navy\u0161e pri poh\u013eade na \u0148u bude\u0161 ma\u0165 chu\u0165 neprest\u00e1va\u0165 a ma\u0165 ju st\u00e1le po ruke.<\/p>\n<p>&nbsp;<\/p>\n<p><strong>Rozmer:<\/strong> 185 x 68 cm<\/p>\n<p><strong>Hr\u00fabka:\u00a0<\/strong>4 mm<\/p>\n<p><strong>V\u00e1ha:<\/strong>\u00a02,7 kg<\/p>\n<p><strong>Materi\u00e1l<\/strong>: Pr\u00edrodn\u00fd kau\u010duk s polyuret\u00e1nov\u00fdm povrchom. Hladk\u00fd povrch polyuret\u00e1nu (PU) je odoln\u00fd a jemn\u00fd na dotyk. Je to modern\u00fd povrch, ktor\u00fd pon\u00faka maxim\u00e1lnu pri\u013enavos\u0165 a pohodlie pre tvoje cvi\u010denie. Polyuret\u00e1n je navy\u0161e priate\u013esk\u00fd k poko\u017eke. Je tie\u017e bez latexu, AZO farb\u00edv, zm\u00e4k\u010dovadiel DOP a \u0165a\u017ek\u00fdch kovov.<\/p>\n<p>&nbsp;<\/p>\n<p>Proti\u0161mykov\u00e1<strong> podlo\u017eka sa neroluje, nekr\u010d\u00ed,<\/strong> dr\u017e\u00ed na podlahe ako prilepen\u00e1. Je tro\u0161ku \u0165a\u017e\u0161ia, v\u010faka \u010domu sa dobre pri\u013ene a dr\u017e\u00ed nielen na podlahe ale aj na koberci. Hr\u00fabka 4 mm zabezpe\u010d\u00ed dostato\u010dn\u00e9 tlmenie pre kolen\u00e1 a ruky.<\/p>\n<p><strong>Ak h\u013ead\u00e1\u0161 \u013eahk\u00fa podlo\u017eku na cesty, <a href=\"https:\/\/fitshaker.sk\/eshop\/produkt\/podlozka-na-cvicenie-light\">pozri si na\u0161u Light proti\u0161mykov\u00fa podlo\u017eku s hr\u00fabkou 1,5 mm.<\/a>\u00a0<\/strong><\/p>\n<p>&nbsp;<\/p>\n<p><strong>\u010cistenie:<\/strong><\/p>\n<p>Utierajte m\u00e4kkou handri\u010dkou navlh\u010denou v \u010distej vode, podlo\u017eku nechajte vyschn\u00fa\u0165 na vzduchu.<\/p>\n<p><strong>Uskladnenie:<\/strong><\/p>\n<p>Podlo\u017eku zaba\u013ete PU stranou von, skladujte ju na suchom a chladnom mieste.<\/p>\n<p>&nbsp;<\/p>\n<p><strong>\ud83d\udce2 <em>INFO O DORU\u010cEN\u00cd<\/em> \ud83d\ude9a\ud83e\udd17:<\/strong><br \/>\n<em><strong>Podlo\u017eka chod\u00ed v\u017edy zabalen\u00e1 v samostatnom bal\u00ed\u010dku.<br \/>\nAk si teda od n\u00e1s objedn\u00e1\u0161 viac veci\u010diek, pr\u00eddu ti 2 bal\u00ed\u010dky. Niekedy sa m\u00f4\u017ee sta\u0165, \u017ee sa tieto bal\u00ed\u010dky v triediacom centre prepravnej spolo\u010dnosti rozdelia a nepr\u00eddu ti naraz. Ale nemus\u00ed\u0161 ma\u0165 obavy<\/strong><\/em><strong>\ud83d\ude09<\/strong><em><strong>, aj druh\u00fd bal\u00ed\u010dek ti ur\u010dite doraz\u00ed, v\u00e4\u010d\u0161inou v nasleduj\u00faci pracovn\u00fd de\u0148.<\/strong><\/em><\/p>\n","protected":false},"excerpt":{"rendered":"<p>Fitshaker proti\u0161mykov\u00e1 podlo\u017eka v novom dizajne. Kr\u00e1sna, \u017eensk\u00e1. Proti\u0161mykov\u00e1 podlo\u017eka sa neroluje, nekr\u010d\u00ed, dr\u017e\u00ed na podlahe ako prilepen\u00e1. Je tro\u0161ku \u0165a\u017e\u0161ia, v\u010faka \u010domu sa dobre pri\u013ene a dr\u017e\u00ed nielen na podlahe ale aj na koberci. Hr\u00fabka 4 mm zabezpe\u010d\u00ed dostato\u010dn\u00e9 tlmenie pre kolen\u00e1 a ruky.<\/p>\n","protected":false},"featured_media":169584,"comment_status":"open","ping_status":"closed","template":"","meta":{"_acf_changed":false},"product_cat":[215],"product_tag":[],"bundle_layout":"","bundled_by":[],"bundled_items":[],"acf":[],"_links":{"self":[{"href":"https:\/\/fitshaker.sk\/eshop\/wp-json\/wp\/v2\/product\/155691"}],"collection":[{"href":"https:\/\/fitshaker.sk\/eshop\/wp-json\/wp\/v2\/product"}],"about":[{"href":"https:\/\/fitshaker.sk\/eshop\/wp-json\/wp\/v2\/types\/product"}],"replies":[{"embeddable":true,"href":"https:\/\/fitshaker.sk\/eshop\/wp-json\/wp\/v2\/comments?post=155691"}],"wp:featuredmedia":[{"embeddable":true,"href":"https:\/\/fitshaker.sk\/eshop\/wp-json\/wp\/v2\/media\/169584"}],"wp:attachment":[{"href":"https:\/\/fitshaker.sk\/eshop\/wp-json\/wp\/v2\/media?parent=155691"}],"wp:term":[{"taxonomy":"product_cat","embeddable":true,"href":"https:\/\/fitshaker.sk\/eshop\/wp-json\/wp\/v2\/product_cat?post=155691"},{"taxonomy":"product_tag","embeddable":true,"href":"https:\/\/fitshaker.sk\/eshop\/wp-json\/wp\/v2\/product_tag?post=155691"}],"curies":[{"name":"wp","href":"https:\/\/api.w.org\/{rel}","templated":true}]}}