{"id":155690,"date":"2024-07-24T12:32:19","date_gmt":"2024-07-24T10:32:19","guid":{"rendered":"https:\/\/fitshaker-eshop-prod.goodrequest.dev\/eshop\/?post_type=product&#038;p=155690"},"modified":"2026-01-09T14:49:21","modified_gmt":"2026-01-09T13:49:21","slug":"darcekovy-poukaz-na-nakup-v-e-shope-30-eur","status":"publish","type":"product","link":"https:\/\/fitshaker.sk\/eshop\/produkt\/darcekovy-poukaz-na-nakup-v-e-shope-30-eur","title":{"rendered":"Dar\u010dekov\u00fd poukaz na n\u00e1kup v e-shope 30 EUR"},"content":{"rendered":"<p><strong>Dar\u010dekov\u00fd poukaz na n\u00e1kup v eshope Fitshaker v hodnote 30 EUR.<\/strong><\/p>\n<p>Dar\u010dekov\u00fd poukaz m\u00f4\u017ee\u0161 vyu\u017ei\u0165 na n\u00e1kup skvel\u00fdch fit veci\u010diek na na\u0161om e-shope.<\/p>\n<p>N\u00e1jde\u0161 tu nieko\u013eko kni\u017eiek so zdrav\u00fdmi receptami, zdrav\u00e9 ma\u0161krty, kvalitn\u00e9 oble\u010dko, pom\u00f4cky na cvi\u010denie a \u010fal\u0161ie u\u017eito\u010dn\u00e9 veci.<\/p>\n<p><strong>Platnos\u0165 PROMO k\u00f3du na dar\u010dekovom poukaze je 12 mesiacov<\/strong> od doru\u010denia emailu po zak\u00fapen\u00ed dar\u010dekov\u00e9ho poukazu.<\/p>\n<p><em><strong>Poukaz nie je mo\u017en\u00e9 uplatni\u0165 na k\u00fapu PREMIUM \u010dlenstva.<\/strong><\/em><br \/>\nAk si \u017eel\u00e1\u0161 darova\u0165 PREMIUM \u010dlenstvo &#8211; cvi\u010denie na doma pod\u013ea profesion\u00e1lnych vide\u00ed, m\u00f4\u017ee\u0161 tak urobi\u0165 tu &#8211;<br \/>\n<strong><a href=\"https:\/\/fitshaker.sk\/daruj-fitshaker\">objedna\u0165 PREMIUM \u010dlenstvo vo Fitshakeri ako dar\u010dek.<\/a><\/strong><\/p>\n","protected":false},"excerpt":{"rendered":"<p>Dar\u010dekov\u00fd poukaz na n\u00e1kup v eshope Fitshaker v hodnote 30 EUR.<\/p>\n","protected":false},"featured_media":162571,"comment_status":"open","ping_status":"closed","template":"","meta":{"_acf_changed":false},"product_cat":[211],"product_tag":[],"bundle_layout":"","bundled_by":[],"bundled_items":[],"acf":[],"_links":{"self":[{"href":"https:\/\/fitshaker.sk\/eshop\/wp-json\/wp\/v2\/product\/155690"}],"collection":[{"href":"https:\/\/fitshaker.sk\/eshop\/wp-json\/wp\/v2\/product"}],"about":[{"href":"https:\/\/fitshaker.sk\/eshop\/wp-json\/wp\/v2\/types\/product"}],"replies":[{"embeddable":true,"href":"https:\/\/fitshaker.sk\/eshop\/wp-json\/wp\/v2\/comments?post=155690"}],"wp:featuredmedia":[{"embeddable":true,"href":"https:\/\/fitshaker.sk\/eshop\/wp-json\/wp\/v2\/media\/162571"}],"wp:attachment":[{"href":"https:\/\/fitshaker.sk\/eshop\/wp-json\/wp\/v2\/media?parent=155690"}],"wp:term":[{"taxonomy":"product_cat","embeddable":true,"href":"https:\/\/fitshaker.sk\/eshop\/wp-json\/wp\/v2\/product_cat?post=155690"},{"taxonomy":"product_tag","embeddable":true,"href":"https:\/\/fitshaker.sk\/eshop\/wp-json\/wp\/v2\/product_tag?post=155690"}],"curies":[{"name":"wp","href":"https:\/\/api.w.org\/{rel}","templated":true}]}}