{"id":155679,"date":"2024-07-24T12:32:10","date_gmt":"2024-07-24T10:32:10","guid":{"rendered":"https:\/\/fitshaker-eshop-prod.goodrequest.dev\/eshop\/?post_type=product&#038;p=155679"},"modified":"2026-04-10T10:07:21","modified_gmt":"2026-04-10T08:07:21","slug":"crop-top-fitshaker-abraka","status":"publish","type":"product","link":"https:\/\/fitshaker.sk\/eshop\/produkt\/crop-top-fitshaker-abraka","title":{"rendered":"Crop top Fitshaker x Abraka\u00ae"},"content":{"rendered":"<p>Crop top Fitshaker x Abraka\u00ae m\u00e1 unik\u00e1tny svie\u017ei dizajn, je <strong>mimoriadne pohodln\u00fd<\/strong>, funk\u010dn\u00fd a\u00a0poskytuje skvel\u00fa oporu pri \u0161porte.\u00a0 V\u010faka starostiv\u00e9mu v\u00fdberu kvalitn\u00fdch recyklovan\u00fdch materi\u00e1lov, strihu a\u00a0\u0161itiu, <strong>sed\u00ed ako druh\u00e1 ko\u017ea<\/strong>. Crop top nie je vystu\u017een\u00fd, ale jeho <strong>dokonal\u00fd strih zabezpe\u010duje pohodlie a\u00a0oporu aj pri n\u00e1ro\u010dn\u00fdch \u0161portov\u00fdch aktivit\u00e1ch<\/strong>. M\u00e1 d\u00f4myselne umiestnen\u00fa gumi\u010dku, aby dr\u017eal naozaj perfektne. Je <strong>vyroben\u00fd z\u00a0funk\u010dn\u00e9ho recyklovan\u00e9ho materi\u00e1lu\u00a0Light<\/strong>, ktor\u00fd je<strong>\u00a0priedu\u0161n\u00fd, extra jemn\u00fd, s vysokou hustotou pletenia,<\/strong> v\u010faka \u010domu dosahuje vysok\u00fa <strong>odolnos\u0165 vo\u010di presvitaniu<\/strong>, <strong>UVB ochranu SPF 50+, r\u00fdchlo schne<\/strong> a\u00a0m\u00f4\u017ee\u0161 ho smelo <strong>vyu\u017ei\u0165 aj vo vode<\/strong>.<\/p>\n<p><em>Pri v\u00fdbere tvojho k\u00fasku sa odpor\u00fa\u010dame dr\u017ea\u0165 \u0161tandardnej konfek\u010dnej ve\u013ekosti, ktor\u00fa be\u017ene nos\u00ed\u0161. V pr\u00edpade, \u017ee sa rozhoduje\u0161 medzi dvoma ve\u013ekos\u0165ami, vyber men\u0161iu ve\u013ekos\u0165 \u2013 ak preferuje\u0161 v\u00e4\u010d\u0161ie spevnenie, alebo vyber v\u00e4\u010d\u0161iu ve\u013ekos\u0165 \u2013 ak d\u00e1va\u0161 prednos\u0165 v\u00e4\u010d\u0161ej vo\u013enosti. <\/em><\/p>\n<p>Ve\u013ekos\u0165 S: prsia 75 \u2013 88 cm, pod prsiami 68 \u2013 76 cm, ve\u013ekos\u0165 ko\u0161\u00edka 70 A\/B<\/p>\n<p>Ve\u013ekos\u0165 M: prsia 85 \u2013 98 cm, pod prsiami 74 \u2013 84 cm, ve\u013ekos\u0165 ko\u0161\u00edka 75 A\/B\/C<\/p>\n<p>Ve\u013ekos\u0165 L: prsia 95 \u2013 108 cm, 80 \u2013 92 cm, ve\u013ekos\u0165 ko\u0161\u00edka 80 B\/C\/D<\/p>\n<p>Starostlivos\u0165 o produkt: Pra\u0165 vyvr\u00e1ten\u00e9 na 30\u00b0, nepou\u017e\u00edva\u0165 aviv\u00e1\u017e, nesu\u0161i\u0165 v su\u0161i\u010dke, vyvarova\u0165 sa oderu s ostr\u00fdmi predmetmi.<\/p>\n<p>Podpora\u00a0<strong>lok\u00e1lnej a\u00a0ekologickej v\u00fdroby <\/strong>je pre n\u00e1s extr\u00e9mne d\u00f4le\u017eit\u00e1. Pridaj sa a nakupuj uvedomelo a udr\u017eate\u013ene. \ud83d\ude42<\/p>\n<p>&nbsp;<\/p>\n","protected":false},"excerpt":{"rendered":"<p>V spolupr\u00e1ci so slovenskou zna\u010dkou\u00a0Abraka\u00ae\u00a0sme vytvorili <strong>\u0161t\u00fdlov\u00fa, nad\u010dasov\u00fa, ekologick\u00fa a vysoko kvalitn\u00fa kolekciu \u0161portov\u00e9ho oble\u010denia<\/strong>.<\/p>\n","protected":false},"featured_media":155095,"comment_status":"open","ping_status":"closed","template":"","meta":{"_acf_changed":false},"product_cat":[214],"product_tag":[],"bundle_layout":"","bundled_by":[],"bundled_items":[],"acf":[],"_links":{"self":[{"href":"https:\/\/fitshaker.sk\/eshop\/wp-json\/wp\/v2\/product\/155679"}],"collection":[{"href":"https:\/\/fitshaker.sk\/eshop\/wp-json\/wp\/v2\/product"}],"about":[{"href":"https:\/\/fitshaker.sk\/eshop\/wp-json\/wp\/v2\/types\/product"}],"replies":[{"embeddable":true,"href":"https:\/\/fitshaker.sk\/eshop\/wp-json\/wp\/v2\/comments?post=155679"}],"wp:featuredmedia":[{"embeddable":true,"href":"https:\/\/fitshaker.sk\/eshop\/wp-json\/wp\/v2\/media\/155095"}],"wp:attachment":[{"href":"https:\/\/fitshaker.sk\/eshop\/wp-json\/wp\/v2\/media?parent=155679"}],"wp:term":[{"taxonomy":"product_cat","embeddable":true,"href":"https:\/\/fitshaker.sk\/eshop\/wp-json\/wp\/v2\/product_cat?post=155679"},{"taxonomy":"product_tag","embeddable":true,"href":"https:\/\/fitshaker.sk\/eshop\/wp-json\/wp\/v2\/product_tag?post=155679"}],"curies":[{"name":"wp","href":"https:\/\/api.w.org\/{rel}","templated":true}]}}