{"id":155648,"date":"2024-07-24T12:32:04","date_gmt":"2024-07-24T10:32:04","guid":{"rendered":"https:\/\/fitshaker-eshop-prod.goodrequest.dev\/eshop\/?post_type=product&#038;p=155648"},"modified":"2026-04-13T15:32:49","modified_gmt":"2026-04-13T13:32:49","slug":"modre-leginy-fitshaker-x-abraka","status":"publish","type":"product","link":"https:\/\/fitshaker.sk\/eshop\/produkt\/modre-leginy-fitshaker-x-abraka","title":{"rendered":"Modr\u00e9 Leg\u00edny Fitshaker x Abraka\u00ae"},"content":{"rendered":"<p>Leg\u00edny v spolupr\u00e1ci so slovenskou zna\u010dkou <strong>Abraka\u00ae<\/strong> podporuj\u00facou <strong>lok\u00e1lnu<\/strong> v\u00fdrobu a <strong>ekologick\u00fa<\/strong> m\u00f3du maj\u00fa vesel\u00fd, neprehliadnute\u013en\u00fd dizajn a v\u010faka starostliv\u00e9mu v\u00fdberu<strong> pr\u00e9miov\u00fdch eur\u00f3pskych materi\u00e1lov<\/strong> a ploch\u00fdm \u0161vom sa v nich budete c\u00edti\u0165 ako <strong>v druhej ko\u017ei<\/strong>. S\u00fa vyroben\u00e9 z materi\u00e1lu Shine, ktor\u00fd sa vyzna\u010duje vysok\u00fdm komfortom nosenia. Tento materi\u00e1l je<strong> priedu\u0161n\u00fd<\/strong>, extra jemn\u00fd, s vysokou hustotou pletenia, v\u010faka \u010domu dosahuj\u00fa vysok\u00fa odolnos\u0165 vo\u010di presvitaniu, ve\u013ek\u00fa roz\u0165a\u017enos\u0165 pre vo\u013enos\u0165 pohybu a UVB ochranu SPF 50+<\/p>\n<p>Pri v\u00fdbere ve\u013ekosti sa odpor\u00fa\u010dame dr\u017ea\u0165 \u0161tandardnej konfek\u010dnej ve\u013ekosti, ktor\u00fa be\u017ene nos\u00edte. Overi\u0165 si ve\u013ekos\u0165 odpor\u00fa\u010dame vo ve\u013ekostnej tabu\u013eke. Najmen\u0161ia ve\u013ekos\u0165 leg\u00edn S je vhodn\u00e1 aj na postavy konfek\u010dnej ve\u013ekosti 34.<\/p>\n<p>Rozmery:<\/p>\n<p>Ve\u013ekos\u0165 S: p\u00e1s 60 \u2013 72 cm, boky 83 \u2013 93 cm, v\u00fd\u0161ka do 175 cm<\/p>\n<p>Ve\u013ekos\u0165 M: p\u00e1s 70 \u2013 82 cm, boky 93 \u2013 103 cm, v\u00fd\u0161ka do 183 cm<\/p>\n<p>Ve\u013ekos\u0165 L: p\u00e1s 80 \u2013 92 cm, 100 \u2013 110 cm, v\u00fd\u0161ka do 188 cm<\/p>\n<p>Starostlivos\u0165 o produkt: Pra\u0165 vyvr\u00e1ten\u00e9 na 30\u00b0, nepou\u017e\u00edva\u0165 aviv\u00e1\u017e, nesu\u0161i\u0165 v su\u0161i\u010dke, vyvarova\u0165 sa oderu s ostr\u00fdmi predmetmi.<\/p>\n","protected":false},"excerpt":{"rendered":"<p>Modr\u00e9 pestrofarebn\u00e9 leg\u00edny v spolupr\u00e1ci so slovenskou zna\u010dkou <strong>Abraka\u00ae.<\/strong> Priedu\u0161n\u00fd extra jemn\u00fd a pohodln\u00fd materi\u00e1l, flexibiln\u00e9 a prisp\u00f4sobiv\u00e9 leg\u00edny s extra vysok\u00fdm p\u00e1som! S\u00fa dokonal\u00e9 :)<\/p>\n","protected":false},"featured_media":154828,"comment_status":"open","ping_status":"closed","template":"","meta":{"_acf_changed":false},"product_cat":[214],"product_tag":[],"bundle_layout":"","bundled_by":[],"bundled_items":[],"acf":[],"_links":{"self":[{"href":"https:\/\/fitshaker.sk\/eshop\/wp-json\/wp\/v2\/product\/155648"}],"collection":[{"href":"https:\/\/fitshaker.sk\/eshop\/wp-json\/wp\/v2\/product"}],"about":[{"href":"https:\/\/fitshaker.sk\/eshop\/wp-json\/wp\/v2\/types\/product"}],"replies":[{"embeddable":true,"href":"https:\/\/fitshaker.sk\/eshop\/wp-json\/wp\/v2\/comments?post=155648"}],"wp:featuredmedia":[{"embeddable":true,"href":"https:\/\/fitshaker.sk\/eshop\/wp-json\/wp\/v2\/media\/154828"}],"wp:attachment":[{"href":"https:\/\/fitshaker.sk\/eshop\/wp-json\/wp\/v2\/media?parent=155648"}],"wp:term":[{"taxonomy":"product_cat","embeddable":true,"href":"https:\/\/fitshaker.sk\/eshop\/wp-json\/wp\/v2\/product_cat?post=155648"},{"taxonomy":"product_tag","embeddable":true,"href":"https:\/\/fitshaker.sk\/eshop\/wp-json\/wp\/v2\/product_tag?post=155648"}],"curies":[{"name":"wp","href":"https:\/\/api.w.org\/{rel}","templated":true}]}}