{"id":155605,"date":"2024-07-25T12:31:50","date_gmt":"2024-07-25T10:31:50","guid":{"rendered":"https:\/\/fitshaker-eshop-prod.goodrequest.dev\/eshop\/?post_type=product&#038;p=155605"},"modified":"2026-03-31T10:26:32","modified_gmt":"2026-03-31T08:26:32","slug":"fitnutka-bio-lieskove-oriesky-cokolada","status":"publish","type":"product","link":"https:\/\/fitshaker.sk\/eshop\/produkt\/fitnutka-bio-lieskove-oriesky-cokolada","title":{"rendered":"Fitnutka: BIO Lieskov\u00e9 orie\u0161ky a \u010dokol\u00e1da 330 g"},"content":{"rendered":"<p>Fitnutka je <strong>lahodn<\/strong><strong>\u00fd BIO orie\u0161kov\u00fd kr\u00e9m<\/strong> vyroben\u00fd v jemnej konzistencii, ktor\u00e9ho <strong>z\u00e1klad tvor\u00ed a\u017e 70 % v\u00fdberov\u00fdch lieskovcov<\/strong>. V kombin\u00e1cii s kakaovou hmotou a kokosov\u00fdm cukrom v\u00fdnimo\u010dnej kvality je neodmyslite\u013enou s\u00fa\u010das\u0165ou bo\u017esk\u00e9ho p\u00f4\u017eitku. Po jej ochutnan\u00ed sa do nej jednoducho zamilujete. Navy\u0161e vzh\u013eadom k tomu, \u017ee <strong>neobsahuje \u017eiadne zdraviu \u0161kodliv\u00e9 l\u00e1tky, mlieko, palmov\u00fd olej, \u010di lecit\u00edn<\/strong>, je vynikaj\u00facou vo\u013ebou pre v\u0161etk\u00fdch, ktor\u00ed preferuj\u00fa kvalitn\u00e9, BIO a nutri\u010dne bohat\u00e9 potraviny.<\/p>\n<h3><img loading=\"lazy\" decoding=\"async\" class=\"alignnone wp-image-128059\" src=\"https:\/\/fitshaker.sk\/eshop\/wp-content\/uploads\/2022\/12\/Fitnuky_Produktova-a-kulisou-48-681x1024.jpg\" alt=\"orieskove masla\" width=\"412\" height=\"620\" srcset=\"https:\/\/fitshaker.sk\/eshop\/wp-content\/uploads\/2022\/12\/Fitnuky_Produktova-a-kulisou-48-681x1024.jpg 681w, https:\/\/fitshaker.sk\/eshop\/wp-content\/uploads\/2022\/12\/Fitnuky_Produktova-a-kulisou-48-200x300.jpg 200w, https:\/\/fitshaker.sk\/eshop\/wp-content\/uploads\/2022\/12\/Fitnuky_Produktova-a-kulisou-48-768x1155.jpg 768w, https:\/\/fitshaker.sk\/eshop\/wp-content\/uploads\/2022\/12\/Fitnuky_Produktova-a-kulisou-48-600x902.jpg 600w, https:\/\/fitshaker.sk\/eshop\/wp-content\/uploads\/2022\/12\/Fitnuky_Produktova-a-kulisou-48.jpg 914w\" sizes=\"(max-width: 412px) 100vw, 412px\" \/>\u00a0<img loading=\"lazy\" decoding=\"async\" class=\"alignnone wp-image-128056\" style=\"font-size: 16px;\" src=\"https:\/\/fitshaker.sk\/eshop\/wp-content\/uploads\/2022\/12\/Fitnuky_Produktova-a-kulisou-31-682x1024.jpg\" alt=\"cokoladova natierka s lieskovymi orieskami\" width=\"413\" height=\"620\" srcset=\"https:\/\/fitshaker.sk\/eshop\/wp-content\/uploads\/2022\/12\/Fitnuky_Produktova-a-kulisou-31-682x1024.jpg 682w, https:\/\/fitshaker.sk\/eshop\/wp-content\/uploads\/2022\/12\/Fitnuky_Produktova-a-kulisou-31-200x300.jpg 200w, https:\/\/fitshaker.sk\/eshop\/wp-content\/uploads\/2022\/12\/Fitnuky_Produktova-a-kulisou-31-768x1154.jpg 768w, https:\/\/fitshaker.sk\/eshop\/wp-content\/uploads\/2022\/12\/Fitnuky_Produktova-a-kulisou-31-1022x1536.jpg 1022w, https:\/\/fitshaker.sk\/eshop\/wp-content\/uploads\/2022\/12\/Fitnuky_Produktova-a-kulisou-31-600x901.jpg 600w, https:\/\/fitshaker.sk\/eshop\/wp-content\/uploads\/2022\/12\/Fitnuky_Produktova-a-kulisou-31.jpg 1208w\" sizes=\"(max-width: 413px) 100vw, 413px\" \/> <img loading=\"lazy\" decoding=\"async\" class=\"alignnone wp-image-166807\" style=\"font-size: 16px;\" src=\"https:\/\/fitshaker.sk\/eshop\/wp-content\/uploads\/2024\/07\/Lieskovo-cokoladove-tycinky-2-2-595x894.jpg\" alt=\"\" width=\"413\" height=\"620\" srcset=\"https:\/\/fitshaker.sk\/eshop\/wp-content\/uploads\/2024\/07\/Lieskovo-cokoladove-tycinky-2-2-595x894.jpg 595w, https:\/\/fitshaker.sk\/eshop\/wp-content\/uploads\/2024\/07\/Lieskovo-cokoladove-tycinky-2-2-200x300.jpg 200w, https:\/\/fitshaker.sk\/eshop\/wp-content\/uploads\/2024\/07\/Lieskovo-cokoladove-tycinky-2-2-331x498.jpg 331w, https:\/\/fitshaker.sk\/eshop\/wp-content\/uploads\/2024\/07\/Lieskovo-cokoladove-tycinky-2-2-768x1154.jpg 768w, https:\/\/fitshaker.sk\/eshop\/wp-content\/uploads\/2024\/07\/Lieskovo-cokoladove-tycinky-2-2-450x676.jpg 450w, https:\/\/fitshaker.sk\/eshop\/wp-content\/uploads\/2024\/07\/Lieskovo-cokoladove-tycinky-2-2-350x526.jpg 350w, https:\/\/fitshaker.sk\/eshop\/wp-content\/uploads\/2024\/07\/Lieskovo-cokoladove-tycinky-2-2.jpg 800w\" sizes=\"(max-width: 413px) 100vw, 413px\" \/><\/h3>\n<p>&nbsp;<\/p>\n<h3>\u010co dobr\u00e9 si m\u00f4\u017ee\u0161 s Fitnutkami pripravi\u0165?<\/h3>\n<p>Tak \u010do, vysk\u00fa\u0161a\u0161 prida\u0165 niektor\u00fa z na\u0161ich Fitnutiek do ra\u0148ajkovej ka\u0161e, na lievance, kol\u00e1\u010diky alebo na slano do om\u00e1\u010dok \u010di cestov\u00edn?<\/p>\n<p>In\u0161piruj sa receptami na na\u0161om blogu v kateg\u00f3rii <a href=\"https:\/\/fitshaker.sk\/kategoria\/recepty\/recepty-fitnutka\">RECEPTY S FITNUTKOU<\/a>, zisti, kde v\u0161ade sa daj\u00fa orie\u0161kov\u00e9 n\u00e1tierky vyu\u017ei\u0165, a vy\u010daruj nov\u00fa chu\u0165 na tanieri.<\/p>\n<p>&nbsp;<\/p>\n<h3>Zlo\u017eenie:<\/h3>\n<ul>\n<li style=\"font-weight: 400;\">70 % BIO<strong> lieskov\u00e9 orechy<\/strong>*<\/li>\n<li style=\"font-weight: 400;\">30 % \u010dokol\u00e1da* (kokosov\u00fd cukor*, kakaov\u00e9 maslo*, kakaov\u00fd pr\u00e1\u0161ok*)<\/li>\n<\/ul>\n<p style=\"font-weight: 400;\">\u00a0* <em>vyprodukovan\u00e9 v\u00a0ekologickom po\u013enohospod\u00e1rstve<\/em><\/p>\n<p><strong>M\u00f4\u017ee obsahova\u0165 in\u00e9 orechy.<\/strong><\/p>\n<p>&nbsp;<\/p>\n<h3>V\u00fd\u017eivov\u00e9 \u00fadaje na 100 g:<\/h3>\n<p>energia 2481kJ\/593 kcal<br \/>\ntuky 48,24 g z\u00a0toho nas\u00fdten\u00e9 7,27 g<br \/>\nsacharidy 24 g z\u00a0toho cukry 21,15 g<br \/>\nvl\u00e1knina 7,8 g<br \/>\nbielkoviny 12,04 g<br \/>\nso\u013e \u02c2 0,1 g<\/p>\n<p><strong>Balenie<\/strong>: <strong>330 g<\/strong><\/p>\n<p>&nbsp;<\/p>\n<p><strong>UPOZORNENIE: Pri v\u00e4\u010d\u0161\u00edch teplotn\u00fdch rozdieloch, hlavne v jesennom a zimnom obdob\u00ed, sa oddelen\u00fd olej m\u00f4\u017ee vyzr\u00e1\u017ea\u0165 do tukov\u00fdch \u010diasto\u010diek (mal\u00e9 biele guli\u010dky), alebo sa m\u00f4\u017ee oddeli\u0165 tuh\u00e1 a tekut\u00e1 zlo\u017eka n\u00e1tierky, \u010do v\u0161ak nie je chyba produktu. Pre odstr\u00e1nenie tohto javu, odpor\u00fa\u010dame produkt d\u00f4kladne premie\u0161a\u0165 v teplom, nie vriacom, vodnom k\u00fapeli\u00a0\u00a0aby sa \u201cv\u0161etky vrstvy\u201d poriadne spojili. Vznikne tak lahodn\u00e1 kr\u00e9mov\u00e1 konzistencia.<\/strong><\/p>\n<p>&nbsp;<\/p>\n","protected":false},"excerpt":{"rendered":"<p><strong>Tvoja zdrav\u00e1 poch\u00fa\u0165ka. Lahodn\u00fd Bio orie\u0161kov\u00fd kr\u00e9m. A\u017e 70 % lieskov\u00fdch orechov!<br \/>\n<\/strong><\/p>\n<p>&nbsp;<\/p>\n<p><img loading=\"lazy\" decoding=\"async\" class=\"alignnone wp-image-170773\" src=\"https:\/\/fitshaker.sk\/eshop\/wp-content\/uploads\/2024\/07\/BIO-fitnutky-zakladne-eshop-ikonky-produkty.png\" alt=\"Bo fitnutka orieskove masla\" width=\"670\" height=\"100\" srcset=\"https:\/\/fitshaker.sk\/eshop\/wp-content\/uploads\/2024\/07\/BIO-fitnutky-zakladne-eshop-ikonky-produkty.png 5920w, https:\/\/fitshaker.sk\/eshop\/wp-content\/uploads\/2024\/07\/BIO-fitnutky-zakladne-eshop-ikonky-produkty-350x52.png 350w, https:\/\/fitshaker.sk\/eshop\/wp-content\/uploads\/2024\/07\/BIO-fitnutky-zakladne-eshop-ikonky-produkty-595x89.png 595w, https:\/\/fitshaker.sk\/eshop\/wp-content\/uploads\/2024\/07\/BIO-fitnutky-zakladne-eshop-ikonky-produkty-385x57.png 385w, https:\/\/fitshaker.sk\/eshop\/wp-content\/uploads\/2024\/07\/BIO-fitnutky-zakladne-eshop-ikonky-produkty-768x115.png 768w, https:\/\/fitshaker.sk\/eshop\/wp-content\/uploads\/2024\/07\/BIO-fitnutky-zakladne-eshop-ikonky-produkty-1536x229.png 1536w, https:\/\/fitshaker.sk\/eshop\/wp-content\/uploads\/2024\/07\/BIO-fitnutky-zakladne-eshop-ikonky-produkty-2048x305.png 2048w, https:\/\/fitshaker.sk\/eshop\/wp-content\/uploads\/2024\/07\/BIO-fitnutky-zakladne-eshop-ikonky-produkty-450x67.png 450w\" sizes=\"(max-width: 670px) 100vw, 670px\" \/><\/p>\n<p>&nbsp;<\/p>\n","protected":false},"featured_media":162586,"comment_status":"open","ping_status":"closed","template":"","meta":{"_acf_changed":false},"product_cat":[213],"product_tag":[],"bundle_layout":"","bundled_by":[],"bundled_items":[],"acf":[],"_links":{"self":[{"href":"https:\/\/fitshaker.sk\/eshop\/wp-json\/wp\/v2\/product\/155605"}],"collection":[{"href":"https:\/\/fitshaker.sk\/eshop\/wp-json\/wp\/v2\/product"}],"about":[{"href":"https:\/\/fitshaker.sk\/eshop\/wp-json\/wp\/v2\/types\/product"}],"replies":[{"embeddable":true,"href":"https:\/\/fitshaker.sk\/eshop\/wp-json\/wp\/v2\/comments?post=155605"}],"wp:featuredmedia":[{"embeddable":true,"href":"https:\/\/fitshaker.sk\/eshop\/wp-json\/wp\/v2\/media\/162586"}],"wp:attachment":[{"href":"https:\/\/fitshaker.sk\/eshop\/wp-json\/wp\/v2\/media?parent=155605"}],"wp:term":[{"taxonomy":"product_cat","embeddable":true,"href":"https:\/\/fitshaker.sk\/eshop\/wp-json\/wp\/v2\/product_cat?post=155605"},{"taxonomy":"product_tag","embeddable":true,"href":"https:\/\/fitshaker.sk\/eshop\/wp-json\/wp\/v2\/product_tag?post=155605"}],"curies":[{"name":"wp","href":"https:\/\/api.w.org\/{rel}","templated":true}]}}