{"id":204159,"date":"2026-03-25T15:27:04","date_gmt":"2026-03-25T14:27:04","guid":{"rendered":"https:\/\/fitshaker.sk\/eshop\/?post_type=product&#038;p=204159"},"modified":"2026-05-11T07:46:38","modified_gmt":"2026-05-11T05:46:38","slug":"sietovane-vrecko-fitshaker","status":"publish","type":"product","link":"https:\/\/fitshaker.sk\/eshop\/cs\/produkt\/sietovane-vrecko-fitshaker","title":{"rendered":"Sie\u0165ovan\u00e9 vrecko Fitshaker"},"content":{"rendered":"<p>Praktick\u00fd pomocn\u00edk, ktor\u00fd udr\u017e\u00ed tvoje fitness vybavenie v\u017edy pekne pokope.<br \/>\n<strong>Sie\u0165ovan\u00e9 vrecko Fitshaker je ide\u00e1lne na odkladanie expanderov \u010di in\u00fdch cvi\u010debn\u00fdch pom\u00f4cok<\/strong> \u2013 doma aj na cest\u00e1ch.<\/p>\n<ul>\n<li>Vrecko je vyroben\u00e9 z pevn\u00e9ho syntetick\u00e9ho materi\u00e1lu, ktor\u00fd je odoln\u00fd a z\u00e1rove\u0148 \u013eahk\u00fd.<\/li>\n<li>V\u010faka sie\u0165ovan\u00e9mu prevedeniu m\u00e1\u0161 v\u017edy preh\u013ead o tom, \u010do m\u00e1\u0161 vo vn\u00fatri.<\/li>\n<li>Vrecko m\u00e1 <strong>pribli\u017en\u00fd rozmer 18 \u00d7 30 cm.<\/strong><\/li>\n<li><strong>Praktick\u00e9 uzatv\u00e1ranie na \u0161n\u00farku<\/strong> zabezpe\u010d\u00ed, \u017ee v\u0161etko zostane na svojom mieste \u2013 \u010di u\u017e si ho hod\u00ed\u0161 do ta\u0161ky, kufra alebo ho m\u00e1\u0161 len tak doma pripraven\u00e9 na tr\u00e9ning.<\/li>\n<\/ul>\n<p>Jednoduch\u00e9, funk\u010dn\u00e9 a v\u017edy pripraven\u00e9 \u00eds\u0165 s tebou kamko\u013evek.<br \/>\nPriho\u010f si ho do ko\u0161\u00edka, ur\u010dite ho vyu\u017eije\u0161 :).<\/p>\n","protected":false},"excerpt":{"rendered":"<p>Maj svoje fitness pom\u00f4cky v\u017edy po ruke. Sie\u0165ovan\u00e9 vrecko Fitshaker je ide\u00e1lne na uskladnenie expanderov aj in\u00fdch drobnost\u00ed, ktor\u00e9 chce\u0161 ma\u0165 v\u017edy poruke, doma aj na cest\u00e1ch.<\/p>\n","protected":false},"featured_media":204155,"comment_status":"open","ping_status":"closed","template":"","meta":{"_acf_changed":false},"product_cat":[215],"product_tag":[],"bundle_layout":"","bundled_by":[],"bundled_items":[],"acf":[],"_links":{"self":[{"href":"https:\/\/fitshaker.sk\/eshop\/cs\/wp-json\/wp\/v2\/product\/204159"}],"collection":[{"href":"https:\/\/fitshaker.sk\/eshop\/cs\/wp-json\/wp\/v2\/product"}],"about":[{"href":"https:\/\/fitshaker.sk\/eshop\/cs\/wp-json\/wp\/v2\/types\/product"}],"replies":[{"embeddable":true,"href":"https:\/\/fitshaker.sk\/eshop\/cs\/wp-json\/wp\/v2\/comments?post=204159"}],"wp:featuredmedia":[{"embeddable":true,"href":"https:\/\/fitshaker.sk\/eshop\/cs\/wp-json\/wp\/v2\/media\/204155"}],"wp:attachment":[{"href":"https:\/\/fitshaker.sk\/eshop\/cs\/wp-json\/wp\/v2\/media?parent=204159"}],"wp:term":[{"taxonomy":"product_cat","embeddable":true,"href":"https:\/\/fitshaker.sk\/eshop\/cs\/wp-json\/wp\/v2\/product_cat?post=204159"},{"taxonomy":"product_tag","embeddable":true,"href":"https:\/\/fitshaker.sk\/eshop\/cs\/wp-json\/wp\/v2\/product_tag?post=204159"}],"curies":[{"name":"wp","href":"https:\/\/api.w.org\/{rel}","templated":true}]}}