{"id":200757,"date":"2026-02-05T19:22:33","date_gmt":"2026-02-05T18:22:33","guid":{"rendered":"https:\/\/fitshaker.sk\/eshop\/cs\/?post_type=product&#038;p=200757"},"modified":"2026-02-16T13:41:56","modified_gmt":"2026-02-16T12:41:56","slug":"webinar-jest-zdravo-verzus-byt-posadnuty-zdravim","status":"publish","type":"product","link":"https:\/\/fitshaker.sk\/eshop\/cs\/produkt\/webinar-jest-zdravo-verzus-byt-posadnuty-zdravim","title":{"rendered":"Webin\u00e1r: Jes\u0165 zdravo vs. by\u0165 posadnut\u00fd zdrav\u00edm s Tatianou Kyse\u013eovou"},"content":{"rendered":"<p><strong>Kde kon\u010d\u00ed starostlivos\u0165 o seba a kde sa za\u010d\u00edna tlak, kontrola a v\u00fd\u010ditky?<\/strong><\/p>\n<p>Tento psychologicky laden\u00fd webin\u00e1r s <a href=\"https:\/\/fitshaker.sk\/instruktori\/tatiana-kyselova\"><strong>v\u00fd\u017eivovou poradky\u0148ou Tatianou Kyse\u013eovou<\/strong><\/a> otv\u00e1ra citliv\u00fa, no ve\u013emi aktu\u00e1lnu t\u00e9mu vz\u0165ahu k jedlu, telu a vlastn\u00e9mu zdraviu.<\/p>\n<p>Dozvie\u0161 sa, ako rozpozna\u0165 varovn\u00e9 sign\u00e1ly posadnutosti \u201edokonal\u00fdm\u201c \u017eivotn\u00fdm \u0161t\u00fdlom, pre\u010do n\u00e1s snaha robi\u0165 v\u0161etko spr\u00e1vne m\u00f4\u017ee paradoxne vz\u010fa\u013eova\u0165 od pohody a ako si budova\u0165 zdrav\u00fd, vyv\u00e1\u017een\u00fd pr\u00edstup bez extr\u00e9mov, strachu a neust\u00e1leho sebaobmedzovania. Webin\u00e1r pon\u00faka priestor na pochopenie vlastn\u00fdch my\u0161lienkov\u00fdch vzorcov, em\u00f3ci\u00ed aj tlakov, ktor\u00e9 na seba (\u010dasto nevedome) vytv\u00e1rame.<\/p>\n<p><strong>Tento 1-hodinov\u00fd webin\u00e1r bol vytvoren\u00fd exkluz\u00edvne pre Fitshaker a je ur\u010den\u00fd v\u0161etk\u00fdm, ktor\u00ed chc\u00fa jes\u0165 zdravo, no z\u00e1rove\u0148 \u017ei\u0165 slobodnej\u0161ie, pokojnej\u0161ie a v lep\u0161om kontakte so sebou.<\/strong><\/p>\n<p><strong><br \/>\n<\/strong>Po zaplaten\u00ed webin\u00e1ra, ti pr\u00edde link na stiahnutie videa na tvoj email.<\/p>\n<p>&nbsp;<\/p>\n","protected":false},"excerpt":{"rendered":"<p><strong>Kde je hranica medzi zdrav\u00fdm \u017eivotn\u00fdm \u0161t\u00fdlom a posadnutos\u0165ou?<\/strong><br \/>\nNa webin\u00e1ri s Ing. v\u00fd\u017eivy Tatianou Kyse\u013eovou sa pozrieme na to, ako jes\u0165 zdravo bez stresu, v\u00fd\u010ditiek a extr\u00e9mov \u2013 s rozumom, pokojom a re\u0161pektom k vlastn\u00e9mu telu.<\/p>\n","protected":false},"featured_media":200742,"comment_status":"closed","ping_status":"closed","template":"","meta":{"_acf_changed":false},"product_cat":[211],"product_tag":[],"bundle_layout":"","bundled_by":[],"bundled_items":[],"acf":[],"_links":{"self":[{"href":"https:\/\/fitshaker.sk\/eshop\/cs\/wp-json\/wp\/v2\/product\/200757"}],"collection":[{"href":"https:\/\/fitshaker.sk\/eshop\/cs\/wp-json\/wp\/v2\/product"}],"about":[{"href":"https:\/\/fitshaker.sk\/eshop\/cs\/wp-json\/wp\/v2\/types\/product"}],"replies":[{"embeddable":true,"href":"https:\/\/fitshaker.sk\/eshop\/cs\/wp-json\/wp\/v2\/comments?post=200757"}],"wp:featuredmedia":[{"embeddable":true,"href":"https:\/\/fitshaker.sk\/eshop\/cs\/wp-json\/wp\/v2\/media\/200742"}],"wp:attachment":[{"href":"https:\/\/fitshaker.sk\/eshop\/cs\/wp-json\/wp\/v2\/media?parent=200757"}],"wp:term":[{"taxonomy":"product_cat","embeddable":true,"href":"https:\/\/fitshaker.sk\/eshop\/cs\/wp-json\/wp\/v2\/product_cat?post=200757"},{"taxonomy":"product_tag","embeddable":true,"href":"https:\/\/fitshaker.sk\/eshop\/cs\/wp-json\/wp\/v2\/product_tag?post=200757"}],"curies":[{"name":"wp","href":"https:\/\/api.w.org\/{rel}","templated":true}]}}