{"id":194006,"date":"2025-10-16T17:01:40","date_gmt":"2025-10-16T15:01:40","guid":{"rendered":"https:\/\/fitshaker.sk\/eshop\/cs\/?post_type=product&#038;p=194006"},"modified":"2026-04-01T19:04:01","modified_gmt":"2026-04-01T17:04:01","slug":"sm-system-lano-rehabilitacia-ruzove","status":"publish","type":"product","link":"https:\/\/fitshaker.sk\/eshop\/cs\/produkt\/sm-system-lano-rehabilitacia-ruzove","title":{"rendered":"SM System lano rehabilita\u010dn\u00e9 \u2013 ten\u0161ie"},"content":{"rendered":"<p><strong>SM \u2013 System: Tvoje telo v rovnov\u00e1he, tvoja chrbtica bez bolesti<\/strong><\/p>\n<p>SM \u2013 System nie je len oby\u010dajn\u00e9 cvi\u010denie.<br \/>\nJe to inteligentn\u00fd <strong>sp\u00f4sob, ako obnovi\u0165 zdrav\u00fd pohyb, posilni\u0165 telo zvn\u00fatra a c\u00edti\u0165 sa op\u00e4\u0165 vo svojej ko\u017ei.<\/strong><br \/>\n<strong>Sl\u00fa\u017ei na regener\u00e1ciu, rehabilit\u00e1ciu aj prevenciu<\/strong> \u2013 preto\u017ee to najlep\u0161ie, \u010do m\u00f4\u017ee\u0161 pre svoje telo urobi\u0165, je nau\u010di\u0165 ho h\u00fdba\u0165 sa spr\u00e1vne.<\/p>\n<p>T\u00e1to origin\u00e1lna met\u00f3da vznikla ako \u00fa\u010dinn\u00e1 <strong>pomoc pri poruch\u00e1ch chrbtice<\/strong>, no jej skuto\u010dn\u00e1 sila je v prevencii. <strong>Pom\u00e1ha predch\u00e1dza\u0165 bolestiam, nap\u00e4tiu a \u00fanave t\u00fdm, \u017ee aktivuje hlbok\u00e9 svaly, obnovuje spr\u00e1vne pohybov\u00e9 vzorce a prin\u00e1\u0161a telu zasl\u00fa\u017een\u00fa regener\u00e1ciu.<\/strong><\/p>\n<p>SM \u2013 System je komplexn\u00fd tr\u00e9ning pohybov\u00e9ho apar\u00e1tu, ktor\u00fd \u0165a nau\u010d\u00ed, ako pracova\u0165 so svoj\u00edm telom efekt\u00edvne, s \u013eahkos\u0165ou a bez bolesti.<br \/>\n<strong>Ka\u017ed\u00fd pohyb m\u00e1 svoj v\u00fdznam<\/strong> \u2013 a pri d\u00f4slednom dodr\u017eiavan\u00ed princ\u00edpov dostane tvoje telo ten <strong>spr\u00e1vny impulz na obnovenie svalovej rovnov\u00e1hy, uvo\u013enenie chrbtice a regener\u00e1ciu medzistavcov\u00fdch platni\u010diek.<\/strong><\/p>\n<p><strong>Je to most medzi rehabilit\u00e1ciou a kondi\u010dn\u00fdm tr\u00e9ningom<\/strong> \u2013 prepojenie zdravia a v\u00fdkonu, ktor\u00e9 d\u00e1va zmysel.<br \/>\n<strong>SM \u2013 System je tvoja cesta z ordin\u00e1cie sp\u00e4\u0165 do \u017eivota.<\/strong><br \/>\nCesta k pru\u017en\u00e9mu, siln\u00e9mu a zdrav\u00e9mu telu, ktor\u00e9 \u0165a podr\u017e\u00ed v ka\u017edej situ\u00e1cii.<\/p>\n<p>Preto\u017ee zdrav\u00fd pohyb je sloboda.<br \/>\nA ty si ju zasl\u00fa\u017ei\u0161.<\/p>\n","protected":false},"excerpt":{"rendered":"<p><strong>SM lano \u0161portov\u00e9 \u2013 ten\u0161ie (ru\u017eov\u00e9) sl\u00fa\u017ei na rehabilita\u010dn\u00e9 a regenera\u010dn\u00e9 cvi\u010denia.<\/strong><br \/>\nSM syst\u00e9m je origin\u00e1lna met\u00f3da, ktor\u00e1 pom\u00e1ha lie\u010di\u0165 poruchy chrbtice a z\u00e1rove\u0148 im predch\u00e1dza prostredn\u00edctvom \u00fa\u010dinnej regener\u00e1cie.<\/p>\n","protected":false},"featured_media":194059,"comment_status":"open","ping_status":"closed","template":"","meta":{"_acf_changed":false},"product_cat":[215],"product_tag":[],"bundle_layout":"","bundled_by":[],"bundled_items":[],"acf":[],"_links":{"self":[{"href":"https:\/\/fitshaker.sk\/eshop\/cs\/wp-json\/wp\/v2\/product\/194006"}],"collection":[{"href":"https:\/\/fitshaker.sk\/eshop\/cs\/wp-json\/wp\/v2\/product"}],"about":[{"href":"https:\/\/fitshaker.sk\/eshop\/cs\/wp-json\/wp\/v2\/types\/product"}],"replies":[{"embeddable":true,"href":"https:\/\/fitshaker.sk\/eshop\/cs\/wp-json\/wp\/v2\/comments?post=194006"}],"wp:featuredmedia":[{"embeddable":true,"href":"https:\/\/fitshaker.sk\/eshop\/cs\/wp-json\/wp\/v2\/media\/194059"}],"wp:attachment":[{"href":"https:\/\/fitshaker.sk\/eshop\/cs\/wp-json\/wp\/v2\/media?parent=194006"}],"wp:term":[{"taxonomy":"product_cat","embeddable":true,"href":"https:\/\/fitshaker.sk\/eshop\/cs\/wp-json\/wp\/v2\/product_cat?post=194006"},{"taxonomy":"product_tag","embeddable":true,"href":"https:\/\/fitshaker.sk\/eshop\/cs\/wp-json\/wp\/v2\/product_tag?post=194006"}],"curies":[{"name":"wp","href":"https:\/\/api.w.org\/{rel}","templated":true}]}}