{"id":192934,"date":"2025-09-23T12:02:22","date_gmt":"2025-09-23T10:02:22","guid":{"rendered":"https:\/\/fitshaker.sk\/eshop\/?post_type=product&#038;p=192934"},"modified":"2026-03-12T21:56:58","modified_gmt":"2026-03-12T20:56:58","slug":"balicek-magnezium","status":"publish","type":"product","link":"https:\/\/fitshaker.sk\/eshop\/cs\/produkt\/balicek-magnezium","title":{"rendered":"Bal\u00ed\u010dek Magn\u00e9zium"},"content":{"rendered":"<h3>Bal\u00ed\u010dek Magn\u00e9zium obsahuje:<\/h3>\n<ul>\n<li>1x balenie<a href=\"https:\/\/fitshaker.sk\/eshop\/produkt\/magnesium-bisglycinate\"><strong> FITSHAKER MAGNESIUM BISGLYCINATE COMPLEX + B6 (90 kaps\u00fal) <\/strong><\/a><br \/>\n<strong>D\u00e1tum minim\u00e1lne trvanlivosti: 30.4.2027<\/strong><br \/>\nVysoko-vstrebate\u013en\u00e1 forma hor\u010d\u00edka (magn\u00e9zium bisglycin\u00e1t), ktor\u00e1 m\u00e1 pozit\u00edvny vplyv na du\u0161evn\u00e9 zdravie, psychick\u00fa rovnov\u00e1hu a nervov\u00fa s\u00fastavu. M\u00e1 upokojuj\u00face \u00fa\u010dinky.<\/li>\n<li>1x balenie<a href=\"https:\/\/fitshaker.sk\/eshop\/produkt\/vitamin-magnesium-malate\"><strong> FITSHAKER MAGNESIUM MALATE + B6 (90 kaps\u00fal)<\/strong><\/a><br \/>\n<strong>Datum minim\u00e1ln\u00ed trvanlivsoti: 27.8.2026<\/strong><br \/>\nVysoko-vstrebate\u013en\u00e1 forma hor\u010d\u00edka (magn\u00e9zium mal\u00e1t), ktor\u00e1 m\u00e1 povzbudzuj\u00face \u00fa\u010dinky, je vhodn\u00fd na podporu energie a vitality a m\u00e1 pozit\u00edvny vplyv na du\u0161evn\u00e9 zdravie, psychick\u00fa rovnov\u00e1hu a nervov\u00fa s\u00fastavu.<\/li>\n<\/ul>\n<p>&nbsp;<\/p>\n","protected":false},"excerpt":{"rendered":"<p>Bal\u00ed\u010dek vysoko-vstrebate\u013en\u00fdch foriem magn\u00e9zia (magnezium bisglycin\u00e1t a magn\u00e9zium mal\u00e1t). V\u00fdborn\u00e1 kombin\u00e1cia na podporu nervovej s\u00fastavy a du\u0161evnej rovnov\u00e1hy. Magn\u00e9zium mal\u00e1t\u00a0 \u2013 vhodn\u00e9 na dodanie rannej energie a Magn\u00e9zium bisglycin\u00e1t \u2013 ide\u00e1lne na ve\u010dern\u00e9 upokojenie a regener\u00e1ciu.<\/p>\n<p>&nbsp;<\/p>\n<p><img loading=\"lazy\" decoding=\"async\" class=\"alignnone wp-image-171103\" src=\"https:\/\/fitshaker.sk\/eshop\/wp-content\/uploads\/2024\/12\/eshop-ikonky-produkty_vitaminy.png\" alt=\"Fitshaker vitam\u00edny\" width=\"557\" height=\"100\" srcset=\"https:\/\/fitshaker.sk\/eshop\/wp-content\/uploads\/2024\/12\/eshop-ikonky-produkty_vitaminy.png 4914w, https:\/\/fitshaker.sk\/eshop\/wp-content\/uploads\/2024\/12\/eshop-ikonky-produkty_vitaminy-350x63.png 350w, https:\/\/fitshaker.sk\/eshop\/wp-content\/uploads\/2024\/12\/eshop-ikonky-produkty_vitaminy-595x107.png 595w, https:\/\/fitshaker.sk\/eshop\/wp-content\/uploads\/2024\/12\/eshop-ikonky-produkty_vitaminy-385x69.png 385w, https:\/\/fitshaker.sk\/eshop\/wp-content\/uploads\/2024\/12\/eshop-ikonky-produkty_vitaminy-768x138.png 768w, https:\/\/fitshaker.sk\/eshop\/wp-content\/uploads\/2024\/12\/eshop-ikonky-produkty_vitaminy-1536x276.png 1536w, https:\/\/fitshaker.sk\/eshop\/wp-content\/uploads\/2024\/12\/eshop-ikonky-produkty_vitaminy-2048x368.png 2048w, https:\/\/fitshaker.sk\/eshop\/wp-content\/uploads\/2024\/12\/eshop-ikonky-produkty_vitaminy-450x81.png 450w\" sizes=\"(max-width: 557px) 100vw, 557px\" \/><\/p>\n","protected":false},"featured_media":192162,"comment_status":"open","ping_status":"closed","template":"","meta":{"_acf_changed":false},"product_cat":[251],"product_tag":[],"bundle_layout":"","bundled_by":[],"bundled_items":[],"acf":[],"_links":{"self":[{"href":"https:\/\/fitshaker.sk\/eshop\/cs\/wp-json\/wp\/v2\/product\/192934"}],"collection":[{"href":"https:\/\/fitshaker.sk\/eshop\/cs\/wp-json\/wp\/v2\/product"}],"about":[{"href":"https:\/\/fitshaker.sk\/eshop\/cs\/wp-json\/wp\/v2\/types\/product"}],"replies":[{"embeddable":true,"href":"https:\/\/fitshaker.sk\/eshop\/cs\/wp-json\/wp\/v2\/comments?post=192934"}],"wp:featuredmedia":[{"embeddable":true,"href":"https:\/\/fitshaker.sk\/eshop\/cs\/wp-json\/wp\/v2\/media\/192162"}],"wp:attachment":[{"href":"https:\/\/fitshaker.sk\/eshop\/cs\/wp-json\/wp\/v2\/media?parent=192934"}],"wp:term":[{"taxonomy":"product_cat","embeddable":true,"href":"https:\/\/fitshaker.sk\/eshop\/cs\/wp-json\/wp\/v2\/product_cat?post=192934"},{"taxonomy":"product_tag","embeddable":true,"href":"https:\/\/fitshaker.sk\/eshop\/cs\/wp-json\/wp\/v2\/product_tag?post=192934"}],"curies":[{"name":"wp","href":"https:\/\/api.w.org\/{rel}","templated":true}]}}