{"id":192691,"date":"2025-09-19T14:38:33","date_gmt":"2025-09-19T12:38:33","guid":{"rendered":"https:\/\/fitshaker.sk\/eshop\/cs\/?post_type=product&#038;p=192691"},"modified":"2026-04-28T11:27:08","modified_gmt":"2026-04-28T09:27:08","slug":"set-protein-shake-cokolada","status":"publish","type":"product","link":"https:\/\/fitshaker.sk\/eshop\/cs\/produkt\/set-protein-shake-cokolada","title":{"rendered":"SET &#8211; PROTEIN SHAKE Srv\u00e1tkov\u00fd 350g &#8211; \u010cokol\u00e1da, \u0161vihadlo, uter\u00e1k"},"content":{"rendered":"<p><strong>Bal\u00ed\u010dek obsahuje:<\/strong><\/p>\n<ul>\n<li><strong>1x <a href=\"https:\/\/fitshaker.sk\/eshop\/produkt\/protein-shake-srvatkovy-cokolada-350-g\">Protein shake srv\u00e1tkov\u00fd 350 g\u00a0 \u2013 \u010cokol\u00e1da<\/a><\/strong><br \/>\nPodpor svoju regener\u00e1ciu a rast svalov po tr\u00e9ningu s na\u0161\u00edm srv\u00e1tkov\u00fdm prote\u00ednom obohaten\u00fdm o kvalitn\u00e9 kakao! 71 g bielkov\u00edn na 100 g, \u010dist\u00e9 zlo\u017eenie bez zbyto\u010dnost\u00ed, vynikaj\u00faca \u010dokol\u00e1dov\u00e1 chu\u0165 a perfektn\u00e1 rozpustnos\u0165. Skvel\u00fd sp\u00f4sob, ako jednoducho z\u00edska\u0165 bielkoviny pri akt\u00edvnom \u017eivotnom \u0161t\u00fdle.<\/li>\n<li><strong>1x<a href=\"https:\/\/fitshaker.sk\/eshop\/produkt\/rychloschnuci-sportovy-uterak-ruzovy\"> R\u00fdchloschn\u00faci \u0161portov\u00fd uter\u00e1k \u2013 modr\u00fd<\/a><\/strong><br \/>\nPraktick\u00fd \u0161portov\u00fd uter\u00e1k z mikrovl\u00e1kna, vo ve\u013ekosti 40 x 80 cm.<\/li>\n<li><strong>1x<a href=\"https:\/\/fitshaker.sk\/eshop\/produkt\/svihadlo\"> Nastavite\u013en\u00e9 \u0161vihadlo &#8211; modr\u00e9<\/a><\/strong><br \/>\nNastavite\u013en\u00e9 \u0161vihadlo s max. d\u013a\u017ekou 275 cm. Praktick\u00e9 a \u013eahk\u00e9 s dreven\u00fdmi r\u00fa\u010dkami a plastov\u00fdm krytom, ktor\u00fd pri nar\u00e1\u017ean\u00ed o zem chr\u00e1ni lanko pred po\u0161koden\u00edm.<\/li>\n<\/ul>\n<p>______________________________________________<br \/>\n<strong>Celkovo u\u0161etr\u00ed\u0161 25 %!<\/strong><\/p>\n","protected":false},"excerpt":{"rendered":"<p>Staraj sa o svoje telo \u0161t\u00fdlovo a prakticky! Lahodn\u00fd \u010dokol\u00e1dov\u00fd prote\u00ednov\u00fd shake \u0165a podpor\u00ed po tr\u00e9ningu, r\u00fdchloschn\u00faci \u0161portov\u00fd uter\u00e1k ocen\u00ed\u0161 pri ka\u017edej aktivite a nastavite\u013en\u00e9 \u0161vihadlo ti pom\u00f4\u017ee posun\u00fa\u0165 tvoju kondi\u010dku na vy\u0161\u0161\u00ed level. V\u0161etko, \u010do potrebuje\u0161 pre akt\u00edvny \u017eivotn\u00fd \u0161t\u00fdl \u2013 v jednom sete.<\/p>\n","protected":false},"featured_media":192689,"comment_status":"open","ping_status":"closed","template":"","meta":{"_acf_changed":false},"product_cat":[251],"product_tag":[],"bundle_layout":"","bundled_by":[],"bundled_items":[],"acf":[],"_links":{"self":[{"href":"https:\/\/fitshaker.sk\/eshop\/cs\/wp-json\/wp\/v2\/product\/192691"}],"collection":[{"href":"https:\/\/fitshaker.sk\/eshop\/cs\/wp-json\/wp\/v2\/product"}],"about":[{"href":"https:\/\/fitshaker.sk\/eshop\/cs\/wp-json\/wp\/v2\/types\/product"}],"replies":[{"embeddable":true,"href":"https:\/\/fitshaker.sk\/eshop\/cs\/wp-json\/wp\/v2\/comments?post=192691"}],"wp:featuredmedia":[{"embeddable":true,"href":"https:\/\/fitshaker.sk\/eshop\/cs\/wp-json\/wp\/v2\/media\/192689"}],"wp:attachment":[{"href":"https:\/\/fitshaker.sk\/eshop\/cs\/wp-json\/wp\/v2\/media?parent=192691"}],"wp:term":[{"taxonomy":"product_cat","embeddable":true,"href":"https:\/\/fitshaker.sk\/eshop\/cs\/wp-json\/wp\/v2\/product_cat?post=192691"},{"taxonomy":"product_tag","embeddable":true,"href":"https:\/\/fitshaker.sk\/eshop\/cs\/wp-json\/wp\/v2\/product_tag?post=192691"}],"curies":[{"name":"wp","href":"https:\/\/api.w.org\/{rel}","templated":true}]}}