{"id":191679,"date":"2025-09-05T15:44:23","date_gmt":"2025-09-05T13:44:23","guid":{"rendered":"https:\/\/fitshaker.sk\/eshop\/?post_type=product&#038;p=191679"},"modified":"2026-03-27T00:02:08","modified_gmt":"2026-03-26T23:02:08","slug":"lyofilizovane-mango","status":"publish","type":"product","link":"https:\/\/fitshaker.sk\/eshop\/cs\/produkt\/lyofilizovane-mango","title":{"rendered":"Lyofilizovan\u00e9 ovocie \u2013 mango 50 g"},"content":{"rendered":"<p><strong>Na\u0161e lyofilizovan\u00e9 ovocie sa zbiera v \u010dase ide\u00e1lnej zrelosti. N\u00e1sledne sa \u0161etrne su\u0161\u00ed mrazom, aby bolo:<\/strong><\/p>\n<ul>\n<li><strong>kr\u00e1sne chrumkav\u00e9,<\/strong><\/li>\n<li><strong>zachovalo si chu\u0165 a farbu <\/strong><\/li>\n<li><strong>a a\u017e 98 % svojich v\u00fd\u017eivov\u00fdch hodn\u00f4t. <\/strong><\/li>\n<li><strong>Je takmer identick\u00e9 s\u00a0p\u00f4vodn\u00fdm ovoc\u00edm. <\/strong><\/li>\n<li><strong>Je bez konzervantov.<\/strong><\/li>\n<\/ul>\n<p><strong>Prin\u00e1\u0161ame ti pr\u00e9miov\u00fa kvalitu, ktor\u00fa h\u013ead\u00e1me aj sami pre seba. Bez kompromisov<\/strong><strong>.<\/strong><\/p>\n<p>&nbsp;<\/p>\n<p><strong>Zlo\u017eenie:<\/strong> lyofilizovan\u00e9 mango 100 %.<\/p>\n<p><strong>*Ovocie su\u0161en\u00e9 mrazom je 100 % \u010dist\u00e9 ovocie, z ktor\u00e9ho je odstr\u00e1nen\u00e1 voda. <\/strong><br \/>\n<strong>50 g lyofilizovan\u00e9ho ovocia je vyroben\u00e9ho zo 400 a\u017e 500 g \u010derstv\u00e9ho ovocia.<\/strong><\/p>\n<p>&nbsp;<\/p>\n<p><strong>V\u00fd\u017eivov\u00e9 \u00fadaje na 100 g:<\/strong><\/p>\n<p>energia 1635 kJ\/391 kcal; tuky 2,8 g, z toho nas\u00fdten\u00e9 mastn\u00e9 kyseliny 0,19 g; sacharidy 86 g, z toho cukry 56,5 g; vl\u00e1knina 4,78 g; bielkoviny 3,6 g; so\u013e 0,01 g.<\/p>\n<p>&nbsp;<\/p>\n<p><strong>Pou\u017eitie:<\/strong> Lyofilizovan\u00e9 ovocie je ide\u00e1lne na konzum\u00e1ciu priamo, na pe\u010denie, do jogurtov, sorbetov alebo smoothies.<\/p>\n<p><strong>Skladovanie: <\/strong>Skladujte v suchu, pri teplote do +25 \u02daC a chr\u00e1\u0148te pred priamym slne\u010dn\u00fdm \u017eiaren\u00edm. Obal v\u017edy dobre uzatvorte. Spotrebujte do 1 mesiaca od otvorenia.<\/p>\n<p>&nbsp;<\/p>\n<p><strong>Vyroben\u00e9 na Slovensku.<\/strong><\/p>\n<p><strong>50 g<\/strong><\/p>\n<p>&nbsp;<\/p>\n","protected":false},"excerpt":{"rendered":"<p>Mrazom su\u0161en\u00e9 ovocie (100 %).<\/p>\n<p><img loading=\"lazy\" decoding=\"async\" class=\"alignnone wp-image-171108\" src=\"https:\/\/fitshaker.sk\/eshop\/wp-content\/uploads\/2024\/12\/eshop-ikonky-produkty_lyo-ovocie.png\" alt=\"lyofilizovane ovocie\" width=\"670\" height=\"100\" srcset=\"https:\/\/fitshaker.sk\/eshop\/wp-content\/uploads\/2024\/12\/eshop-ikonky-produkty_lyo-ovocie.png 5920w, https:\/\/fitshaker.sk\/eshop\/wp-content\/uploads\/2024\/12\/eshop-ikonky-produkty_lyo-ovocie-350x52.png 350w, https:\/\/fitshaker.sk\/eshop\/wp-content\/uploads\/2024\/12\/eshop-ikonky-produkty_lyo-ovocie-595x89.png 595w, https:\/\/fitshaker.sk\/eshop\/wp-content\/uploads\/2024\/12\/eshop-ikonky-produkty_lyo-ovocie-385x57.png 385w, https:\/\/fitshaker.sk\/eshop\/wp-content\/uploads\/2024\/12\/eshop-ikonky-produkty_lyo-ovocie-768x115.png 768w, https:\/\/fitshaker.sk\/eshop\/wp-content\/uploads\/2024\/12\/eshop-ikonky-produkty_lyo-ovocie-1536x229.png 1536w, https:\/\/fitshaker.sk\/eshop\/wp-content\/uploads\/2024\/12\/eshop-ikonky-produkty_lyo-ovocie-2048x305.png 2048w, https:\/\/fitshaker.sk\/eshop\/wp-content\/uploads\/2024\/12\/eshop-ikonky-produkty_lyo-ovocie-450x67.png 450w\" sizes=\"(max-width: 670px) 100vw, 670px\" \/><\/p>\n","protected":false},"featured_media":191890,"comment_status":"open","ping_status":"closed","template":"","meta":{"_acf_changed":false},"product_cat":[213],"product_tag":[],"bundle_layout":"","bundled_by":[],"bundled_items":[],"acf":[],"_links":{"self":[{"href":"https:\/\/fitshaker.sk\/eshop\/cs\/wp-json\/wp\/v2\/product\/191679"}],"collection":[{"href":"https:\/\/fitshaker.sk\/eshop\/cs\/wp-json\/wp\/v2\/product"}],"about":[{"href":"https:\/\/fitshaker.sk\/eshop\/cs\/wp-json\/wp\/v2\/types\/product"}],"replies":[{"embeddable":true,"href":"https:\/\/fitshaker.sk\/eshop\/cs\/wp-json\/wp\/v2\/comments?post=191679"}],"wp:featuredmedia":[{"embeddable":true,"href":"https:\/\/fitshaker.sk\/eshop\/cs\/wp-json\/wp\/v2\/media\/191890"}],"wp:attachment":[{"href":"https:\/\/fitshaker.sk\/eshop\/cs\/wp-json\/wp\/v2\/media?parent=191679"}],"wp:term":[{"taxonomy":"product_cat","embeddable":true,"href":"https:\/\/fitshaker.sk\/eshop\/cs\/wp-json\/wp\/v2\/product_cat?post=191679"},{"taxonomy":"product_tag","embeddable":true,"href":"https:\/\/fitshaker.sk\/eshop\/cs\/wp-json\/wp\/v2\/product_tag?post=191679"}],"curies":[{"name":"wp","href":"https:\/\/api.w.org\/{rel}","templated":true}]}}