{"id":174216,"date":"2025-03-06T13:11:24","date_gmt":"2025-03-06T12:11:24","guid":{"rendered":"https:\/\/fitshaker.sk\/eshop\/?post_type=product&#038;p=174216"},"modified":"2026-03-31T08:22:26","modified_gmt":"2026-03-31T06:22:26","slug":"masazne-lopticky","status":"publish","type":"product","link":"https:\/\/fitshaker.sk\/eshop\/cs\/produkt\/masazne-lopticky","title":{"rendered":"Mas\u00e1\u017ene lopti\u010dky \u2013 sada 2 ks"},"content":{"rendered":"<p>Dopraj svojmu telu uvo\u013enenie a regener\u00e1ciu s touto praktickou sadou mas\u00e1\u017enych lopti\u010diek Fitshaker.<\/p>\n<ul>\n<li><strong>Hladk\u00e1 silik\u00f3nov\u00e1 lopti\u010dka (priemer 6,3 cm)<\/strong> \u2013 ide\u00e1lna na h\u013abkov\u00fa mas\u00e1\u017e svalov, uvo\u013enenie nap\u00e4tia a myofasci\u00e1lne cvi\u010denia.<br \/>\nMyofascia je spojenie svalov (myo-) a fascie (fascia). Fascia je tenk\u00e9, ale pevn\u00e9 spojivov\u00e9 tkanivo, ktor\u00e9 oba\u013euje svaly, kosti a org\u00e1ny a pom\u00e1ha im spr\u00e1vne fungova\u0165.<br \/>\n<strong>Myofasci\u00e1lna mas\u00e1\u017e <\/strong>alebo terapia sa zameriava na uvo\u013enenie nap\u00e4tia a stuhnutosti v tejto fascii, \u010do m\u00f4\u017ee pom\u00f4c\u0165 pri bolestiach svalov, zlep\u0161i\u0165 pohyb a podpori\u0165 regener\u00e1ciu.<br \/>\nMas\u00e1\u017ene lopti\u010dky sa \u010dasto pou\u017e\u00edvaj\u00fa na myofasci\u00e1lne uvo\u013e\u0148ovanie, \u010do znamen\u00e1, \u017ee tlak aplikovan\u00fd na konkr\u00e9tne body pom\u00e1ha zmierni\u0165 svalov\u00e9 nap\u00e4tie a zlep\u0161i\u0165 prietok krvi.<\/li>\n<li><strong>Mas\u00e1\u017eny je\u017eko (priemer 7,5 cm)<\/strong> \u2013 stimuluje krvn\u00fd obeh, uvo\u013e\u0148uje zatuhnut\u00e9 miesta a podporuje regener\u00e1ciu svalov.<\/li>\n<\/ul>\n<p>&nbsp;<\/p>\n<p>Tieto mas\u00e1\u017ene lopti\u010dky s\u00fa skvelou pom\u00f4ckou na dom\u00e1ce pou\u017eitie, do kancel\u00e1rie alebo ako doplnok k rehabilit\u00e1cii. Jednoducho si s nimi m\u00f4\u017ee\u0161 uvo\u013eni\u0165 chodidl\u00e1, chrb\u00e1t, \u0161iju \u010di ruky.<\/p>\n<p>&nbsp;<\/p>\n<p><strong>Rozmery:<\/strong> 6,3 cm \/ 7,5 cm<br \/>\n<strong>Materi\u00e1l:<\/strong> tvrd\u00fd silik\u00f3n \/ PVC<br \/>\n<strong>Farba:<\/strong> siv\u00e1 \/ fialov\u00e1<\/p>\n<p><strong>Balenie obsahuje:<\/strong><\/p>\n<ul>\n<li>1 ks hladk\u00e1 tvrd\u00e1 silik\u00f3nov\u00e1 lopti\u010dka (priemer 6,3 cm, siv\u00e1)<\/li>\n<li>1 ks PVC mas\u00e1\u017eny je\u017eko (priemer 7,5 cm, fialov\u00e1)<\/li>\n<li>Praktick\u00e9 sie\u0165kov\u00e9 vrecko na uschovanie a prenos<\/li>\n<\/ul>\n<p>&nbsp;<\/p>\n<p>Vysk\u00fa\u0161aj mas\u00e1\u017ene lopti\u010dky a zbav sa bolesti a nap\u00e4tia ka\u017ed\u00fd de\u0148.<\/p>\n<p>&nbsp;<\/p>\n<style>.embed-container { position: relative; padding-bottom: 56.25%; height: 0; overflow: hidden; max-width: 100%; } .embed-container iframe, .embed-container object, .embed-container embed { position: absolute; top: 0; left: 0; width: 100%; height: 100%; }<\/style>\n<div class=\"embed-container\"><iframe src=\"https:\/\/youtube.com\/embed\/5CFJ6DT2Eb4\" frameborder=\"0\" allowfullscreen=\"allowfullscreen\"><span data-mce-type=\"bookmark\" style=\"display: inline-block; width: 0px; overflow: hidden; line-height: 0;\" class=\"mce_SELRES_start\">\ufeff<\/span><\/iframe><\/div>\n<p>&nbsp;<\/p>\n","protected":false},"excerpt":{"rendered":"<p>Sada mas\u00e1\u017enych lopti\u010diek\u00a0 Fitshaker:<br \/>\n<strong>hladk\u00e1 tvrd\u00e1 silik\u00f3nov\u00e1 lopti\u010dka (priemer 6,3 cm) a mas\u00e1\u017eny je\u017eko (priemer 7,5 cm).<\/strong><br \/>\nIde\u00e1lne na h\u013abkov\u00fa mas\u00e1\u017e svalov, uvo\u013enenie nap\u00e4tia svalov a spojivov\u00fdch tkan\u00edv, na stimul\u00e1ciu krvn\u00e9ho obehu a regener\u00e1ciu svalov.<\/p>\n","protected":false},"featured_media":174218,"comment_status":"open","ping_status":"closed","template":"","meta":{"_acf_changed":false},"product_cat":[215],"product_tag":[],"bundle_layout":"","bundled_by":[],"bundled_items":[],"acf":[],"_links":{"self":[{"href":"https:\/\/fitshaker.sk\/eshop\/cs\/wp-json\/wp\/v2\/product\/174216"}],"collection":[{"href":"https:\/\/fitshaker.sk\/eshop\/cs\/wp-json\/wp\/v2\/product"}],"about":[{"href":"https:\/\/fitshaker.sk\/eshop\/cs\/wp-json\/wp\/v2\/types\/product"}],"replies":[{"embeddable":true,"href":"https:\/\/fitshaker.sk\/eshop\/cs\/wp-json\/wp\/v2\/comments?post=174216"}],"wp:featuredmedia":[{"embeddable":true,"href":"https:\/\/fitshaker.sk\/eshop\/cs\/wp-json\/wp\/v2\/media\/174218"}],"wp:attachment":[{"href":"https:\/\/fitshaker.sk\/eshop\/cs\/wp-json\/wp\/v2\/media?parent=174216"}],"wp:term":[{"taxonomy":"product_cat","embeddable":true,"href":"https:\/\/fitshaker.sk\/eshop\/cs\/wp-json\/wp\/v2\/product_cat?post=174216"},{"taxonomy":"product_tag","embeddable":true,"href":"https:\/\/fitshaker.sk\/eshop\/cs\/wp-json\/wp\/v2\/product_tag?post=174216"}],"curies":[{"name":"wp","href":"https:\/\/api.w.org\/{rel}","templated":true}]}}