{"id":167752,"date":"2024-12-19T09:26:41","date_gmt":"2024-12-19T08:26:41","guid":{"rendered":"https:\/\/fitshaker.sk\/eshop\/?post_type=product&#038;p=167752"},"modified":"2026-02-16T13:53:11","modified_gmt":"2026-02-16T12:53:11","slug":"ranajkove-kombo-novinky","status":"publish","type":"product","link":"https:\/\/fitshaker.sk\/eshop\/cs\/produkt\/ranajkove-kombo-novinky","title":{"rendered":"Ra\u0148ajkov\u00e9 kombo &#8211; pist\u00e1cie a figy"},"content":{"rendered":"<p>Hru\u0161kovo-figov\u00fa ka\u0161u zaleje\u0161 hor\u00facou vodou, mliekom, alebo rastlinn\u00fdm n\u00e1pojom, nech\u00e1\u0161 odst\u00e1\u0165 5 min\u00fat. Prid\u00e1\u0161 1-2 ly\u017ei\u010dky pist\u00e1ciovej Fitnutky a prid\u00e1\u0161 p\u00e1r extra ve\u013ek\u00fdch k\u00faskov lyofilizovanej figy a dra\u010dieho ovocia.<br \/>\nVyzer\u00e1 to \u00fa\u017easne, aj to chut\u00ed \u00fa\u017easne! Tak si priprav skvel\u00e9 r\u00fdchle vyv\u00e1\u017een\u00e9 ra\u0148ajky s nami. M\u0148am!<\/p>\n<h3>Bal\u00ed\u010dek obsahuje:<\/h3>\n<ul>\n<li>1x balenie <a href=\"https:\/\/fitshaker.sk\/eshop\/produkt\/ranajkova-kasa-figa-hruska-skorica\"><strong>Ra\u0148ajkov\u00e1 ka\u0161a 350 g \u2013 hru\u0161ka, figa, \u0161korica (5-6 porci\u00ed)<\/strong><\/a><\/li>\n<li>1x balenie <a href=\"https:\/\/fitshaker.sk\/eshop\/produkt\/fitnutka-pistacie-kesu\"><strong>Fitnutka: Pist\u00e1cie a ke\u0161u 200 g<\/strong><\/a><\/li>\n<li>1x balenie <a href=\"https:\/\/fitshaker.sk\/eshop\/produkt\/lyofilizovane-dracie-ovocie-figy\"><strong>Lyofilizovan\u00e9 ovocie \u2013 dra\u010die ovocie, figy 50 g<\/strong><\/a><\/li>\n<\/ul>\n<p>&nbsp;<\/p>\n","protected":false},"excerpt":{"rendered":"<p>Zalej hru\u0161kovo-figov\u00fa ka\u0161u hor\u00facou vodou alebo mliekom \u2013 pr\u00edpadne ju chv\u00ed\u013eku povar. Je to len na tebe, ako ka\u0161u najviac miluje\u0161!<br \/>\nPridaj ly\u017ei\u010dku pist\u00e1ciovej Fitnutky, lyofilizovan\u00e9 figy a dra\u010die ovocie. Hotov\u00e9 za 5 min\u00fat \u2013 pln\u00e9 chuti aj energie!<\/p>\n","protected":false},"featured_media":167737,"comment_status":"open","ping_status":"closed","template":"","meta":{"_acf_changed":false},"product_cat":[213,251],"product_tag":[],"bundle_layout":"","bundled_by":[],"bundled_items":[],"acf":[],"_links":{"self":[{"href":"https:\/\/fitshaker.sk\/eshop\/cs\/wp-json\/wp\/v2\/product\/167752"}],"collection":[{"href":"https:\/\/fitshaker.sk\/eshop\/cs\/wp-json\/wp\/v2\/product"}],"about":[{"href":"https:\/\/fitshaker.sk\/eshop\/cs\/wp-json\/wp\/v2\/types\/product"}],"replies":[{"embeddable":true,"href":"https:\/\/fitshaker.sk\/eshop\/cs\/wp-json\/wp\/v2\/comments?post=167752"}],"wp:featuredmedia":[{"embeddable":true,"href":"https:\/\/fitshaker.sk\/eshop\/cs\/wp-json\/wp\/v2\/media\/167737"}],"wp:attachment":[{"href":"https:\/\/fitshaker.sk\/eshop\/cs\/wp-json\/wp\/v2\/media?parent=167752"}],"wp:term":[{"taxonomy":"product_cat","embeddable":true,"href":"https:\/\/fitshaker.sk\/eshop\/cs\/wp-json\/wp\/v2\/product_cat?post=167752"},{"taxonomy":"product_tag","embeddable":true,"href":"https:\/\/fitshaker.sk\/eshop\/cs\/wp-json\/wp\/v2\/product_tag?post=167752"}],"curies":[{"name":"wp","href":"https:\/\/api.w.org\/{rel}","templated":true}]}}