{"id":167410,"date":"2024-12-16T12:29:59","date_gmt":"2024-12-16T11:29:59","guid":{"rendered":"https:\/\/fitshaker.sk\/eshop\/cs\/?post_type=product&#038;p=167410"},"modified":"2026-04-15T08:02:16","modified_gmt":"2026-04-15T06:02:16","slug":"fitnutka-mandle-kakao","status":"publish","type":"product","link":"https:\/\/fitshaker.sk\/eshop\/cs\/produkt\/fitnutka-mandle-kakao","title":{"rendered":"Fitnutka: Mandle a kakao 200 g"},"content":{"rendered":"<p><strong>Fitnutka: Mandle a kakao<\/strong> je fam\u00f3zna mand\u013eov\u00e1 n\u00e1tierka s kakaom, ktor\u00e1 je \u010fal\u0161ou \u010doko viarantou na\u0161ej najpred\u00e1vanej\u0161ej Fitnutky: BIO Lieskov\u00e9 orie\u0161ky a \u010dokol\u00e1da. Jej konzistencia je kr\u00e9mov\u00e1, no chrumkav\u00e1, v\u010faka k\u00faskom mandl\u00ed. Mandle sme pou\u017eili nel\u00fapan\u00e9, aby sme zachovali vitam\u00edny a vl\u00e1kninu, ktor\u00fa \u0161upka obsahuje. \u010cist\u00e9 kakao a kokosov\u00fd cukor dodali mand\u013eovej Fitnutke lahodn\u00fa, jemne sladk\u00fa chu\u0165, ktor\u00e1 kr\u00e1sne dochut\u00ed ka\u0161u na ra\u0148ajky, alebo in\u00fa dobrotu \ud83d\ude0b.<\/p>\n<p>&nbsp;<\/p>\n<h3>\u010co dobr\u00e9 si m\u00f4\u017ee\u0161 s Fitnutkami pripravi\u0165?<\/h3>\n<p>Tak \u010do, vysk\u00fa\u0161a\u0161 prida\u0165 niektor\u00fa z na\u0161ich Fitnutiek do ra\u0148ajkovej ka\u0161e, na lievance, kol\u00e1\u010diky alebo na slano do om\u00e1\u010dok \u010di cestov\u00edn? <strong>In\u0161piruj sa receptami na na\u0161om blogu v kateg\u00f3rii <a href=\"https:\/\/fitshaker.sk\/kategoria\/recepty\/recepty-fitnutka\">RECEPTY S FITNUTKOU.<\/a>\u00a0<\/strong>Zisti, kde v\u0161ade sa daj\u00fa orie\u0161kov\u00e9 n\u00e1tierky vyu\u017ei\u0165, a vy\u010daruj nov\u00fa chu\u0165 na tanieri.<\/p>\n<p>&nbsp;<\/p>\n<h3>Zlo\u017eenie:<\/h3>\n<ul>\n<li><strong>mandle<\/strong> nel\u00fapan\u00e9 80 %<\/li>\n<li>kokosov\u00fd cukor<\/li>\n<li>kakaov\u00fd pr\u00e1\u0161ok<\/li>\n<\/ul>\n<p><strong>M\u00f4\u017ee obsahova\u0165 in\u00e9 orechy.<\/strong><\/p>\n<p>&nbsp;<\/p>\n<p><strong>Pou\u017eitie\/Skladovanie:<\/strong><br \/>\nPred pou\u017eit\u00edm premie\u0161ajte. Skladujte v suchu, pri teplote do 25 \u00b0C a chr\u00e1\u0148te pred priamym slne\u010dn\u00fdm \u017eiaren\u00edm. Skonzumujte do jedn\u00e9ho mesiaca od otvorenia.<\/p>\n<p>&nbsp;<\/p>\n<h3>V\u00fd\u017eivov\u00e9 \u00fadaje na 100 g:<\/h3>\n<p>energia 2 503 kJ\/598 kcal<br \/>\ntuky 47,24 g, z toho nas\u00fdten\u00e9 mastn\u00e9 kyseliny 5,15 g<br \/>\nsacharidy 20,81 g, z toho cukry 17,33 g<br \/>\nvl\u00e1knina 6,62 g<br \/>\nbielkoviny 21,05 g<br \/>\nso\u013e 0,05 g<\/p>\n<p><strong>Balenie: 200 g<\/strong><\/p>\n<h3><\/h3>\n<p>&nbsp;<\/p>\n<h3>A ak\u00e9 maj\u00fa pou\u017eit\u00e9 orechy v n\u00e1tierke benefity?<\/h3>\n<p>Mandle s\u00fa fantastick\u00fdm zdrojom antioxidantov, nenas\u00fdten\u00fdch mastn\u00fdch tukov, hor\u010d\u00edka, fosforu, vl\u00e1kniny a mnoh\u00e9ho \u010fal\u0161ieho. Ich konzum\u00e1cia napom\u00e1ha napr\u00edklad \u010dinnosti srdca, mozgu, k zdravej poko\u017eke, kostiam a zubom.<\/p>\n<h3><\/h3>\n<p><strong>UPOZORNENIE: Pri v\u00e4\u010d\u0161\u00edch teplotn\u00fdch rozdieloch, hlavne v jesennom a zimnom obdob\u00ed, sa oddelen\u00fd olej m\u00f4\u017ee vyzr\u00e1\u017ea\u0165 do tukov\u00fdch \u010diasto\u010diek (mal\u00e9 biele guli\u010dky), alebo sa m\u00f4\u017ee oddeli\u0165 tuh\u00e1 a tekut\u00e1 zlo\u017eka n\u00e1tierky, \u010do v\u0161ak nie je na chyba produktu. Pre odstr\u00e1nenie tohto javu, odpor\u00fa\u010dame produkt d\u00f4kladne premie\u0161a\u0165 v teplom, nie vriacom, vodnom k\u00fapeli\u00a0\u00a0aby sa &#8220;v\u0161etky vrstvy&#8221; poriadne spojili. Vznikne tak lahodn\u00e1 kr\u00e9mov\u00e1 konzistencia.<\/strong><\/p>\n","protected":false},"excerpt":{"rendered":"<p>Fitnutka z nel\u00fapan\u00fdch mandl\u00ed a kakaa je luxusn\u00e1 orie\u0161kov\u00e1 n\u00e1tierka s chrumkav\u00fdmi k\u00faskami mandl\u00ed.<br \/>\n<strong>A\u017e 80 % mandl\u00ed!<br \/>\n<\/strong>D\u00e1tum minim\u00e1lnej trvanlivosti: 13.12.2025<\/p>\n<p>&nbsp;<\/p>\n<p><img loading=\"lazy\" decoding=\"async\" class=\"alignnone wp-image-170771\" src=\"https:\/\/fitshaker.sk\/eshop\/wp-content\/uploads\/2024\/07\/fitnutky-mandle-a-kakao-eshop-ikonky-produkty.png\" alt=\"kvalitne orieskove natierky\" width=\"557\" height=\"100\" srcset=\"https:\/\/fitshaker.sk\/eshop\/wp-content\/uploads\/2024\/07\/fitnutky-mandle-a-kakao-eshop-ikonky-produkty.png 4914w, https:\/\/fitshaker.sk\/eshop\/wp-content\/uploads\/2024\/07\/fitnutky-mandle-a-kakao-eshop-ikonky-produkty-350x63.png 350w, https:\/\/fitshaker.sk\/eshop\/wp-content\/uploads\/2024\/07\/fitnutky-mandle-a-kakao-eshop-ikonky-produkty-595x107.png 595w, https:\/\/fitshaker.sk\/eshop\/wp-content\/uploads\/2024\/07\/fitnutky-mandle-a-kakao-eshop-ikonky-produkty-385x69.png 385w, https:\/\/fitshaker.sk\/eshop\/wp-content\/uploads\/2024\/07\/fitnutky-mandle-a-kakao-eshop-ikonky-produkty-768x138.png 768w, https:\/\/fitshaker.sk\/eshop\/wp-content\/uploads\/2024\/07\/fitnutky-mandle-a-kakao-eshop-ikonky-produkty-1536x276.png 1536w, https:\/\/fitshaker.sk\/eshop\/wp-content\/uploads\/2024\/07\/fitnutky-mandle-a-kakao-eshop-ikonky-produkty-2048x368.png 2048w, https:\/\/fitshaker.sk\/eshop\/wp-content\/uploads\/2024\/07\/fitnutky-mandle-a-kakao-eshop-ikonky-produkty-450x81.png 450w\" sizes=\"(max-width: 557px) 100vw, 557px\" \/><\/p>\n","protected":false},"featured_media":167412,"comment_status":"open","ping_status":"closed","template":"","meta":{"_acf_changed":false},"product_cat":[213],"product_tag":[],"bundle_layout":"","bundled_by":[],"bundled_items":[],"acf":[],"_links":{"self":[{"href":"https:\/\/fitshaker.sk\/eshop\/cs\/wp-json\/wp\/v2\/product\/167410"}],"collection":[{"href":"https:\/\/fitshaker.sk\/eshop\/cs\/wp-json\/wp\/v2\/product"}],"about":[{"href":"https:\/\/fitshaker.sk\/eshop\/cs\/wp-json\/wp\/v2\/types\/product"}],"replies":[{"embeddable":true,"href":"https:\/\/fitshaker.sk\/eshop\/cs\/wp-json\/wp\/v2\/comments?post=167410"}],"wp:featuredmedia":[{"embeddable":true,"href":"https:\/\/fitshaker.sk\/eshop\/cs\/wp-json\/wp\/v2\/media\/167412"}],"wp:attachment":[{"href":"https:\/\/fitshaker.sk\/eshop\/cs\/wp-json\/wp\/v2\/media?parent=167410"}],"wp:term":[{"taxonomy":"product_cat","embeddable":true,"href":"https:\/\/fitshaker.sk\/eshop\/cs\/wp-json\/wp\/v2\/product_cat?post=167410"},{"taxonomy":"product_tag","embeddable":true,"href":"https:\/\/fitshaker.sk\/eshop\/cs\/wp-json\/wp\/v2\/product_tag?post=167410"}],"curies":[{"name":"wp","href":"https:\/\/api.w.org\/{rel}","templated":true}]}}