{"id":167059,"date":"2024-12-13T14:39:57","date_gmt":"2024-12-13T13:39:57","guid":{"rendered":"https:\/\/fitshaker.sk\/eshop\/?post_type=product&#038;p=167059"},"modified":"2026-03-24T12:02:56","modified_gmt":"2026-03-24T11:02:56","slug":"magnesium-bisglycinate","status":"publish","type":"product","link":"https:\/\/fitshaker.sk\/eshop\/cs\/produkt\/magnesium-bisglycinate","title":{"rendered":"FITSHAKER MAGNESIUM BISGLYCINATE COMPLEX + B6"},"content":{"rendered":"<p><strong>Hor\u010d\u00edk a vitam\u00edn B6 prispievaj\u00fa k norm\u00e1lnej \u010dinnosti nervovej s\u00fastavy a psychickej rovnov\u00e1he, k zn\u00ed\u017eeniu miernej \u00fanavy a vy\u010derpania. Hor\u010d\u00edk (magn\u00e9zium bisglycin\u00e1t) pom\u00e1ha zni\u017eova\u0165 nervozitu, \u00fazkosti a zvy\u0161uje kvalitu sp\u00e1nku.<\/strong><\/p>\n<p><strong>Magn\u00e9zium bizglycin\u00e1t (chel\u00e1t)<\/strong> je najpred\u00e1vanej\u0161ia<strong> vysoko-vstrebate\u013en\u00e1 forma hor\u010d\u00edka.<\/strong> Synergick\u00e1 kombin\u00e1cia organickej a anorganickej v\u00e4zby s vysokopercentnou koncentr\u00e1ciou element\u00e1rneho magn\u00e9zia a bioakt\u00edvneho vitam\u00ednu B6 je ide\u00e1lna pre podporu vstreb\u00e1vania. Chel\u00e1tov\u00e9 magn\u00e9zium je<strong> \u0161etrn\u00e9 pre tr\u00e1venie a v\u010faka svojim upokojuj\u00facim \u00fa\u010dinkom je vhodn\u00e9 na u\u017e\u00edvanie ve\u010der pred span\u00edm<\/strong>, pr\u00edpadne pod\u013ea potreby (pri \u00fazkostn\u00fdch stavoch).<\/p>\n<p>&nbsp;<\/p>\n<h3>Ak\u00e9 m\u00e1 v\u00fdhody FITSHAKER MAGNESIUM BISGLYCINATE COMPLEX + B6? S \u010d\u00edm ti m\u00f4\u017ee pom\u00f4c\u0165?<\/h3>\n<ul>\n<li>m\u00e1 priazniv\u00fd vplyv na du\u0161evn\u00e9 zdravie, psychick\u00fa rovnov\u00e1hu a nervov\u00fa s\u00fastavu<\/li>\n<li>zlep\u0161uje kvalitu sp\u00e1nku<\/li>\n<li>zni\u017euje vy\u010derpanos\u0165 a \u00fanavu<\/li>\n<li>m\u00e1 upokojuj\u00faci \u00fa\u010dinok (pom\u00e1ha upokoji\u0165 pri n\u00e1ladovosti, podr\u00e1\u017edenosti, \u00fazkosti a depresii)<\/li>\n<li>zlep\u0161uje zvl\u00e1danie stresu<\/li>\n<li>zmier\u0148uje boles\u0165 pri men\u0161tru\u00e1cii<\/li>\n<li>podporuje spr\u00e1vnu funkciu svalov (prevencia proti k\u0155\u010dom, proti bolesti svalov)<\/li>\n<\/ul>\n<p>&nbsp;<\/p>\n<h3>K \u010domu vedie nedostatok magn\u00e9zia?<\/h3>\n<ul>\n<li>n\u00e1ladovos\u0165, podr\u00e1\u017edenos\u0165, \u00fazkos\u0165, depresie<\/li>\n<li>\u0165a\u017ekosti so sp\u00e1nkom<\/li>\n<li>vy\u010derpanos\u0165, \u00fanava, ospalos\u0165<\/li>\n<li>svalov\u00e9 k\u0155\u010de, bolesti svalov<\/li>\n<li>boles\u0165 hlavy, migr\u00e9na<\/li>\n<\/ul>\n<p>Viac o d\u00f4le\u017eitosti a vplyve magn\u00e9zia na na\u0161e zdravie sa do\u010d\u00edta\u0161 na na\u0161om blogu.<\/p>\n<p>&nbsp;<\/p>\n<h3>Zlo\u017eenie:<\/h3>\n<p>akt\u00edvne zlo\u017eky: hor\u010d\u00edk (magn\u00e9zium bisglycin\u00e1t), vitam\u00edn B6 (pyridoxal-5\u2032-fosf\u00e1t)<\/p>\n<p>objemov\u00e9 \u010dinidlo: kapsula (hydroxypropylmetylcelul\u00f3za) \u2013 rastlinn\u00e1 celul\u00f3za<\/p>\n<p>&nbsp;<\/p>\n<p><strong>Pou\u017e\u00edvame kapsuly z rastlinnej celul\u00f3zy, do ktor\u00fdch nie s\u00fa pridan\u00e9 \u017eiadne zbyto\u010dn\u00e9 pomocn\u00e9 l\u00e1tky a adit\u00edva<\/strong> (napr\u00edklad r\u00f4zne spojiv\u00e1 alebo protihrudkuj\u00face l\u00e1tky potrebn\u00e9 pri tablet\u00e1ch).<br \/>\n<strong>Kapsuly s\u00fa vhodn\u00e9 pre vegetari\u00e1nov, veg\u00e1nov aj celiatikov.<\/strong><\/p>\n<p><img loading=\"lazy\" decoding=\"async\" class=\"alignnone wp-image-167074 \" src=\"https:\/\/fitshaker.sk\/eshop\/wp-content\/uploads\/2024\/12\/MAGNESIUM-aktivne-zlozky-eshop.jpg\" alt=\"\" width=\"583\" height=\"291\" srcset=\"https:\/\/fitshaker.sk\/eshop\/wp-content\/uploads\/2024\/12\/MAGNESIUM-aktivne-zlozky-eshop.jpg 1654w, https:\/\/fitshaker.sk\/eshop\/wp-content\/uploads\/2024\/12\/MAGNESIUM-aktivne-zlozky-eshop-350x175.jpg 350w, https:\/\/fitshaker.sk\/eshop\/wp-content\/uploads\/2024\/12\/MAGNESIUM-aktivne-zlozky-eshop-595x298.jpg 595w, https:\/\/fitshaker.sk\/eshop\/wp-content\/uploads\/2024\/12\/MAGNESIUM-aktivne-zlozky-eshop-385x193.jpg 385w, https:\/\/fitshaker.sk\/eshop\/wp-content\/uploads\/2024\/12\/MAGNESIUM-aktivne-zlozky-eshop-768x384.jpg 768w, https:\/\/fitshaker.sk\/eshop\/wp-content\/uploads\/2024\/12\/MAGNESIUM-aktivne-zlozky-eshop-1536x768.jpg 1536w, https:\/\/fitshaker.sk\/eshop\/wp-content\/uploads\/2024\/12\/MAGNESIUM-aktivne-zlozky-eshop-450x225.jpg 450w\" sizes=\"(max-width: 583px) 100vw, 583px\" \/><\/p>\n<p>&nbsp;<\/p>\n<p><strong>Balenie: 90 kaps\u00fal<\/strong><br \/>\n<strong>Hmotnos\u0165: 94,88 g<\/strong><\/p>\n<p>&nbsp;<\/p>\n<h3>Odpor\u00fa\u010dan\u00e1 denn\u00e1 d\u00e1vka:<\/h3>\n<ul>\n<li>2 kapsuly denne, zapite dostato\u010dn\u00fdm mno\u017estvom vody.<\/li>\n<li>Vhodn\u00e9 u\u017e\u00edva\u0165 ve\u010der.<\/li>\n<li>1 balenie FITSHAKER MAGNESIUM BISGLYCINATE COMPLEX + B6 vydr\u017e\u00ed a\u017e 45 dn\u00ed.<\/li>\n<\/ul>\n<p>&nbsp;<\/p>\n<p><strong>Skladovanie:<\/strong> Skladujte na suchom, tmavom mieste pri izbovej teplote.<br \/>\n<strong>Vyroben\u00e9 pre Fitshaker v \u010ceskej republike.<\/strong><\/p>\n<p>&nbsp;<\/p>\n<p><strong>Upozornenia:<\/strong> Ustanoven\u00e1 odpor\u00fa\u010dan\u00e1 denn\u00e1 d\u00e1vka sa nesmie presiahnu\u0165! V\u00fd\u017eivov\u00e9 doplnky sa nesm\u00fa pou\u017e\u00edva\u0165 ako n\u00e1hrada rozmanitej stravy! Dbajte na d\u00f4le\u017eitos\u0165 pestrej a vyv\u00e1\u017eenej stravy a zdrav\u00e9ho \u017eivotn\u00e9ho \u0161t\u00fdlu. V\u00fd\u017eivov\u00e9 doplnky sa musia usklad\u0148ova\u0165 mimo dosahu mal\u00fdch det\u00ed! Nie je vhodn\u00e9 pre deti. V pr\u00edpade, \u017ee ste tehotn\u00e1, doj\u010d\u00edte, pred u\u017e\u00edvan\u00edm sa pora\u010fte so svoj\u00edm lek\u00e1rom.<\/p>\n<p>&nbsp;<\/p>\n","protected":false},"excerpt":{"rendered":"<p><strong>CALM COMPLEX \u2013 90 kaps\u00fal<\/strong><br \/>\n<strong>V\u00fd\u017eivov\u00fd doplnok s hor\u010d\u00edkom (magn\u00e9zium bisglycin\u00e1t) a vitam\u00ednom B6 vo forme kaps\u00fal.<\/strong><br \/>\nVysoko-vstrebate\u013en\u00e1 forma hor\u010d\u00edka, ktor\u00e1 m\u00e1 pozit\u00edvny vplyv na du\u0161evn\u00e9 zdravie, psychick\u00fa rovnov\u00e1hu a nervov\u00fa s\u00fastavu. M\u00e1 upokojuj\u00face \u00fa\u010dinky.<\/p>\n<p><strong>D\u00e1tum minim\u00e1lnej trvanlivosti: 30.4.2027<\/strong><\/p>\n<p>&nbsp;<\/p>\n<p><img loading=\"lazy\" decoding=\"async\" class=\"alignnone wp-image-171103\" src=\"https:\/\/fitshaker.sk\/eshop\/wp-content\/uploads\/2024\/12\/eshop-ikonky-produkty_vitaminy.png\" alt=\"Fitshaker vitam\u00edny\" width=\"557\" height=\"100\" srcset=\"https:\/\/fitshaker.sk\/eshop\/wp-content\/uploads\/2024\/12\/eshop-ikonky-produkty_vitaminy.png 4914w, https:\/\/fitshaker.sk\/eshop\/wp-content\/uploads\/2024\/12\/eshop-ikonky-produkty_vitaminy-350x63.png 350w, https:\/\/fitshaker.sk\/eshop\/wp-content\/uploads\/2024\/12\/eshop-ikonky-produkty_vitaminy-595x107.png 595w, https:\/\/fitshaker.sk\/eshop\/wp-content\/uploads\/2024\/12\/eshop-ikonky-produkty_vitaminy-385x69.png 385w, https:\/\/fitshaker.sk\/eshop\/wp-content\/uploads\/2024\/12\/eshop-ikonky-produkty_vitaminy-768x138.png 768w, https:\/\/fitshaker.sk\/eshop\/wp-content\/uploads\/2024\/12\/eshop-ikonky-produkty_vitaminy-1536x276.png 1536w, https:\/\/fitshaker.sk\/eshop\/wp-content\/uploads\/2024\/12\/eshop-ikonky-produkty_vitaminy-2048x368.png 2048w, https:\/\/fitshaker.sk\/eshop\/wp-content\/uploads\/2024\/12\/eshop-ikonky-produkty_vitaminy-450x81.png 450w\" sizes=\"(max-width: 557px) 100vw, 557px\" \/><\/p>\n","protected":false},"featured_media":167052,"comment_status":"open","ping_status":"closed","template":"","meta":{"_acf_changed":false},"product_cat":[213],"product_tag":[],"bundle_layout":"","bundled_by":[],"bundled_items":[],"acf":[],"_links":{"self":[{"href":"https:\/\/fitshaker.sk\/eshop\/cs\/wp-json\/wp\/v2\/product\/167059"}],"collection":[{"href":"https:\/\/fitshaker.sk\/eshop\/cs\/wp-json\/wp\/v2\/product"}],"about":[{"href":"https:\/\/fitshaker.sk\/eshop\/cs\/wp-json\/wp\/v2\/types\/product"}],"replies":[{"embeddable":true,"href":"https:\/\/fitshaker.sk\/eshop\/cs\/wp-json\/wp\/v2\/comments?post=167059"}],"wp:featuredmedia":[{"embeddable":true,"href":"https:\/\/fitshaker.sk\/eshop\/cs\/wp-json\/wp\/v2\/media\/167052"}],"wp:attachment":[{"href":"https:\/\/fitshaker.sk\/eshop\/cs\/wp-json\/wp\/v2\/media?parent=167059"}],"wp:term":[{"taxonomy":"product_cat","embeddable":true,"href":"https:\/\/fitshaker.sk\/eshop\/cs\/wp-json\/wp\/v2\/product_cat?post=167059"},{"taxonomy":"product_tag","embeddable":true,"href":"https:\/\/fitshaker.sk\/eshop\/cs\/wp-json\/wp\/v2\/product_tag?post=167059"}],"curies":[{"name":"wp","href":"https:\/\/api.w.org\/{rel}","templated":true}]}}