{"id":167046,"date":"2024-12-13T13:24:23","date_gmt":"2024-12-13T12:24:23","guid":{"rendered":"https:\/\/fitshaker.sk\/eshop\/?post_type=product&#038;p=167046"},"modified":"2025-12-31T17:49:26","modified_gmt":"2025-12-31T16:49:26","slug":"mineraly-zinc-bisglycinate-selen","status":"publish","type":"product","link":"https:\/\/fitshaker.sk\/eshop\/cs\/produkt\/mineraly-zinc-bisglycinate-selen","title":{"rendered":"FITSHAKER ZINC BISGLYCINATE + SELEN"},"content":{"rendered":"<p><strong>Zinok bisglycin\u00e1t (chel\u00e1t)<\/strong> je miner\u00e1lna l\u00e1tka vo <strong>vysoko-vstrebate\u013enej forme<\/strong> (chel\u00e1tov\u00e1 v\u00e4zba bisglycin\u00e1tu zino\u010dnat\u00e9ho), ktor\u00fd je <strong>vysoko-koncetrvan\u00fd<\/strong> <strong>a neza\u0165a\u017euje tr\u00e1venie<\/strong>. <strong>Sel\u00e9n vo forme selenometion\u00ednu je tie\u017e vysoko bilogicky dostupn\u00e1 forma<\/strong>, ktor\u00e1 je ve\u013emi dobre vyu\u017eite\u013en\u00e1 v \u013eudskom tele. Oba tieto miner\u00e1ly s\u00fa ve\u013emi d\u00f4le\u017eit\u00e9 aminokyseliny potrebn\u00e9 pre \u013eudsk\u00fd organizmus.<\/p>\n<p>&nbsp;<\/p>\n<h3>Ak\u00e9 m\u00e1 v\u00fdhody FITSHAKER ZINC BISGLYCINATE + SELEN? S \u010d\u00edm ti m\u00f4\u017ee pom\u00f4c\u0165?<\/h3>\n<ul>\n<li>podporuje tvorbu kolag\u00e9nu a absorbciu vitam\u00ednu A, \u010do je k\u013e\u00fa\u010dov\u00e9 pre zdrav\u00e9 bunky vlasov a ich rast, ako aj pre zdrav\u00e9 nechty a ple\u0165<\/li>\n<li>prispieva k norm\u00e1lnej funkcii imunitn\u00e9ho syst\u00e9mu<\/li>\n<li>k norm\u00e1lnej \u010dinnosti \u0161t\u00edtnej \u017e\u013eazy<\/li>\n<li>podporuje hormon\u00e1lnu rovnov\u00e1hu, potenciu<\/li>\n<li>sel\u00e9n a zinok ako anitoxidanty zni\u017euj\u00fa oxida\u010dn\u00fd stres, ktor\u00fd sa sp\u00e1ja s mno\u017estvom chronick\u00fdch chor\u00f4b, ako je cukrovka druh\u00e9ho typu, srdcovo-cievne ochorenia, Alzheimerova choroba, \u0161ed\u00fd z\u00e1kal \u010di r\u00f4zne druhy rakoviny.<\/li>\n<\/ul>\n<p>&nbsp;<\/p>\n<h3>K \u010domu vedie nedostatok miner\u00e1lov zinku a sel\u00e9nu?<\/h3>\n<ul>\n<li>such\u00e9 a l\u00e1mav\u00e9 vlasy<\/li>\n<li>krehk\u00e9 nechty<\/li>\n<li>r\u00fdchlej\u0161ie starnutie, tvorba \u0161ed\u00edn, tvorba vr\u00e1sok<\/li>\n<li>nedostatok antioxidantov, ako s\u00fa zinok a sel\u00e9n, alebo aj vitam\u00edn C, vitam\u00edn E alebo beta-karot\u00e9n, sp\u00f4sobuje mno\u017estvo chronick\u00fdch ochoren\u00ed<\/li>\n<\/ul>\n<p>Viac o d\u00f4le\u017eitosti a vplyve miner\u00e1lov Zinku a Sel\u00e9nu na na\u0161e zdravie sa do\u010d\u00edta\u0161 na na\u0161om blogu.<\/p>\n<p>&nbsp;<\/p>\n<h3>Zlo\u017eenie:<\/h3>\n<p>akt\u00edvne zlo\u017eky: zinok (zinok bisglycin\u00e1t), sel\u00e9n (selenometion\u00edn)<\/p>\n<p>objemov\u00e9 \u010dinidlo: mikrokry\u0161talick\u00e1 celul\u00f3za, kapsula (hydroxypropylmetylcelul\u00f3za) \u2013 rastlinn\u00e1 celul\u00f3za<\/p>\n<p>&nbsp;<\/p>\n<p><strong>Pou\u017e\u00edvame kapsuly z rastlinnej celul\u00f3zy, do ktor\u00fdch nie s\u00fa pridan\u00e9 \u017eiadne zbyto\u010dn\u00e9 pomocn\u00e9 l\u00e1tky a adit\u00edva<\/strong> (napr\u00edklad r\u00f4zne spojiv\u00e1 alebo protihrudkuj\u00face l\u00e1tky potrebn\u00e9 pri tablet\u00e1ch).<br \/>\n<strong>Kapsuly s\u00fa vhodn\u00e9 pre vegetari\u00e1nov, veg\u00e1nov aj celiatikov.<\/strong><\/p>\n<p><img loading=\"lazy\" decoding=\"async\" class=\"alignnone wp-image-167072 \" src=\"https:\/\/fitshaker.sk\/eshop\/wp-content\/uploads\/2024\/12\/zinok-aktivne-zlozky-eshop.jpg\" alt=\"\" width=\"560\" height=\"280\" srcset=\"https:\/\/fitshaker.sk\/eshop\/wp-content\/uploads\/2024\/12\/zinok-aktivne-zlozky-eshop.jpg 1654w, https:\/\/fitshaker.sk\/eshop\/wp-content\/uploads\/2024\/12\/zinok-aktivne-zlozky-eshop-350x175.jpg 350w, https:\/\/fitshaker.sk\/eshop\/wp-content\/uploads\/2024\/12\/zinok-aktivne-zlozky-eshop-595x298.jpg 595w, https:\/\/fitshaker.sk\/eshop\/wp-content\/uploads\/2024\/12\/zinok-aktivne-zlozky-eshop-385x193.jpg 385w, https:\/\/fitshaker.sk\/eshop\/wp-content\/uploads\/2024\/12\/zinok-aktivne-zlozky-eshop-768x384.jpg 768w, https:\/\/fitshaker.sk\/eshop\/wp-content\/uploads\/2024\/12\/zinok-aktivne-zlozky-eshop-1536x768.jpg 1536w, https:\/\/fitshaker.sk\/eshop\/wp-content\/uploads\/2024\/12\/zinok-aktivne-zlozky-eshop-450x225.jpg 450w\" sizes=\"(max-width: 560px) 100vw, 560px\" \/><\/p>\n<p>&nbsp;<\/p>\n<p><strong>Balenie: 90 kaps\u00fal<\/strong><br \/>\n<strong>Hmotnos\u0165: 28,35 g<\/strong><\/p>\n<p>&nbsp;<\/p>\n<h3>Odpor\u00fa\u010dan\u00e1 denn\u00e1 d\u00e1vka:<\/h3>\n<ul>\n<li>1 kapsula denne, zapite dostato\u010dn\u00fdm mno\u017estvom vody.<\/li>\n<li>1 balenie FITSHAKER ZINC BISGLYCINATE + SELEN vydr\u017e\u00ed a\u017e 3 mesiace.<\/li>\n<\/ul>\n<p>&nbsp;<\/p>\n<p><strong>Skladovanie:<\/strong> Skladujte na suchom, tmavom mieste pri izbovej teplote.<br \/>\n<strong>Vyroben\u00e9 pre Fitshaker v \u010ceskej republike.<\/strong><\/p>\n<p>&nbsp;<\/p>\n<p><strong>Upozornenia:<\/strong> Ustanoven\u00e1 odpor\u00fa\u010dan\u00e1 denn\u00e1 d\u00e1vka sa nesmie presiahnu\u0165! V\u00fd\u017eivov\u00e9 doplnky sa nesm\u00fa pou\u017e\u00edva\u0165 ako n\u00e1hrada rozmanitej stravy! Dbajte na d\u00f4le\u017eitos\u0165 pestrej a vyv\u00e1\u017eenej stravy a zdrav\u00e9ho \u017eivotn\u00e9ho \u0161t\u00fdlu. V\u00fd\u017eivov\u00e9 doplnky sa musia usklad\u0148ova\u0165 mimo dosahu mal\u00fdch det\u00ed! Nie je vhodn\u00e9 pre deti. V pr\u00edpade, \u017ee ste tehotn\u00e1, doj\u010d\u00edte, pred u\u017e\u00edvan\u00edm sa pora\u010fte so svoj\u00edm lek\u00e1rom.<\/p>\n<p>&nbsp;<\/p>\n","protected":false},"excerpt":{"rendered":"<p><strong>BEAUTY BOOST \u2013 90 kaps\u00fal<\/strong><\/p>\n<p><strong>V\u00fd\u017eivov\u00fd doplnok so zinkom a sel\u00e9nom vo forme kaps\u00fal.<\/strong><br \/>\nKombin\u00e1cia miner\u00e1lov zinku a sel\u00e9nu prispieva k spr\u00e1vnemu fungovaniu imunitn\u00e9ho syst\u00e9mu, reproduk\u010dnej funkcie a pom\u00e1ha udr\u017eiava\u0165 zdrav\u00e9 vlasy, nechty a poko\u017eku.<\/p>\n<p>&nbsp;<\/p>\n<p><img loading=\"lazy\" decoding=\"async\" class=\"alignnone wp-image-171103\" src=\"https:\/\/fitshaker.sk\/eshop\/wp-content\/uploads\/2024\/12\/eshop-ikonky-produkty_vitaminy.png\" alt=\"Fitshaker vitam\u00edny\" width=\"557\" height=\"100\" srcset=\"https:\/\/fitshaker.sk\/eshop\/wp-content\/uploads\/2024\/12\/eshop-ikonky-produkty_vitaminy.png 4914w, https:\/\/fitshaker.sk\/eshop\/wp-content\/uploads\/2024\/12\/eshop-ikonky-produkty_vitaminy-350x63.png 350w, https:\/\/fitshaker.sk\/eshop\/wp-content\/uploads\/2024\/12\/eshop-ikonky-produkty_vitaminy-595x107.png 595w, https:\/\/fitshaker.sk\/eshop\/wp-content\/uploads\/2024\/12\/eshop-ikonky-produkty_vitaminy-385x69.png 385w, https:\/\/fitshaker.sk\/eshop\/wp-content\/uploads\/2024\/12\/eshop-ikonky-produkty_vitaminy-768x138.png 768w, https:\/\/fitshaker.sk\/eshop\/wp-content\/uploads\/2024\/12\/eshop-ikonky-produkty_vitaminy-1536x276.png 1536w, https:\/\/fitshaker.sk\/eshop\/wp-content\/uploads\/2024\/12\/eshop-ikonky-produkty_vitaminy-2048x368.png 2048w, https:\/\/fitshaker.sk\/eshop\/wp-content\/uploads\/2024\/12\/eshop-ikonky-produkty_vitaminy-450x81.png 450w\" sizes=\"(max-width: 557px) 100vw, 557px\" \/><\/p>\n","protected":false},"featured_media":167048,"comment_status":"open","ping_status":"closed","template":"","meta":{"_acf_changed":false},"product_cat":[213],"product_tag":[],"bundle_layout":"","bundled_by":[],"bundled_items":[],"acf":[],"_links":{"self":[{"href":"https:\/\/fitshaker.sk\/eshop\/cs\/wp-json\/wp\/v2\/product\/167046"}],"collection":[{"href":"https:\/\/fitshaker.sk\/eshop\/cs\/wp-json\/wp\/v2\/product"}],"about":[{"href":"https:\/\/fitshaker.sk\/eshop\/cs\/wp-json\/wp\/v2\/types\/product"}],"replies":[{"embeddable":true,"href":"https:\/\/fitshaker.sk\/eshop\/cs\/wp-json\/wp\/v2\/comments?post=167046"}],"wp:featuredmedia":[{"embeddable":true,"href":"https:\/\/fitshaker.sk\/eshop\/cs\/wp-json\/wp\/v2\/media\/167048"}],"wp:attachment":[{"href":"https:\/\/fitshaker.sk\/eshop\/cs\/wp-json\/wp\/v2\/media?parent=167046"}],"wp:term":[{"taxonomy":"product_cat","embeddable":true,"href":"https:\/\/fitshaker.sk\/eshop\/cs\/wp-json\/wp\/v2\/product_cat?post=167046"},{"taxonomy":"product_tag","embeddable":true,"href":"https:\/\/fitshaker.sk\/eshop\/cs\/wp-json\/wp\/v2\/product_tag?post=167046"}],"curies":[{"name":"wp","href":"https:\/\/api.w.org\/{rel}","templated":true}]}}