{"id":166944,"date":"2024-12-12T09:36:27","date_gmt":"2024-12-12T08:36:27","guid":{"rendered":"https:\/\/fitshaker.sk\/eshop\/cs\/?post_type=product&#038;p=166944"},"modified":"2026-03-25T08:21:35","modified_gmt":"2026-03-25T07:21:35","slug":"ranajkova-kasa-figa-hruska-skorica","status":"publish","type":"product","link":"https:\/\/fitshaker.sk\/eshop\/cs\/produkt\/ranajkova-kasa-figa-hruska-skorica","title":{"rendered":"Ra\u0148ajkov\u00e1 ka\u0161a 350 g \u2013 hru\u0161ka, figa, \u0161korica (5-6 porci\u00ed)"},"content":{"rendered":"<p>Na\u0161e Fitshaker ra\u0148ajkov\u00e9 ka\u0161e s\u00fa ve\u013emi ob\u013e\u00faben\u00e9, a preto v\u00e1m prin\u00e1\u0161ame 2 nov\u00e9 pr\u00edchute op\u00e4\u0165 s origin\u00e1lnym a v\u00fdnimo\u010dne chutn\u00fdm zlo\u017een\u00edm \ud83d\ude0b.<br \/>\nE\u0161te si nevysk\u00fa\u0161al\/nevysk\u00fa\u0161ala? Tak \u0161up s ka\u0161ou do ko\u0161\u00edka \ud83d\ude01\ud83d\ude18.<\/p>\n<p>Ste milovn\u00edkmi ka\u0161\u00ed a h\u013ead\u00e1te zauj\u00edmav\u00fa pr\u00edchu\u0165? Alebo len h\u013ead\u00e1te r\u00fdchle, chutn\u00e9 a v\u00fd\u017eivn\u00e9 ra\u0148ajky?<\/p>\n<p>Dajte \u0161ancu<strong> svie\u017eim a origin\u00e1lnym pr\u00edchutiam ra\u0148ajkov\u00fdch ka\u0161\u00ed od Fitshaker! <\/strong>Namie\u0161ali sme <strong>jednoduch\u00e9 a vyv\u00e1\u017een\u00e9 ingrediencie.<\/strong> Tak aby mali <strong>nev\u0161edn\u00fa a z\u00e1rove\u0148 vynikaj\u00facu chu\u0165. A hlavne skvel\u00fa v\u00fd\u017eivov\u00fa hodnotu<\/strong>. Namie\u0161ali sme ka\u0161u z ovsen\u00fdch a poh\u00e1nkov\u00fdch vlo\u010diek, ktor\u00e9 skvele <strong>zas\u00fdtia a doplnila potrebn\u00fa energiu. <\/strong>Pri \u0161porte, pr\u00e1ci alebo doma. <strong>Lyofilizovan\u00e9 exoticke figy a su\u0161en\u00e9 hru\u0161ky s\u00fa zauj\u00edmavou kombin\u00e1ciou, ktor\u00e1 sa skvelo hod\u00ed ku \u0161korici a vanilke. T\u00fato ka\u0161u skuto\u010dne odpor\u00fa\u010dame na spr\u00edjemnenie jesenn\u00fdch a zimn\u00fdch dn\u00ed \ud83e\udd70.<\/strong><\/p>\n<p>T\u00e1to ka\u0161a je skvelou vo\u013ebu pre n\u00e1ro\u010dn\u00fdch stravn\u00edkov a takisto pre za\u010diato\u010dn\u00edkov v zdravom stravovan\u00ed. Jej zlo\u017eenie pre\u0161lo pozorn\u00fdm o\u010dkom na\u0161ich v\u00fd\u017eivov\u00fdch a nutri\u010dn\u00fdch poradk\u00fd\u0148. Ver\u00edme, \u017ee si na n\u00e1s pri ra\u0148ajk\u00e1ch v\u017edy s l\u00e1skou spomenie\u0161. \ud83d\ude42<\/p>\n<p>&nbsp;<\/p>\n<h3><img loading=\"lazy\" decoding=\"async\" class=\"wp-image-167034 alignleft\" style=\"font-size: 16px; font-weight: 400;\" src=\"https:\/\/fitshaker.sk\/eshop\/wp-content\/uploads\/2024\/12\/Ranajkova-kasa-hruska-figa-skorica.jpg\" alt=\"kasa s lyofilizovanyi figami\" width=\"390\" height=\"585\" srcset=\"https:\/\/fitshaker.sk\/eshop\/wp-content\/uploads\/2024\/12\/Ranajkova-kasa-hruska-figa-skorica.jpg 1344w, https:\/\/fitshaker.sk\/eshop\/wp-content\/uploads\/2024\/12\/Ranajkova-kasa-hruska-figa-skorica-200x300.jpg 200w, https:\/\/fitshaker.sk\/eshop\/wp-content\/uploads\/2024\/12\/Ranajkova-kasa-hruska-figa-skorica-595x893.jpg 595w, https:\/\/fitshaker.sk\/eshop\/wp-content\/uploads\/2024\/12\/Ranajkova-kasa-hruska-figa-skorica-332x498.jpg 332w, https:\/\/fitshaker.sk\/eshop\/wp-content\/uploads\/2024\/12\/Ranajkova-kasa-hruska-figa-skorica-768x1152.jpg 768w, https:\/\/fitshaker.sk\/eshop\/wp-content\/uploads\/2024\/12\/Ranajkova-kasa-hruska-figa-skorica-1024x1536.jpg 1024w, https:\/\/fitshaker.sk\/eshop\/wp-content\/uploads\/2024\/12\/Ranajkova-kasa-hruska-figa-skorica-450x675.jpg 450w, https:\/\/fitshaker.sk\/eshop\/wp-content\/uploads\/2024\/12\/Ranajkova-kasa-hruska-figa-skorica-350x525.jpg 350w\" sizes=\"(max-width: 390px) 100vw, 390px\" \/><\/h3>\n<h3>Zlo\u017eenie:<\/h3>\n<p><strong>ovsen\u00e9<\/strong> vlo\u010dky mlet\u00e9 47 %<br \/>\npoh\u00e1nkov\u00e9 vlo\u010dky 20 %<br \/>\nkokosov\u00fd cukor<br \/>\nsu\u0161en\u00e9 hru\u0161ky \u2013 kocky 6,5 %<br \/>\nlyofilizovan\u00e9 figy \u2013 drvina 5 %<br \/>\nslne\u010dnicov\u00e9 semienka<br \/>\n\u0161korica \u2013 pr\u00e1\u0161ok<br \/>\nvanilka \u2013 pr\u00e1\u0161ok<\/p>\n<p>&nbsp;<\/p>\n<p>Krajina p\u00f4vodu ovsen\u00fdch vlo\u010diek: Ve\u013ek\u00e1 Brit\u00e1nia\/Ma\u010farsko.<br \/>\n<strong>M\u00f4\u017ee obsahova\u0165 ara\u0161idy, orechy a mlieko.<\/strong><\/p>\n<p>&nbsp;<\/p>\n<h3>V\u00fd\u017eivov\u00e9 \u00fadaje na 100g:<\/h3>\n<p>energia 1 577 kJ\/372 kcal<br \/>\ntuky 7,8 g, z toho nas\u00fdten\u00e9 mastn\u00e9 kyseliny 1,1 g<br \/>\nsacharidy 64,4 g, z toho cukry 22,1 g<br \/>\nvl\u00e1knina 5,9 g<br \/>\nbielkoviny 9,7 g<br \/>\nso\u013e 0,1 g<\/p>\n<p>&nbsp;<\/p>\n<p><strong>Pou\u017eitie:<\/strong> Po\u017eadovan\u00e9 mno\u017estvo zmesi (1 porcia = 60-70 g) zalejte cca 120-150 ml hor\u00facej vody alebo hor\u00faceho mlieka \u010di rastlinn\u00e9ho n\u00e1poja. Premie\u0161ajte a nechajte pribli\u017ene 5 min\u00fat odst\u00e1\u0165. Ka\u0161u m\u00f4\u017eete dochuti\u0165 k\u00faskami ovocia, orie\u0161kami, semienkami alebo Fitnutkou.<\/p>\n<p><strong><a href=\"https:\/\/fitshaker.sk\/kategoria\/recepty\/ranajky\">Skvel\u00e9 tipy na chutn\u00e9 ra\u0148ajky a ra\u0148ajkov\u00e9 ka\u0161e n\u00e1jdete na na\u0161om blogu.<\/a><\/strong><\/p>\n<p><strong>Sladovanie:<\/strong> Skladujte v suchu pri teplote do 25 \u00b0C a chr\u00e1\u0148te pred priamym slne\u010dn\u00fdm \u017eiaren\u00edm. Spotrebujte do 1 mesiaca od otvorenia.<\/p>\n<p>&nbsp;<\/p>\n<p><strong>Vyroben\u00e9 na Slovensku.<\/strong><\/p>\n<p><strong>Balenie: 350 g (5-6 porci\u00ed)<\/strong><\/p>\n<p>&nbsp;<\/p>\n","protected":false},"excerpt":{"rendered":"<p>Ka\u0161a vhodn\u00e1 (nielen) na ra\u0148ajky. Hotov\u00e1 do 5 min\u00fat. S vyv\u00e1\u017een\u00fdm a \u010dist\u00fdm zlo\u017een\u00edm.<br \/>\n<strong>Lyofilizovan\u00e9 exoticke figy a su\u0161en\u00e9 hru\u0161ky s\u00fa zauj\u00edmavou kombin\u00e1ciou, ktor\u00e1 sa skvelo hod\u00ed ku \u0161korici a vanilke. T\u00fato ka\u0161u skuto\u010dne odpor\u00fa\u010dame na spr\u00edjemnenie jesenn\u00fdch a zimn\u00fdch dn\u00ed \ud83e\udd70.<br \/>\n<\/strong>D\u00e1tum minim\u00e1lnej trvanlivosti: 18.9.2026<strong><br \/>\n<\/strong><\/p>\n<p>&nbsp;<\/p>\n<p><img loading=\"lazy\" decoding=\"async\" class=\"alignnone wp-image-171730\" src=\"https:\/\/fitshaker.sk\/eshop\/wp-content\/uploads\/2025\/01\/Kase-ikonky.png\" alt=\"ranajkove kase Fitshaker\" width=\"557\" height=\"100\" srcset=\"https:\/\/fitshaker.sk\/eshop\/wp-content\/uploads\/2025\/01\/Kase-ikonky.png 4914w, https:\/\/fitshaker.sk\/eshop\/wp-content\/uploads\/2025\/01\/Kase-ikonky-350x63.png 350w, https:\/\/fitshaker.sk\/eshop\/wp-content\/uploads\/2025\/01\/Kase-ikonky-595x107.png 595w, https:\/\/fitshaker.sk\/eshop\/wp-content\/uploads\/2025\/01\/Kase-ikonky-385x69.png 385w, https:\/\/fitshaker.sk\/eshop\/wp-content\/uploads\/2025\/01\/Kase-ikonky-768x138.png 768w, https:\/\/fitshaker.sk\/eshop\/wp-content\/uploads\/2025\/01\/Kase-ikonky-1536x276.png 1536w, https:\/\/fitshaker.sk\/eshop\/wp-content\/uploads\/2025\/01\/Kase-ikonky-2048x368.png 2048w, https:\/\/fitshaker.sk\/eshop\/wp-content\/uploads\/2025\/01\/Kase-ikonky-450x81.png 450w\" sizes=\"(max-width: 557px) 100vw, 557px\" \/><\/p>\n","protected":false},"featured_media":167660,"comment_status":"open","ping_status":"closed","template":"","meta":{"_acf_changed":false},"product_cat":[213],"product_tag":[],"bundle_layout":"","bundled_by":[],"bundled_items":[],"acf":[],"_links":{"self":[{"href":"https:\/\/fitshaker.sk\/eshop\/cs\/wp-json\/wp\/v2\/product\/166944"}],"collection":[{"href":"https:\/\/fitshaker.sk\/eshop\/cs\/wp-json\/wp\/v2\/product"}],"about":[{"href":"https:\/\/fitshaker.sk\/eshop\/cs\/wp-json\/wp\/v2\/types\/product"}],"replies":[{"embeddable":true,"href":"https:\/\/fitshaker.sk\/eshop\/cs\/wp-json\/wp\/v2\/comments?post=166944"}],"wp:featuredmedia":[{"embeddable":true,"href":"https:\/\/fitshaker.sk\/eshop\/cs\/wp-json\/wp\/v2\/media\/167660"}],"wp:attachment":[{"href":"https:\/\/fitshaker.sk\/eshop\/cs\/wp-json\/wp\/v2\/media?parent=166944"}],"wp:term":[{"taxonomy":"product_cat","embeddable":true,"href":"https:\/\/fitshaker.sk\/eshop\/cs\/wp-json\/wp\/v2\/product_cat?post=166944"},{"taxonomy":"product_tag","embeddable":true,"href":"https:\/\/fitshaker.sk\/eshop\/cs\/wp-json\/wp\/v2\/product_tag?post=166944"}],"curies":[{"name":"wp","href":"https:\/\/api.w.org\/{rel}","templated":true}]}}