{"id":164897,"date":"2024-11-15T08:43:01","date_gmt":"2024-11-15T07:43:01","guid":{"rendered":"https:\/\/fitshaker.sk\/eshop\/?post_type=product&#038;p=164897"},"modified":"2026-04-15T19:11:47","modified_gmt":"2026-04-15T17:11:47","slug":"mikulassky-lyo-balicek","status":"publish","type":"product","link":"https:\/\/fitshaker.sk\/eshop\/cs\/produkt\/mikulassky-lyo-balicek","title":{"rendered":"LYO bal\u00ed\u010dek"},"content":{"rendered":"<p><strong>Vybrali sme to NAJob\u013e\u00fabenej\u0161ie z v\u00e1\u0161ho NAJob\u013e\u00fabenej\u0161ieho LYO ovocia.<\/strong><br \/>\nChrumkav\u00e9 ovocie (nielen) v \u010dokol\u00e1de sme spojili do jedn\u00e9ho bal\u00ed\u010dka za zv\u00fdhodnen\u00fa cenu \ud83c\udf89.<\/p>\n<p>MIX Lyo ovocia v \u010dokol\u00e1de a jedna ovocn\u00e1 SNACKNUTKU s Lyo malinami pre milovn\u00edkom ovocia aj v chladnej\u0161\u00edch d\u0148och.<\/p>\n<p>V\u0161etky tieto zdrav\u00e9 ma\u0161krty n\u00e1jde\u0161 v par\u00e1dnom bal\u00ed\u010dku za zv\u00fdhodnen\u00fa cenu \ud83c\udf89.<\/p>\n<p><strong>Bal\u00ed\u010dek obsahuje:<\/strong><br \/>\n1x <a href=\"https:\/\/fitshaker.sk\/eshop\/produkt\/lyofilizovane-visne-v-horkej-cokolade-50-g\">Lyofilizovan\u00e9 vi\u0161ne v horkej \u010dokol\u00e1de 50 g<\/a><br \/>\n1x <a href=\"https:\/\/fitshaker.sk\/eshop\/produkt\/lyofilizovane-cernice-v-mliecnej-cokolade-so-skoricou-50-g\">Lyofilizovan\u00e9 \u010dernice v mlie\u010dnej \u010dokol\u00e1de so \u0161koricou 50 g<\/a><br \/>\n1x <a href=\"https:\/\/fitshaker.sk\/eshop\/produkt\/lyofilizovane-banany-v-mliecnej-cokolade-50-g\">Lyofilizovan\u00e9 ban\u00e1ny v mlie\u010dnej \u010dokol\u00e1de 50 g<\/a><br \/>\n1x <a href=\"https:\/\/fitshaker.sk\/eshop\/produkt\/lyofilizovane-ovocie-mango-jahoda-mandarinka-100-g\">Lyofilizovan\u00e9 ovocie \u2013 mango, jahoda, mandar\u00ednka 100 g<\/a><br \/>\n1x <a href=\"https:\/\/fitshaker.sk\/eshop\/produkt\/snacknutka-marhula-a-malina-50-g\">Snacknutka Marhu\u013ea a malina 50 g<\/a><br \/>\n______________________________________________<br \/>\n<strong>Celkovo u\u0161etr\u00ed\u0161 17 %!<\/strong><\/p>\n","protected":false},"excerpt":{"rendered":"<p><strong>Vybrali sme to NAJob\u013e\u00fabenej\u0161ie z v\u00e1\u0161ho NAJob\u013e\u00fabenej\u0161ieho LYO ovocia.<\/strong><\/p>\n","protected":false},"featured_media":164896,"comment_status":"open","ping_status":"closed","template":"","meta":{"_acf_changed":false},"product_cat":[251],"product_tag":[],"bundle_layout":"","bundled_by":[],"bundled_items":[],"acf":[],"_links":{"self":[{"href":"https:\/\/fitshaker.sk\/eshop\/cs\/wp-json\/wp\/v2\/product\/164897"}],"collection":[{"href":"https:\/\/fitshaker.sk\/eshop\/cs\/wp-json\/wp\/v2\/product"}],"about":[{"href":"https:\/\/fitshaker.sk\/eshop\/cs\/wp-json\/wp\/v2\/types\/product"}],"replies":[{"embeddable":true,"href":"https:\/\/fitshaker.sk\/eshop\/cs\/wp-json\/wp\/v2\/comments?post=164897"}],"wp:featuredmedia":[{"embeddable":true,"href":"https:\/\/fitshaker.sk\/eshop\/cs\/wp-json\/wp\/v2\/media\/164896"}],"wp:attachment":[{"href":"https:\/\/fitshaker.sk\/eshop\/cs\/wp-json\/wp\/v2\/media?parent=164897"}],"wp:term":[{"taxonomy":"product_cat","embeddable":true,"href":"https:\/\/fitshaker.sk\/eshop\/cs\/wp-json\/wp\/v2\/product_cat?post=164897"},{"taxonomy":"product_tag","embeddable":true,"href":"https:\/\/fitshaker.sk\/eshop\/cs\/wp-json\/wp\/v2\/product_tag?post=164897"}],"curies":[{"name":"wp","href":"https:\/\/api.w.org\/{rel}","templated":true}]}}