{"id":164888,"date":"2024-11-15T07:54:16","date_gmt":"2024-11-15T06:54:16","guid":{"rendered":"https:\/\/fitshaker.sk\/eshop\/?post_type=product&#038;p=164888"},"modified":"2026-04-15T19:12:50","modified_gmt":"2026-04-15T17:12:50","slug":"mikulassky-balicek-bestsellerov","status":"publish","type":"product","link":"https:\/\/fitshaker.sk\/eshop\/cs\/produkt\/mikulassky-balicek-bestsellerov","title":{"rendered":"Bal\u00ed\u010dek sladk\u00fdch bestsellerov"},"content":{"rendered":"<p><strong>Vybrali sme to NAJob\u013e\u00fabenej\u0161ie z v\u00e1\u0161ho NAJob\u013e\u00fabenej\u0161ieho.<\/strong><br \/>\nV\u0161etky sladk\u00e9 a zdrav\u00e9 bestsellery n\u00e1jde\u0161 v tomto \u00fa\u017easnom bal\u00ed\u010dku za zv\u00fdhodnen\u00fa cenu \ud83c\udf89.<\/p>\n<p><strong>Bal\u00ed\u010dek obsahuje:<\/strong><br \/>\n1x <a href=\"https:\/\/fitshaker.sk\/eshop\/produkt\/snacknutka-kesu-a-kokos-vegan-protein-50-g\">Snacknutka Ke\u0161u a kokos (VEGAN PROTEIN) 50 g<\/a><br \/>\n1x <a href=\"https:\/\/fitshaker.sk\/eshop\/produkt\/snacknutka-lieskove-oriesky-a-cokolada-54-g\">Snacknutka Lieskov\u00e9 orie\u0161ky a \u010dokol\u00e1da 54 g<\/a><br \/>\n1x <a href=\"https:\/\/fitshaker.sk\/eshop\/produkt\/granola-maliny-karob-300-g\">Granola \u2013 maliny, karob 300 g<\/a><br \/>\n1x <a href=\"https:\/\/fitshaker.sk\/eshop\/produkt\/lyofilizovane-jahody-v-horkej-cokolade-50-g\">Lyofilizovan\u00e9 jahody v horkej \u010dokol\u00e1de 50 g<\/a><br \/>\n1x <a href=\"https:\/\/fitshaker.sk\/eshop\/produkt\/lyofilizovane-maliny-v-mliecnej-cokolade-50-g\">Lyofilizovan\u00e9 maliny v mlie\u010dnej \u010dokol\u00e1de 50 g<\/a><br \/>\n1x <a href=\"https:\/\/fitshaker.sk\/eshop\/produkt\/lyofilizovane-ovocie-mango-ananas-50-g\">Lyofilizovan\u00e9 \u2013 mango, anan\u00e1s 50 g<\/a><br \/>\n______________________________________________<br \/>\n<strong>Celkovo u\u0161etr\u00ed\u0161 17 %!<\/strong><\/p>\n","protected":false},"excerpt":{"rendered":"<p><strong>Vybrali sme to NAJob\u013e\u00fabenej\u0161ie z v\u00e1\u0161ho NAJob\u013e\u00fabenej\u0161ieho.<\/strong><\/p>\n","protected":false},"featured_media":164894,"comment_status":"open","ping_status":"closed","template":"","meta":{"_acf_changed":false},"product_cat":[251],"product_tag":[],"bundle_layout":"","bundled_by":[],"bundled_items":[],"acf":[],"_links":{"self":[{"href":"https:\/\/fitshaker.sk\/eshop\/cs\/wp-json\/wp\/v2\/product\/164888"}],"collection":[{"href":"https:\/\/fitshaker.sk\/eshop\/cs\/wp-json\/wp\/v2\/product"}],"about":[{"href":"https:\/\/fitshaker.sk\/eshop\/cs\/wp-json\/wp\/v2\/types\/product"}],"replies":[{"embeddable":true,"href":"https:\/\/fitshaker.sk\/eshop\/cs\/wp-json\/wp\/v2\/comments?post=164888"}],"wp:featuredmedia":[{"embeddable":true,"href":"https:\/\/fitshaker.sk\/eshop\/cs\/wp-json\/wp\/v2\/media\/164894"}],"wp:attachment":[{"href":"https:\/\/fitshaker.sk\/eshop\/cs\/wp-json\/wp\/v2\/media?parent=164888"}],"wp:term":[{"taxonomy":"product_cat","embeddable":true,"href":"https:\/\/fitshaker.sk\/eshop\/cs\/wp-json\/wp\/v2\/product_cat?post=164888"},{"taxonomy":"product_tag","embeddable":true,"href":"https:\/\/fitshaker.sk\/eshop\/cs\/wp-json\/wp\/v2\/product_tag?post=164888"}],"curies":[{"name":"wp","href":"https:\/\/api.w.org\/{rel}","templated":true}]}}