{"id":162922,"date":"2024-10-24T14:22:49","date_gmt":"2024-10-24T12:22:49","guid":{"rendered":"https:\/\/fitshaker.sk\/eshop\/cs\/?post_type=product&#038;p=162922"},"modified":"2026-03-24T21:25:10","modified_gmt":"2026-03-24T20:25:10","slug":"joga-bloky-korkove","status":"publish","type":"product","link":"https:\/\/fitshaker.sk\/eshop\/cs\/produkt\/joga-bloky-korkove","title":{"rendered":"Joga bloky \u2013 korkov\u00e9 (2ks)"},"content":{"rendered":"<p><strong>Joga bloky a ich v\u00fdhody:<\/strong><\/p>\n<p>\u2022 Ide\u00e1lne pri cvi\u010den\u00ed jogy, pilatesu, pri rovnov\u00e1\u017enych cvi\u010deniach alebo stre\u010dingu.<br \/>\n\u2022 Pom\u00f4cka na cvi\u010denie, ktor\u00e1 dok\u00e1\u017ee zlep\u0161i\u0165 stabilitu pri balan\u010dn\u00fdch poz\u00edci\u00e1ch.<br \/>\n\u2022 Postupne pom\u00e1ha predl\u017eova\u0165 rozsah poz\u00edci\u00ed, otv\u00e1ranie a na\u0165ahovanie.<\/p>\n<p><strong><a href=\"https:\/\/fitshaker.sk\/eshop\/produkt\/joga-bloky-penove\">Fitshaker foam blocks<\/a>:<\/strong> penov\u00e9 joga bloky s\u00fa \u013eahk\u00e9 a prenosn\u00e9, ide\u00e1lne na cesty\/skupinov\u00e9 cvi\u010denia mimo domu. S\u00fa tie\u017e cenovo dostupnej\u0161\u00edm variantom.<br \/>\n<strong>Fitshaker corck blocks:<\/strong> korkov\u00e9 joga bloky s\u00fa \u0165a\u017e\u0161ie, ale pevnej\u0161ie a odolnej\u0161ie vo\u010di po\u0161kodeniu. Skvel\u00e9, ak cvi\u010d\u00ed\u0161 doma a chce\u0161 \u201einvestova\u0165\u201c do jednej pom\u00f4cky, ktor\u00e1 \u0165a doslova podr\u017e\u00ed ve\u013emi dlho.<\/p>\n<p><strong>Korkov\u00e9 joga bloky (2 ks v balen\u00ed):<\/strong><\/p>\n<p>\u2022 rozmery: 23 x 15 x 10 cm,<br \/>\n\u2022 materi\u00e1l: korok,<br \/>\n\u2022 ne\u0161m\u00fdka sa,<br \/>\n\u2022 korok je tvrd\u0161\u00ed a pevnej\u0161\u00ed materi\u00e1l ako pena a m\u00e1 e\u0161te dlh\u0161iu \u017eivotnos\u0165,<br \/>\n\u2022 korkov\u00e9 joga bloky maj\u00fa zaoblen\u00e9 hrany a rohy na pohodln\u00e9 uchopenie.<\/p>\n","protected":false},"excerpt":{"rendered":"<p>Stabiln\u00e9, pevn\u00e9 a odoln\u00e9 korkov\u00e9 bloky na jogu s\u00fa ide\u00e1lnou vo\u013ebou na dom\u00e1ce cvi\u010denie. Podr\u017eia \u0165a v ka\u017edej poz\u00edcii a vydr\u017eia naozaj dlho. Balenie obsahuje 2 ks.<\/p>\n","protected":false},"featured_media":162989,"comment_status":"open","ping_status":"closed","template":"","meta":{"_acf_changed":false},"product_cat":[215],"product_tag":[],"bundle_layout":"","bundled_by":[],"bundled_items":[],"acf":[],"_links":{"self":[{"href":"https:\/\/fitshaker.sk\/eshop\/cs\/wp-json\/wp\/v2\/product\/162922"}],"collection":[{"href":"https:\/\/fitshaker.sk\/eshop\/cs\/wp-json\/wp\/v2\/product"}],"about":[{"href":"https:\/\/fitshaker.sk\/eshop\/cs\/wp-json\/wp\/v2\/types\/product"}],"replies":[{"embeddable":true,"href":"https:\/\/fitshaker.sk\/eshop\/cs\/wp-json\/wp\/v2\/comments?post=162922"}],"wp:featuredmedia":[{"embeddable":true,"href":"https:\/\/fitshaker.sk\/eshop\/cs\/wp-json\/wp\/v2\/media\/162989"}],"wp:attachment":[{"href":"https:\/\/fitshaker.sk\/eshop\/cs\/wp-json\/wp\/v2\/media?parent=162922"}],"wp:term":[{"taxonomy":"product_cat","embeddable":true,"href":"https:\/\/fitshaker.sk\/eshop\/cs\/wp-json\/wp\/v2\/product_cat?post=162922"},{"taxonomy":"product_tag","embeddable":true,"href":"https:\/\/fitshaker.sk\/eshop\/cs\/wp-json\/wp\/v2\/product_tag?post=162922"}],"curies":[{"name":"wp","href":"https:\/\/api.w.org\/{rel}","templated":true}]}}