{"id":162862,"date":"2024-10-23T10:43:56","date_gmt":"2024-10-23T08:43:56","guid":{"rendered":"https:\/\/fitshaker.sk\/eshop\/?post_type=product&#038;p=162862"},"modified":"2024-11-27T11:09:28","modified_gmt":"2024-11-27T10:09:28","slug":"poistenie-zasielky","status":"publish","type":"product","link":"https:\/\/fitshaker.sk\/eshop\/cs\/produkt\/poistenie-zasielky","title":{"rendered":"Poistenie z\u00e1sielky"},"content":{"rendered":"<div class=\"fs-checkout-service-wrapper\"><span class=\"fs-checkout-service-description\">V pr\u00edpade po\u0161kodenia alebo straty z\u00e1sielky v\u00e1m obratom po\u0161leme nov\u00fa z\u00e1sielku.<\/span><\/div>\n","protected":false},"excerpt":{"rendered":"<p>V pr\u00edpade po\u0161kodenia alebo straty z\u00e1sielky v\u00e1m obratom po\u0161leme nov\u00fa z\u00e1sielku.<\/p>\n","protected":false},"featured_media":0,"comment_status":"open","ping_status":"closed","template":"","meta":{"_acf_changed":false},"product_cat":[15],"product_tag":[],"bundle_layout":"","bundled_by":[],"bundled_items":[],"acf":[],"_links":{"self":[{"href":"https:\/\/fitshaker.sk\/eshop\/cs\/wp-json\/wp\/v2\/product\/162862"}],"collection":[{"href":"https:\/\/fitshaker.sk\/eshop\/cs\/wp-json\/wp\/v2\/product"}],"about":[{"href":"https:\/\/fitshaker.sk\/eshop\/cs\/wp-json\/wp\/v2\/types\/product"}],"replies":[{"embeddable":true,"href":"https:\/\/fitshaker.sk\/eshop\/cs\/wp-json\/wp\/v2\/comments?post=162862"}],"wp:attachment":[{"href":"https:\/\/fitshaker.sk\/eshop\/cs\/wp-json\/wp\/v2\/media?parent=162862"}],"wp:term":[{"taxonomy":"product_cat","embeddable":true,"href":"https:\/\/fitshaker.sk\/eshop\/cs\/wp-json\/wp\/v2\/product_cat?post=162862"},{"taxonomy":"product_tag","embeddable":true,"href":"https:\/\/fitshaker.sk\/eshop\/cs\/wp-json\/wp\/v2\/product_tag?post=162862"}],"curies":[{"name":"wp","href":"https:\/\/api.w.org\/{rel}","templated":true}]}}