{"id":159138,"date":"2024-09-02T16:14:55","date_gmt":"2024-09-02T14:14:55","guid":{"rendered":"https:\/\/fitshaker.sk\/eshop\/?post_type=product&#038;p=159138"},"modified":"2026-03-30T20:15:32","modified_gmt":"2026-03-30T18:15:32","slug":"fitlopta","status":"publish","type":"product","link":"https:\/\/fitshaker.sk\/eshop\/cs\/produkt\/fitlopta","title":{"rendered":"Fitlopta 55\/65\/75 cm"},"content":{"rendered":"<p><strong>Proti\u0161mykov\u00e1 elastick\u00e1 lopta je vyroben\u00e1 z m\u00e4k\u010den\u00e9ho polyvinylchloridu. Je zabezpe\u010den\u00e1 proti n\u00e1hlemu prasknutiu. S\u00fa\u010das\u0165ou balenia je aj pumpa<\/strong> s viacer\u00fdmi n\u00e1sadkami na nafukovanie l\u00f4pt a in\u00fdch nafukovac\u00edch potrieb.<\/p>\n<p><strong>Ak\u00e9 s\u00fa v\u00fdhody fitlopty?<\/strong><br \/>\n\u2022 Je vhodn\u00e1 pre \u013eud\u00ed v ka\u017edom veku, preto\u017ee preva\u017en\u00e1 v\u00e4\u010d\u0161ina cvikov neza\u0165a\u017euje nosn\u00e9 k\u013aby.<br \/>\n\u2022 D\u00e1 sa vyu\u017ei\u0165 na rehabilit\u00e1ciu, ako i na kondi\u010dn\u00e9 cvi\u010denia.<br \/>\n\u2022 Je to alternat\u00edva k statick\u00e9mu sedeniu na kancel\u00e1rskych stoli\u010dk\u00e1ch. Dynamick\u00fdm sedom sa posil\u0148uj\u00fa bru\u0161n\u00e9 svaly, chrbtov\u00e9 svaly, od\u013eah\u010duj\u00fa sa platni\u010dky a stavce, zlep\u0161uje sa postoj tela a je vhodnou prevenciou po\u0161kodenia chrbtice.<\/p>\n<p><strong>K dispoz\u00edcii s\u00fa 3 ve\u013ekosti fitlopty pod\u013ea v\u00fd\u0161ky os\u00f4b.<\/strong><\/p>\n<p><strong>Priemer fitlopty\/v\u00fd\u0161ka osoby\/farba fitlopty<\/strong><br \/>\n\u2022 55 cm\/150 cm \u2013 165 cm\/fialov\u00e1<br \/>\n\u2022 65 cm\/165 cm \u2013 170 cm\/svetlooran\u017eov\u00e1<br \/>\n\u2022 75 cm\/171 cm \u2013 175 cm\/tmavooran\u017eov\u00e1<\/p>\n<p><strong>Nosnos\u0165: do 150 kg<\/strong><\/p>\n<p><strong>In\u0161trukcie na naf\u00fakanie fitlopty:<\/strong><br \/>\n1. Na naf\u00fakanie pou\u017eite pumpu prilo\u017een\u00fa v krabici.<br \/>\n2. Loptu pr\u00edli\u0161 nenafukujte, aby nedo\u0161lo k jej po\u0161kodeniu. Naf\u00faknite ju do jej maxim\u00e1lneho priemeru.<br \/>\n3. Pred naf\u00faknut\u00edm lopty sa uistite, \u017ee v otvore nie je uz\u00e1ver. Ak tam uz\u00e1ver je, opatrne ho vyberte.<br \/>\n4. Ke\u010f lopta dosiahne svoju optim\u00e1lnu ve\u013ekos\u0165, vyberte \u0161pi\u010dku pumpy z otvoru a okam\u017eite k nemu prilo\u017ete prst, aby ste zabr\u00e1nili \u00faniku vzduchu z lopty.<br \/>\n5. Nakoniec do otvoru vlo\u017ete uz\u00e1ver.<\/p>\n<style>.embed-container { position: relative; padding-bottom: 56.25%; height: 0; overflow: hidden; max-width: 100%; } .embed-container iframe, .embed-container object, .embed-container embed { position: absolute; top: 0; left: 0; width: 100%; height: 100%; }<\/style>\n<div class=\"embed-container\"><iframe src=\"https:\/\/youtube.be\/embed\/AhkGd6m7TF8\" frameborder=\"0\" allowfullscreen=\"allowfullscreen\"><span data-mce-type=\"bookmark\" style=\"display: inline-block; width: 0px; overflow: hidden; line-height: 0;\" class=\"mce_SELRES_start\">\ufeff<\/span><\/iframe><\/div>\n","protected":false},"excerpt":{"rendered":"<p>Fitlopta je v\u00fdbornou pom\u00f4ckou na dom\u00e1ce <strong>cvi\u010denie, rehabilit\u00e1cie \u010di fyzioterapiu<\/strong> v dom\u00e1com prostred\u00ed alebo <strong>alternat\u00edvou pri sedavej pr\u00e1ci za po\u010d\u00edta\u010dom. <\/strong>K dispoz\u00edcii je <strong>v 3 r\u00f4znych ve\u013ekostiach pre r\u00f4zne v\u00fd\u0161ky postavy.<\/strong><\/p>\n","protected":false},"featured_media":162581,"comment_status":"open","ping_status":"closed","template":"","meta":{"_acf_changed":false},"product_cat":[215],"product_tag":[],"bundle_layout":"","bundled_by":[],"bundled_items":[],"acf":[],"_links":{"self":[{"href":"https:\/\/fitshaker.sk\/eshop\/cs\/wp-json\/wp\/v2\/product\/159138"}],"collection":[{"href":"https:\/\/fitshaker.sk\/eshop\/cs\/wp-json\/wp\/v2\/product"}],"about":[{"href":"https:\/\/fitshaker.sk\/eshop\/cs\/wp-json\/wp\/v2\/types\/product"}],"replies":[{"embeddable":true,"href":"https:\/\/fitshaker.sk\/eshop\/cs\/wp-json\/wp\/v2\/comments?post=159138"}],"wp:featuredmedia":[{"embeddable":true,"href":"https:\/\/fitshaker.sk\/eshop\/cs\/wp-json\/wp\/v2\/media\/162581"}],"wp:attachment":[{"href":"https:\/\/fitshaker.sk\/eshop\/cs\/wp-json\/wp\/v2\/media?parent=159138"}],"wp:term":[{"taxonomy":"product_cat","embeddable":true,"href":"https:\/\/fitshaker.sk\/eshop\/cs\/wp-json\/wp\/v2\/product_cat?post=159138"},{"taxonomy":"product_tag","embeddable":true,"href":"https:\/\/fitshaker.sk\/eshop\/cs\/wp-json\/wp\/v2\/product_tag?post=159138"}],"curies":[{"name":"wp","href":"https:\/\/api.w.org\/{rel}","templated":true}]}}