{"id":156244,"date":"2024-07-29T13:57:28","date_gmt":"2024-07-29T11:57:28","guid":{"rendered":"https:\/\/fitshaker.sk\/eshop\/?post_type=product&#038;p=156244"},"modified":"2026-04-06T20:27:01","modified_gmt":"2026-04-06T18:27:01","slug":"sportova-taska","status":"publish","type":"product","link":"https:\/\/fitshaker.sk\/eshop\/cs\/produkt\/sportova-taska","title":{"rendered":"\u0160portov\u00e1 ta\u0161ka Fitshaker"},"content":{"rendered":"<p>Cvi\u010d\u00ed\u0161, mak\u00e1\u0161, beh\u00e1\u0161, \u0161portuje\u0161? A\u00a0k tomu aj cestuje\u0161? \u010co ti teda nesmie ch\u00fdba\u0165 \ud83d\ude09?<\/p>\n<p>Predsa \u0161portov\u00e1 ta\u0161ka so skvel\u00fdmi vychyt\u00e1vkami, kde sa ti zmest\u00ed v\u0161etko potrebn\u00e9, ke\u010f chce\u0161 vybehn\u00fa\u0165 cvi\u010di\u0165 mimo domu. A v pohode do nej zbal\u00ed\u0161 aj v\u0161etko na kr\u00e1tky v\u00fdlet \u010di v\u00edkendovku.<\/p>\n<p><strong>\u010c\u00edm je na\u0161a Fitshaker ta\u0161ka zauj\u00edmav\u00e1?<\/strong><\/p>\n<ul>\n<li>M\u00e1 ide\u00e1lnu ve\u013ekos\u0165. Ani ve\u013ek\u00e1, ani mal\u00e1 \ud83d\ude42.<\/li>\n<li>Obsahuje dr\u017eiak na jogamatku.<\/li>\n<li>M\u00e1 pogumovan\u00fd oddelen\u00fd priestor na top\u00e1nky a mokr\u00e9 oble\u010denie alebo uter\u00e1k.<\/li>\n<li>Samostatne oddelen\u00fd hlavn\u00fd priestor na \u010dist\u00e9 oble\u010denie alebo pom\u00f4cky na cvi\u010denie.<\/li>\n<li>M\u00e1 2 dr\u017eadl\u00e1 na chytenie do ruky, ale aj popruh na prehodenie cez plece.<\/li>\n<li>K dispoz\u00edcii je v 2 ob\u013e\u00faben\u00fdch farb\u00e1ch \u2013 \u010diernej a fialovej.<\/li>\n<\/ul>\n<p><strong>Rozmery (\u0160 x V x D): 49 cm x 24 cm x 25 cm<\/strong><\/p>\n","protected":false},"excerpt":{"rendered":"<p>H\u013ead\u00e1\u0161 praktick\u00fa a \u0161t\u00fdlov\u00fa ta\u0161ku, ktor\u00e1 \u0165a bude sprev\u00e1dza\u0165 pri ka\u017edom tr\u00e9ningu aj v\u00fdlete? Na\u0161a Fitshaker \u0161portov\u00e1 ta\u0161ka m\u00e1 perfektn\u00fa ve\u013ekos\u0165, \u0161ikovn\u00fd dr\u017eiak na jogamatku, oddelen\u00fd priestor na top\u00e1nky \u010di mokr\u00e9 veci a pohodlne sa nos\u00ed v ruke aj cez plece. Skr\u00e1tka \u2013 v\u0161etko, \u010do akt\u00edvna \u017eena potrebuje na jednom mieste!<\/p>\n","protected":false},"featured_media":162529,"comment_status":"open","ping_status":"closed","template":"","meta":{"_acf_changed":false},"product_cat":[215],"product_tag":[],"bundle_layout":"","bundled_by":[],"bundled_items":[],"acf":[],"_links":{"self":[{"href":"https:\/\/fitshaker.sk\/eshop\/cs\/wp-json\/wp\/v2\/product\/156244"}],"collection":[{"href":"https:\/\/fitshaker.sk\/eshop\/cs\/wp-json\/wp\/v2\/product"}],"about":[{"href":"https:\/\/fitshaker.sk\/eshop\/cs\/wp-json\/wp\/v2\/types\/product"}],"replies":[{"embeddable":true,"href":"https:\/\/fitshaker.sk\/eshop\/cs\/wp-json\/wp\/v2\/comments?post=156244"}],"wp:featuredmedia":[{"embeddable":true,"href":"https:\/\/fitshaker.sk\/eshop\/cs\/wp-json\/wp\/v2\/media\/162529"}],"wp:attachment":[{"href":"https:\/\/fitshaker.sk\/eshop\/cs\/wp-json\/wp\/v2\/media?parent=156244"}],"wp:term":[{"taxonomy":"product_cat","embeddable":true,"href":"https:\/\/fitshaker.sk\/eshop\/cs\/wp-json\/wp\/v2\/product_cat?post=156244"},{"taxonomy":"product_tag","embeddable":true,"href":"https:\/\/fitshaker.sk\/eshop\/cs\/wp-json\/wp\/v2\/product_tag?post=156244"}],"curies":[{"name":"wp","href":"https:\/\/api.w.org\/{rel}","templated":true}]}}