{"id":155851,"date":"2025-04-24T12:32:55","date_gmt":"2025-04-24T10:32:55","guid":{"rendered":"https:\/\/fitshaker-eshop-prod.goodrequest.dev\/eshop\/?post_type=product&#038;p=155851"},"modified":"2026-04-20T08:38:10","modified_gmt":"2026-04-20T06:38:10","slug":"granola-arasidovy-krem-mandle-kesu-400-g","status":"publish","type":"product","link":"https:\/\/fitshaker.sk\/eshop\/cs\/produkt\/granola-arasidovy-krem-mandle-kesu-400-g","title":{"rendered":"Granola \u2013 ara\u0161idov\u00fd kr\u00e9m, mandle, ke\u0161u 400 g"},"content":{"rendered":"<p><img loading=\"lazy\" decoding=\"async\" class=\"alignright wp-image-148259\" src=\"https:\/\/fitshaker.sk\/eshop\/wp-content\/uploads\/2024\/05\/Granola-orechova-e1739369709703.jpg\" alt=\"mandle-kesu-hrozienka\" width=\"731\" height=\"500\" srcset=\"https:\/\/fitshaker.sk\/eshop\/wp-content\/uploads\/2024\/05\/Granola-orechova-e1739369709703.jpg 1128w, https:\/\/fitshaker.sk\/eshop\/wp-content\/uploads\/2024\/05\/Granola-orechova-e1739369709703-350x240.jpg 350w, https:\/\/fitshaker.sk\/eshop\/wp-content\/uploads\/2024\/05\/Granola-orechova-e1739369709703-595x407.jpg 595w, https:\/\/fitshaker.sk\/eshop\/wp-content\/uploads\/2024\/05\/Granola-orechova-e1739369709703-385x263.jpg 385w, https:\/\/fitshaker.sk\/eshop\/wp-content\/uploads\/2024\/05\/Granola-orechova-e1739369709703-768x526.jpg 768w, https:\/\/fitshaker.sk\/eshop\/wp-content\/uploads\/2024\/05\/Granola-orechova-e1739369709703-450x308.jpg 450w\" sizes=\"(max-width: 731px) 100vw, 731px\" \/><\/p>\n<p>\u010c\u00edm je Fitshaker granola v\u00fdnimo\u010dn\u00e1?<\/p>\n<ul>\n<li><strong>je extr\u00e9mne chutn\u00e1,<\/strong><\/li>\n<li><strong>chrumkav\u00e1 <\/strong>(ale nie tvrd\u00e1! \ud83d\ude09),<\/li>\n<li><strong>pln\u00e1 zdrav\u00fdch a hodnotn\u00fdch surov\u00edn,<\/strong><\/li>\n<li><strong>bez pridan\u00e9ho cukru \u2013<\/strong> sladen\u00e1 dat\u013eov\u00fdm sirupom a moru\u0161ou,<\/li>\n<li><strong>bez pridan\u00fdch konzerva\u010dn\u00fdch l\u00e1tok,<\/strong><\/li>\n<li><strong>r\u00fdchlo poruke <\/strong><strong>\ud83d\ude42.<\/strong><\/li>\n<\/ul>\n<p>&nbsp;<\/p>\n<h3>Zlo\u017eenie:<\/h3>\n<p>bezglut\u00e9nov\u00e9 <strong>ovsen\u00e9 <\/strong>vlo\u010dky 45,5 %<br \/>\n<strong>ara\u0161idov\u00fd<\/strong> kr\u00e9m pra\u017een\u00fd 13,6 %<br \/>\ndat\u013eov\u00fd sirup, <strong>mandle<\/strong> 4,5 %<br \/>\norechy <strong>ke\u0161u<\/strong> 4,5 %<br \/>\nkokosov\u00fd olej<br \/>\nkokosov\u00e9 lupienky 4 %<br \/>\ndatle (95 % su\u0161en\u00e9 datle, 5 % ry\u017eov\u00e1 m\u00faka)*<br \/>\nmoru\u0161a biela su\u0161en\u00e1<br \/>\nhrozienka (su\u0161en\u00e9 hrozienka, slne\u010dnicov\u00fd olej)<br \/>\nslne\u010dnicov\u00e9 semienka<br \/>\nhimal\u00e1jska so\u013e ru\u017eov\u00e1<\/p>\n<p><em>*Biele \u0161kvrny na datliach nie s\u00fa vadou. Je to ry\u017eov\u00e1 m\u00faka, ktor\u00e1 sa do datl\u00ed prid\u00e1va, aby sa k\u00fasky datl\u00ed nelepili.<\/em><\/p>\n<p><strong>M\u00f4\u017ee obsahova\u0165 in\u00e9 orechy.<\/strong><\/p>\n<p>&nbsp;<\/p>\n<h3>V\u00fd\u017eivov\u00e9 \u00fadaje na 100 g:<\/h3>\n<p>energia 1 833 kJ\/438 kcal; tuky 22,3 g, z toho nas\u00fdten\u00e9 mastn\u00e9 kyseliny 8,5 g; sacharidy 51 g, z toho cukry 17 g; vl\u00e1knina 7,6 g; bielkoviny 12,2 g; so\u013e 0,6 g.<\/p>\n<p>&nbsp;<\/p>\n<p><strong>Pr\u00edprava:<\/strong> Granola v\u00fdborne chut\u00ed samostatne bez \u00fapravy alebo si ju m\u00f4\u017eete nasypa\u0165 do misky a zalia\u0165 mliekom alebo jogurtom.<\/p>\n<p><strong>Skladovanie: <\/strong>Skladujte v suchu, pri teplote do +25 \u02daC a chr\u00e1\u0148te pred priamym slne\u010dn\u00fdm \u017eiaren\u00edm. Obal v\u017edy dobre uzatvorte. Spotrebujte do 1 mesiaca od otvorenia.<\/p>\n<p>&nbsp;<\/p>\n<p><strong>Vyroben\u00e9 v \u010ceskej republike.<\/strong><\/p>\n<p><strong>Krajina p\u00f4vodu z\u00e1kladnej zlo\u017eky <\/strong>(bezglut\u00e9nov\u00e9<strong> ovsen\u00e9 <\/strong>vlo\u010dky): <strong>E\u00da. <\/strong><\/p>\n<p><strong>400 g<\/strong><\/p>\n","protected":false},"excerpt":{"rendered":"<p>Zapekan\u00e9 m\u00fcsli s ara\u0161idov\u00fdm kr\u00e9mom, su\u0161en\u00fdm ovoc\u00edm (9 %) a orechmi.<\/p>\n<p>Skvel\u00fd variant zdrav\u00fdch ra\u0148ajok, desiatej alebo r\u00fdchleho snacku na cesty.<\/p>\n<p>&nbsp;<\/p>\n<p><img loading=\"lazy\" decoding=\"async\" class=\"alignnone wp-image-171104\" src=\"https:\/\/fitshaker.sk\/eshop\/wp-content\/uploads\/2024\/12\/eshop-ikonky-produkty_Snacknutka-Marhula-a-malina-granoly.png\" alt=\"granola bez cukru\" width=\"557\" height=\"100\" srcset=\"https:\/\/fitshaker.sk\/eshop\/wp-content\/uploads\/2024\/12\/eshop-ikonky-produkty_Snacknutka-Marhula-a-malina-granoly.png 4914w, https:\/\/fitshaker.sk\/eshop\/wp-content\/uploads\/2024\/12\/eshop-ikonky-produkty_Snacknutka-Marhula-a-malina-granoly-350x63.png 350w, https:\/\/fitshaker.sk\/eshop\/wp-content\/uploads\/2024\/12\/eshop-ikonky-produkty_Snacknutka-Marhula-a-malina-granoly-595x107.png 595w, https:\/\/fitshaker.sk\/eshop\/wp-content\/uploads\/2024\/12\/eshop-ikonky-produkty_Snacknutka-Marhula-a-malina-granoly-385x69.png 385w, https:\/\/fitshaker.sk\/eshop\/wp-content\/uploads\/2024\/12\/eshop-ikonky-produkty_Snacknutka-Marhula-a-malina-granoly-768x138.png 768w, https:\/\/fitshaker.sk\/eshop\/wp-content\/uploads\/2024\/12\/eshop-ikonky-produkty_Snacknutka-Marhula-a-malina-granoly-1536x276.png 1536w, https:\/\/fitshaker.sk\/eshop\/wp-content\/uploads\/2024\/12\/eshop-ikonky-produkty_Snacknutka-Marhula-a-malina-granoly-2048x368.png 2048w, https:\/\/fitshaker.sk\/eshop\/wp-content\/uploads\/2024\/12\/eshop-ikonky-produkty_Snacknutka-Marhula-a-malina-granoly-450x81.png 450w\" sizes=\"(max-width: 557px) 100vw, 557px\" \/><\/p>\n","protected":false},"featured_media":162588,"comment_status":"open","ping_status":"closed","template":"","meta":{"_acf_changed":false},"product_cat":[213],"product_tag":[],"bundle_layout":"","bundled_by":[],"bundled_items":[],"acf":[],"_links":{"self":[{"href":"https:\/\/fitshaker.sk\/eshop\/cs\/wp-json\/wp\/v2\/product\/155851"}],"collection":[{"href":"https:\/\/fitshaker.sk\/eshop\/cs\/wp-json\/wp\/v2\/product"}],"about":[{"href":"https:\/\/fitshaker.sk\/eshop\/cs\/wp-json\/wp\/v2\/types\/product"}],"replies":[{"embeddable":true,"href":"https:\/\/fitshaker.sk\/eshop\/cs\/wp-json\/wp\/v2\/comments?post=155851"}],"wp:featuredmedia":[{"embeddable":true,"href":"https:\/\/fitshaker.sk\/eshop\/cs\/wp-json\/wp\/v2\/media\/162588"}],"wp:attachment":[{"href":"https:\/\/fitshaker.sk\/eshop\/cs\/wp-json\/wp\/v2\/media?parent=155851"}],"wp:term":[{"taxonomy":"product_cat","embeddable":true,"href":"https:\/\/fitshaker.sk\/eshop\/cs\/wp-json\/wp\/v2\/product_cat?post=155851"},{"taxonomy":"product_tag","embeddable":true,"href":"https:\/\/fitshaker.sk\/eshop\/cs\/wp-json\/wp\/v2\/product_tag?post=155851"}],"curies":[{"name":"wp","href":"https:\/\/api.w.org\/{rel}","templated":true}]}}